{"id":814,"date":"2020-12-16T19:06:01","date_gmt":"2020-12-16T18:06:01","guid":{"rendered":"https:\/\/www.gialdi.ch\/brand\/"},"modified":"2025-02-18T10:06:06","modified_gmt":"2025-02-18T09:06:06","slug":"marque","status":"publish","type":"page","link":"https:\/\/www.gialdi.ch\/fr\/marque\/","title":{"rendered":"Marque"},"content":{"rendered":"<section class=\"hero-header\" style=\"background-image:url('https:\/\/www.gialdi.ch\/wp-content\/uploads\/2022\/06\/MG_1143-scaled-e1655112894464.jpg');\" data-bkg=\"https:\/\/www.gialdi.ch\/wp-content\/uploads\/2022\/06\/MG_1143-scaled-e1655112894464.jpg\" data-bkg-md=\"https:\/\/www.gialdi.ch\/wp-content\/uploads\/2022\/06\/MG_1143-scaled-e1655112894464.jpg\">  \n\t<div>\n\t\t<div class=\"container\">\n\t\t\t<div class=\"row\">\n\t\t\t\t<div class=\"col-12\">\n\t\t\t\t\t<nav class=\"breadcrumb\"><span><span><a href=\"https:\/\/www.gialdi.ch\/fr\/\">Home<\/a><\/span><\/span><\/nav>\t\t\t\t<\/div>\n\t\t\t<\/div>\n\t\t<\/div>\n\t<\/div>\n<\/section>\n\n<section class=\"section-title\">\n\t<article class=\"section-article\">\n\t\t<div class=\"container\">\n\t\t\t<div class=\"row\">\n\t\t\t\t<div class=\"col-12 col-md-10 col-xl-8 mx-auto\">\n\t\t\t\t\t\t\t\t\t\t<h1>Marque<\/h1>\n\t\t\t\t\t\t\t\t\t\t\t\t\t\t\t<h2>\u201c\u00c0 chaque r\u00e9gion sa tradition, \u00e0 chaque r\u00e9gion son vin\u201d.<\/h2>\n\t\t\t\t\t\t\t\t\t\t\t\t\t\t\t<hr style=\"#BD9E55\">\n\t\t\t\t\t\t\t\t\t<\/div>\n\t\t\t<\/div>\n\t\t<\/div>\n\t<\/article>\n<\/section>\n\n<section class=\"mt-40\">\n\t<article class=\"section-article\">\n\t\t<div class=\"container\">\n\t\t\t<div class=\"row\">\n\t\t\t\t<div class=\"col-12 col-md-10 col-xl-8 mx-auto\">\n\t\t\t\t\t<p>Tous les vins produits par la Gialdi Vini s\u2019inspirent de ce principe, ils sont repr\u00e9sentatifs de chaque terroir et ils en conservent fortement l\u2019identit\u00e9. Les nombreux prix obtenus depuis des d\u00e9cennies priment l\u2019entreprise dans la fid\u00e9lit\u00e9 \u00e0 cette philosophie.<\/p>\n<p>Le vaste assortiment des vins Gialdi se compose de deux lignes de vins qui se diff\u00e9rencient par leurs caract\u00e9ristiques organoleptiques li\u00e9es au territoire de provenance des raisins.<\/p>\n\t\t\t\t<\/div>\n\t\t\t<\/div>\n\t\t\t\t\t<div class=\"row\">\n\t\t\t\t\t\t\t<div class=\"col-12 col-md-5 col-xl-4 twocols offset-md-1 offset-xl-2\">\n\t\t\t\t\t<p><img decoding=\"async\" class=\"logo wp-image-657 size-medium aligncenter\" src=\"https:\/\/www.gialdi.ch\/wp-content\/uploads\/2021\/05\/logo-gialdi.svg\" alt=\"Gialdi logo\" width=\"300\" height=\"300\" \/><\/p>\n\t\t\t\t<\/div>\n\t\t\t\t\t\t\t\t\t\t\t<div class=\"col-12 col-md-5 col-xl-4 twocols\">\n\t\t\t\t\t<p><img decoding=\"async\" class=\"logo aligncenter wp-image-653 size-thumbnail\" src=\"https:\/\/www.gialdi.ch\/wp-content\/uploads\/2021\/05\/logo-brivio.svg\" alt=\"Brivio logo\" width=\"150\" height=\"150\" \/><\/p>\n\t\t\t\t<\/div>\n\t\t\t\t\t\t\t\t\t\t<\/div>\n\t\t\t\t<\/div>\n\t<\/article>\n<\/section>\n\n<section class=\"beside-section\" style=\"background-color:#f8f4ed;\">\n\t<div>\n\t\t<div class=\"beside-content order-md-2 animate-scroll\" data-animations=\"animate__animated animate__fadeInUp delay10\">\n\t\t\t\t\t\t\t\t\t<p><img decoding=\"async\" class=\"logo alignnone wp-image-657 size-medium\" src=\"https:\/\/www.gialdi.ch\/wp-content\/uploads\/2021\/05\/logo-gialdi.svg\" alt=\"Gialdi logo\" width=\"300\" height=\"300\" \/><\/p>\n<p>La Ligne <strong>Gialdi<\/strong> propose pour la plus grande partie des vins obtenus de la vinification de raisins achet\u00e9s \u00e0 environs cent viticulteurs qui cultivent leurs vignes dans la r\u00e9gion des Tre Valli dans le Sopraceneri au Nord du Tessin.<br \/>\nLe sol sablonneux et tr\u00e8s drainant, conf\u00e8re \u00e0 ces vins des notes \u00e9pic\u00e9es et balsamiques, tandis que la pr\u00e9sence de roche de gneiss et granit conf\u00e8re \u00e0 ces vins \u201cdu Nord\u201d grande sapidit\u00e9 et un caract\u00e8re aust\u00e8re qui les rend en m\u00eame temps complexes, \u00e9quilibr\u00e9s et aptes au vieillissement.<\/p>\n\t\t\t\t\t\t\t\t\t\t\t\t<a href=\"https:\/\/shop.gialdi.ch\/fr\/ligne\/gialdi-fr\/\" class=\"btn\" target=\"_blank\">Vins Gialdi<\/a>\n\t\t\t\t\t<\/div>\n\t\t\t\t<div class=\"beside-image order-md-1\" style=\"background-image:url(https:\/\/www.gialdi.ch\/wp-content\/uploads\/2021\/05\/brand-gialdi-vigneti-main.jpg)\"><\/div>\t\t\n\t\t\t<\/div>\n<\/section>\n\n<section>\n\t<article class=\"section-article\">\n\t\t<div class=\"container\">\n\t\t\t<div class=\"row\">\n\t\t\t\t<div class=\"col-12 col-md-10 col-xl-8 mx-auto\">\n\t\t\t\t\t<p>L\u2019entreprise compte une trentaine d\u2019\u00e9tiquettes r\u00e9parties en parts \u00e9gales entre les deux lignes de production. Les vins sont produits dans le respect et la valorisation maximale de ces deux terroirs typiques et spectaculaires.<\/p>\n\t\t\t\t<\/div>\n\t\t\t<\/div>\n\t\t\t\t\t<div class=\"row\">\n\t\t\t\t\t\t\t<div class=\"col-12 col-md-5 col-xl-4 twocols offset-md-1 offset-xl-2\">\n\t\t\t\t\t\t\t\t\t<\/div>\n\t\t\t\t\t\t\t\t\t\t\t<div class=\"col-12 col-md-5 col-xl-4 twocols\">\n\t\t\t\t\t\t\t\t\t<\/div>\n\t\t\t\t\t\t\t\t\t\t<\/div>\n\t\t\t\t<\/div>\n\t<\/article>\n<\/section>\n\n<section class=\"beside-section\" style=\"background-color:#f8f4ed;\">\n\t<div>\n\t\t<div class=\"beside-content animate-scroll\" data-animations=\"animate__animated animate__fadeInUp delay10\">\n\t\t\t\t\t\t\t\t\t<p><img decoding=\"async\" class=\"logo alignnone wp-image-653\" src=\"https:\/\/www.gialdi.ch\/wp-content\/uploads\/2021\/05\/logo-brivio.svg\" alt=\"Brivio logo\" width=\"142\" height=\"86\" \/><\/p>\n<p>La Ligne <strong>Brivio<\/strong> se concentre sur la production de vins du Sud du Tessin. Les raisins sont achet\u00e9s \u00e0 environ quatre-vingt viticulteurs de la r\u00e9gion du Sottoceneri. Au sud les terrains sont calcaires, lourds et riches d\u2019argile et plus profonds par rapport au Sopraceneri. Les vins r\u00e9sultent de bon corps, moelleux et de grande finesse et \u00e9l\u00e9gance.<\/p>\n\t\t\t\t\t\t\t\t\t\t\t\t<a href=\"https:\/\/shop.gialdi.ch\/fr\/ligne\/brivio-fr\/\" class=\"btn\" target=\"_blank\">Vins Brivio<\/a>\n\t\t\t\t\t<\/div>\n\t\t\t\t<div class=\"beside-image\" style=\"background-image:url(https:\/\/www.gialdi.ch\/wp-content\/uploads\/2021\/05\/brand-brivio-vigneti-main.jpg)\"><\/div>\t\t\n\t\t\t<\/div>\n<\/section>","protected":false},"excerpt":{"rendered":"","protected":false},"author":1,"featured_media":0,"parent":0,"menu_order":0,"comment_status":"closed","ping_status":"closed","template":"","meta":{"_acf_changed":false,"inline_featured_image":false,"footnotes":""},"class_list":["post-814","page","type-page","status-publish","hentry"],"acf":[],"yoast_head":"<!-- This site is optimized with the Yoast SEO plugin v27.2 - https:\/\/yoast.com\/product\/yoast-seo-wordpress\/ -->\n<title>\u00c0 chaque r\u00e9gion sa tradition, \u00e0 chaque r\u00e9gion son vin - Marque - Gialdi<\/title>\n<meta name=\"description\" content=\"Le vaste assortiment des vins Gialdi se compose de deux lignes de vins qui se diff\u00e9rencient par leurs caract\u00e9ristiques organoleptiques li\u00e9es au territoire de provenance des raisins.\" \/>\n<meta name=\"robots\" content=\"index, follow, max-snippet:-1, max-image-preview:large, max-video-preview:-1\" \/>\n<link rel=\"canonical\" href=\"https:\/\/www.gialdi.ch\/fr\/marque\/\" \/>\n<meta property=\"og:locale\" content=\"fr_FR\" \/>\n<meta property=\"og:type\" content=\"article\" \/>\n<meta property=\"og:title\" content=\"\u00c0 chaque r\u00e9gion sa tradition, \u00e0 chaque r\u00e9gion son vin - Marque - Gialdi\" \/>\n<meta property=\"og:description\" content=\"Le vaste assortiment des vins Gialdi se compose de deux lignes de vins qui se diff\u00e9rencient par leurs caract\u00e9ristiques organoleptiques li\u00e9es au territoire de provenance des raisins.\" \/>\n<meta property=\"og:url\" content=\"https:\/\/www.gialdi.ch\/fr\/marque\/\" \/>\n<meta property=\"og:site_name\" content=\"Gialdi\" \/>\n<meta property=\"article:modified_time\" content=\"2025-02-18T09:06:06+00:00\" \/>\n<meta name=\"twitter:card\" content=\"summary_large_image\" \/>\n<script type=\"application\/ld+json\" class=\"yoast-schema-graph\">{\"@context\":\"https:\/\/schema.org\",\"@graph\":[{\"@type\":\"WebPage\",\"@id\":\"https:\/\/www.gialdi.ch\/fr\/marque\/\",\"url\":\"https:\/\/www.gialdi.ch\/fr\/marque\/\",\"name\":\"\u00c0 chaque r\u00e9gion sa tradition, \u00e0 chaque r\u00e9gion son vin - Marque - Gialdi\",\"isPartOf\":{\"@id\":\"https:\/\/www.gialdi.ch\/fr\/#website\"},\"datePublished\":\"2020-12-16T18:06:01+00:00\",\"dateModified\":\"2025-02-18T09:06:06+00:00\",\"description\":\"Le vaste assortiment des vins Gialdi se compose de deux lignes de vins qui se diff\u00e9rencient par leurs caract\u00e9ristiques organoleptiques li\u00e9es au territoire de provenance des raisins.\",\"breadcrumb\":{\"@id\":\"https:\/\/www.gialdi.ch\/fr\/marque\/#breadcrumb\"},\"inLanguage\":\"fr-FR\",\"potentialAction\":[{\"@type\":\"ReadAction\",\"target\":[\"https:\/\/www.gialdi.ch\/fr\/marque\/\"]}]},{\"@type\":\"BreadcrumbList\",\"@id\":\"https:\/\/www.gialdi.ch\/fr\/marque\/#breadcrumb\",\"itemListElement\":[{\"@type\":\"ListItem\",\"position\":1,\"name\":\"Home\",\"item\":\"https:\/\/www.gialdi.ch\/fr\/\"},{\"@type\":\"ListItem\",\"position\":2,\"name\":\"Marque\"}]},{\"@type\":\"WebSite\",\"@id\":\"https:\/\/www.gialdi.ch\/fr\/#website\",\"url\":\"https:\/\/www.gialdi.ch\/fr\/\",\"name\":\"Gialdi\",\"description\":\"Gialdi Vini\",\"publisher\":{\"@id\":\"https:\/\/www.gialdi.ch\/fr\/#organization\"},\"potentialAction\":[{\"@type\":\"SearchAction\",\"target\":{\"@type\":\"EntryPoint\",\"urlTemplate\":\"https:\/\/www.gialdi.ch\/fr\/?s={search_term_string}\"},\"query-input\":{\"@type\":\"PropertyValueSpecification\",\"valueRequired\":true,\"valueName\":\"search_term_string\"}}],\"inLanguage\":\"fr-FR\"},{\"@type\":\"Organization\",\"@id\":\"https:\/\/www.gialdi.ch\/fr\/#organization\",\"name\":\"Gialdi Vini SA\",\"url\":\"https:\/\/www.gialdi.ch\/fr\/\",\"logo\":{\"@type\":\"ImageObject\",\"inLanguage\":\"fr-FR\",\"@id\":\"https:\/\/www.gialdi.ch\/fr\/#\/schema\/logo\/image\/\",\"url\":\"https:\/\/www.gialdi.ch\/wp-content\/uploads\/2020\/12\/logo-gialdi.png\",\"contentUrl\":\"https:\/\/www.gialdi.ch\/wp-content\/uploads\/2020\/12\/logo-gialdi.png\",\"width\":302,\"height\":152,\"caption\":\"Gialdi Vini SA\"},\"image\":{\"@id\":\"https:\/\/www.gialdi.ch\/fr\/#\/schema\/logo\/image\/\"}}]}<\/script>\n<!-- \/ Yoast SEO plugin. -->","yoast_head_json":{"title":"\u00c0 chaque r\u00e9gion sa tradition, \u00e0 chaque r\u00e9gion son vin - Marque - Gialdi","description":"Le vaste assortiment des vins Gialdi se compose de deux lignes de vins qui se diff\u00e9rencient par leurs caract\u00e9ristiques organoleptiques li\u00e9es au territoire de provenance des raisins.","robots":{"index":"index","follow":"follow","max-snippet":"max-snippet:-1","max-image-preview":"max-image-preview:large","max-video-preview":"max-video-preview:-1"},"canonical":"https:\/\/www.gialdi.ch\/fr\/marque\/","og_locale":"fr_FR","og_type":"article","og_title":"\u00c0 chaque r\u00e9gion sa tradition, \u00e0 chaque r\u00e9gion son vin - Marque - Gialdi","og_description":"Le vaste assortiment des vins Gialdi se compose de deux lignes de vins qui se diff\u00e9rencient par leurs caract\u00e9ristiques organoleptiques li\u00e9es au territoire de provenance des raisins.","og_url":"https:\/\/www.gialdi.ch\/fr\/marque\/","og_site_name":"Gialdi","article_modified_time":"2025-02-18T09:06:06+00:00","twitter_card":"summary_large_image","schema":{"@context":"https:\/\/schema.org","@graph":[{"@type":"WebPage","@id":"https:\/\/www.gialdi.ch\/fr\/marque\/","url":"https:\/\/www.gialdi.ch\/fr\/marque\/","name":"\u00c0 chaque r\u00e9gion sa tradition, \u00e0 chaque r\u00e9gion son vin - Marque - Gialdi","isPartOf":{"@id":"https:\/\/www.gialdi.ch\/fr\/#website"},"datePublished":"2020-12-16T18:06:01+00:00","dateModified":"2025-02-18T09:06:06+00:00","description":"Le vaste assortiment des vins Gialdi se compose de deux lignes de vins qui se diff\u00e9rencient par leurs caract\u00e9ristiques organoleptiques li\u00e9es au territoire de provenance des raisins.","breadcrumb":{"@id":"https:\/\/www.gialdi.ch\/fr\/marque\/#breadcrumb"},"inLanguage":"fr-FR","potentialAction":[{"@type":"ReadAction","target":["https:\/\/www.gialdi.ch\/fr\/marque\/"]}]},{"@type":"BreadcrumbList","@id":"https:\/\/www.gialdi.ch\/fr\/marque\/#breadcrumb","itemListElement":[{"@type":"ListItem","position":1,"name":"Home","item":"https:\/\/www.gialdi.ch\/fr\/"},{"@type":"ListItem","position":2,"name":"Marque"}]},{"@type":"WebSite","@id":"https:\/\/www.gialdi.ch\/fr\/#website","url":"https:\/\/www.gialdi.ch\/fr\/","name":"Gialdi","description":"Gialdi Vini","publisher":{"@id":"https:\/\/www.gialdi.ch\/fr\/#organization"},"potentialAction":[{"@type":"SearchAction","target":{"@type":"EntryPoint","urlTemplate":"https:\/\/www.gialdi.ch\/fr\/?s={search_term_string}"},"query-input":{"@type":"PropertyValueSpecification","valueRequired":true,"valueName":"search_term_string"}}],"inLanguage":"fr-FR"},{"@type":"Organization","@id":"https:\/\/www.gialdi.ch\/fr\/#organization","name":"Gialdi Vini SA","url":"https:\/\/www.gialdi.ch\/fr\/","logo":{"@type":"ImageObject","inLanguage":"fr-FR","@id":"https:\/\/www.gialdi.ch\/fr\/#\/schema\/logo\/image\/","url":"https:\/\/www.gialdi.ch\/wp-content\/uploads\/2020\/12\/logo-gialdi.png","contentUrl":"https:\/\/www.gialdi.ch\/wp-content\/uploads\/2020\/12\/logo-gialdi.png","width":302,"height":152,"caption":"Gialdi Vini SA"},"image":{"@id":"https:\/\/www.gialdi.ch\/fr\/#\/schema\/logo\/image\/"}}]}},"_links":{"self":[{"href":"https:\/\/www.gialdi.ch\/fr\/wp-json\/wp\/v2\/pages\/814","targetHints":{"allow":["GET"]}}],"collection":[{"href":"https:\/\/www.gialdi.ch\/fr\/wp-json\/wp\/v2\/pages"}],"about":[{"href":"https:\/\/www.gialdi.ch\/fr\/wp-json\/wp\/v2\/types\/page"}],"author":[{"embeddable":true,"href":"https:\/\/www.gialdi.ch\/fr\/wp-json\/wp\/v2\/users\/1"}],"replies":[{"embeddable":true,"href":"https:\/\/www.gialdi.ch\/fr\/wp-json\/wp\/v2\/comments?post=814"}],"version-history":[{"count":1,"href":"https:\/\/www.gialdi.ch\/fr\/wp-json\/wp\/v2\/pages\/814\/revisions"}],"predecessor-version":[{"id":1453,"href":"https:\/\/www.gialdi.ch\/fr\/wp-json\/wp\/v2\/pages\/814\/revisions\/1453"}],"wp:attachment":[{"href":"https:\/\/www.gialdi.ch\/fr\/wp-json\/wp\/v2\/media?parent=814"}],"curies":[{"name":"wp","href":"https:\/\/api.w.org\/{rel}","templated":true}]}}