{"id":811,"date":"2020-12-16T12:30:31","date_gmt":"2020-12-16T11:30:31","guid":{"rendered":"https:\/\/www.gialdi.ch\/contatti\/"},"modified":"2022-03-15T14:10:48","modified_gmt":"2022-03-15T13:10:48","slug":"contacts","status":"publish","type":"page","link":"https:\/\/www.gialdi.ch\/fr\/contacts\/","title":{"rendered":"Contacts"},"content":{"rendered":"<section class=\"hero-header\" style=\"background-image:url('https:\/\/www.gialdi.ch\/wp-content\/uploads\/2020\/12\/hero-header-contatti.png');\" data-bkg=\"https:\/\/www.gialdi.ch\/wp-content\/uploads\/2020\/12\/hero-header-contatti.png\" data-bkg-md=\"https:\/\/www.gialdi.ch\/wp-content\/uploads\/2020\/12\/hero-header-contatti.png\">  \n\t<div>\n\t\t<div class=\"container\">\n\t\t\t<div class=\"row\">\n\t\t\t\t<div class=\"col-12\">\n\t\t\t\t\t<nav class=\"breadcrumb\"><span><span><a href=\"https:\/\/www.gialdi.ch\/fr\/\">Home<\/a><\/span><\/span><\/nav>\t\t\t\t<\/div>\n\t\t\t<\/div>\n\t\t<\/div>\n\t<\/div>\n<\/section>\n\n<section class=\"section-title\">\n\t<article class=\"section-article\">\n\t\t<div class=\"container\">\n\t\t\t<div class=\"row\">\n\t\t\t\t<div class=\"col-12 col-md-10 col-xl-8 mx-auto\">\n\t\t\t\t\t\t\t\t\t\t<h1>Contacts<\/h1>\n\t\t\t\t\t\t\t\t\t\t\t\t\t\t\t<h2>Gr\u00e2ce \u00e0 l&rsquo;engagement de l&rsquo;entreprise \u00e0 produire des vins de haute qualit\u00e9 avec un lien fort avec la r\u00e9gion, Gialdi Vini est au sommet de la production de vin suisse.<\/h2>\n\t\t\t\t\t\t\t\t\t\t\t\t\t\t<\/div>\n\t\t\t<\/div>\n\t\t<\/div>\n\t<\/article>\n<\/section>\n\n<section class=\"map beside-section\" style=\"background-color:#f8f4ed;\">\n\t<div>\n\t\t<div class=\"beside-content animate-scroll\" data-animations=\"animate__animated animate__fadeInUp delay10\">\n\t\t\t\t\t\t<h3>Comment y arriver<\/h3>\n\t\t\t\t\t\t\t\t\t<p>Via Vignoo, 3<br \/>\n6850 Mendrisio (CH)<\/p>\n<p>Pour nous rejoindre, quittez l&rsquo;autoroute \u00e0 Mendrisio et suivez la route cantonale en direction de Lugano. Apr\u00e8s la Vignalunga, sur la droite, vous trouverez la Via Vignoo (un panneau indique l&rsquo;entr\u00e9e).<\/p>\n\t\t\t\t\t\t\t\t<\/div>\n\t\t\t\t\t\t<a href=\"https:\/\/www.google.com\/maps\/place\/Gialdi+Vini+SA+-+Brivio+di+Gialdi+Vini\/@45.8851498,8.9822717,15z\/data=!4m5!3m4!1s0x0:0xe4d24e8ee183bb7c!8m2!3d45.8851498!4d8.9822717\" class=\"beside-image\" target=\"_blank\" style=\"background-image:url(https:\/\/www.gialdi.ch\/wp-content\/uploads\/2020\/12\/gialdi-mappa.png)\"><\/a>\n\t\t\t<\/div>\n<\/section>\n\n<section>\n\t<article class=\"section-article\">\n\t\t<div class=\"container\">\n\t\t\t<div class=\"row\">\n\t\t\t\t<div class=\"col-12 col-md-10 col-xl-8 mx-auto\">\n\t\t\t\t\t<h3>Horaire d&rsquo;ouverture<\/h3>\n\t\t\t\t<\/div>\n\t\t\t<\/div>\n\t\t\t\t\t<div class=\"row\">\n\t\t\t\t\t\t\t<div class=\"col-12 col-md-5 col-xl-4 twocols offset-md-1 offset-xl-2\">\n\t\t\t\t\t<p><strong>D\u00e9gustations et \u00e9v\u00e9nements:<\/strong><br \/>\nVia Vignoo, 3<br \/>\n6850 Mendrisio (CH)<br \/>\nDu lundi au vendredi de 8:00 \u00e0 12:00 \/ 13:30 &#8211; 18:00<br \/>\nSamedi de 9:00 \u00e0 13:00<br \/>\nFerm\u00e9 les dimanches et jours f\u00e9ri\u00e9s.<\/p>\n\t\t\t\t<\/div>\n\t\t\t\t\t\t\t\t\t\t\t<div class=\"col-12 col-md-5 col-xl-4 twocols\">\n\t\t\t\t\t<p><strong>Vinoth\u00e8que:<\/strong><br \/>\nDu lundi au vendredi de 8.00 \u00e0 12.00 \/ 13.30 &#8211; 18.00<br \/>\nSamed\u00ec de 9.00 \u00e0 13.00<br \/>\nFerm\u00e9 les dimanches et jours f\u00e9ri\u00e9s.<\/p>\n\t\t\t\t<\/div>\n\t\t\t\t\t\t\t\t\t\t<\/div>\n\t\t\t\t<\/div>\n\t<\/article>\n<\/section>\n\n<section class=\"bkg-default\" style=\"background-color:#f8f4ed;\">\n\t<article class=\"section-article\">\n\t\t<div class=\"container\">\n\t\t\t<div class=\"row\">\n\t\t\t\t<div class=\"col-12 col-md-10 col-xl-8 mx-auto\">\n\t\t\t\t\t<h3>Demandez des informations<\/h3>\n<p>Tous les champs marqu\u00e9s d&rsquo;un * sont obligatoires.<\/p>\n\n<div class=\"wpcf7 no-js\" id=\"wpcf7-f820-o1\" lang=\"fr-FR\" dir=\"ltr\" data-wpcf7-id=\"820\">\n<div class=\"screen-reader-response\"><p role=\"status\" aria-live=\"polite\" aria-atomic=\"true\"><\/p> <ul><\/ul><\/div>\n<form action=\"\/fr\/wp-json\/wp\/v2\/pages\/811#wpcf7-f820-o1\" method=\"post\" class=\"wpcf7-form init\" aria-label=\"Formulaire de contact\" novalidate=\"novalidate\" data-status=\"init\">\n<fieldset class=\"hidden-fields-container\"><input type=\"hidden\" name=\"_wpcf7\" value=\"820\" \/><input type=\"hidden\" name=\"_wpcf7_version\" value=\"6.1.5\" \/><input type=\"hidden\" name=\"_wpcf7_locale\" value=\"fr_FR\" \/><input type=\"hidden\" name=\"_wpcf7_unit_tag\" value=\"wpcf7-f820-o1\" \/><input type=\"hidden\" name=\"_wpcf7_container_post\" value=\"0\" \/><input type=\"hidden\" name=\"_wpcf7_posted_data_hash\" value=\"\" \/><input type=\"hidden\" name=\"_wpcf7_recaptcha_response\" value=\"\" \/>\n<\/fieldset>\n<fieldset>\n\t<div class=\"row\">\n\t\t<div class=\"col-12\">\n\t\t\t<div class=\"form-field firstname\">\n\t\t\t\t<p><label for=\"your_name\">Pr\u00e9nom*<\/label><span class=\"wpcf7-form-control-wrap\" data-name=\"your_name\"><input size=\"40\" maxlength=\"400\" class=\"wpcf7-form-control wpcf7-text wpcf7-validates-as-required\" id=\"your_name\" aria-required=\"true\" aria-invalid=\"false\" value=\"\" type=\"text\" name=\"your_name\" \/><\/span>\n\t\t\t\t<\/p>\n\t\t\t<\/div>\n\t\t<\/div>\n\t<\/div>\n\t<div class=\"row\">\n\t\t<div class=\"col-12\">\n\t\t\t<div class=\"form-field surname\">\n\t\t\t\t<p><label for=\"your_surname\">Nom de famille*<\/label><span class=\"wpcf7-form-control-wrap\" data-name=\"your_surname\"><input size=\"40\" maxlength=\"400\" class=\"wpcf7-form-control wpcf7-text wpcf7-validates-as-required\" id=\"your_surname\" aria-required=\"true\" aria-invalid=\"false\" value=\"\" type=\"text\" name=\"your_surname\" \/><\/span>\n\t\t\t\t<\/p>\n\t\t\t<\/div>\n\t\t<\/div>\n\t<\/div>\n\t<div class=\"row\">\n\t\t<div class=\"col-12\">\n\t\t\t<div class=\"form-field\">\n\t\t\t\t<p><label for=\"your_email\">Adresse e-mail*<\/label><span class=\"wpcf7-form-control-wrap\" data-name=\"your_email\"><input size=\"40\" maxlength=\"400\" class=\"wpcf7-form-control wpcf7-email wpcf7-validates-as-required wpcf7-text wpcf7-validates-as-email\" id=\"your_email\" aria-required=\"true\" aria-invalid=\"false\" value=\"\" type=\"email\" name=\"your_email\" \/><\/span>\n\t\t\t\t<\/p>\n\t\t\t<\/div>\n\t\t<\/div>\n\t<\/div>\n\t<div class=\"row\">\n\t\t<div class=\"col-12\">\n\t\t\t<div class=\"form-field\">\n\t\t\t\t<p><label for=\"your_message\">Message*<\/label><span class=\"wpcf7-form-control-wrap\" data-name=\"your_message\"><textarea cols=\"40\" rows=\"10\" maxlength=\"2000\" class=\"wpcf7-form-control wpcf7-textarea wpcf7-validates-as-required\" id=\"your_message\" aria-required=\"true\" aria-invalid=\"false\" name=\"your_message\"><\/textarea><\/span>\n\t\t\t\t<\/p>\n\t\t\t<\/div>\n\t\t<\/div>\n\t<\/div>\n\t<div class=\"row\">\n\t\t<div class=\"col-12\">\n\t\t\t<div class=\"form-field checkbox\">\n\t\t\t\t<p><span class=\"wpcf7-form-control-wrap\" data-name=\"privacy\"><span class=\"wpcf7-form-control wpcf7-acceptance\"><span class=\"wpcf7-list-item\"><input type=\"checkbox\" name=\"privacy\" value=\"1\" id=\"formlegal\" aria-invalid=\"false\" \/><\/span><\/span><\/span><label for=\"formlegal\">J&rsquo;ai lu la <a href=\"\/fr\/privacy\/\">politique de confidentialit\u00e9<\/a>* et je consens au traitement de mes donn\u00e9es personnelles.<\/label>\n\t\t\t\t<\/p>\n\t\t\t<\/div>\n\t\t<\/div>\n\t<\/div>\n\t<div class=\"row\">\n\t\t<div class=\"col-12\">\n\t\t\t<div class=\"form-button text-md-center\">\n\t\t\t\t<p><input class=\"wpcf7-form-control wpcf7-submit has-spinner btn\" id=\"submitbtn\" type=\"submit\" value=\"Soumettre\" \/>\n\t\t\t\t<\/p>\n\t\t\t<\/div>\n\t\t<\/div>\n\t<\/div>\n\t<div class=\"row\">\n\t\t<div class=\"col-12\">\n\t\t\t<p class=\"google-recaptcha-terms\">Ce site est prot\u00e9g\u00e9 par reCAPTCHA et les <a href=\"https:\/\/policies.google.com\/privacy\" target=\"_blank\" rel=\"nofollow\">r\u00e8gles de confidentialit\u00e9<\/a> et les <a href=\"https:\/\/policies.google.com\/terms\" target=\"_blank\" rel=\"nofollow\">conditions de service<\/a> de Google s&rsquo;appliquent.\n\t\t\t<\/p>\n\t\t<\/div>\n\t<\/div>\n<\/fieldset><div class=\"wpcf7-response-output\" aria-hidden=\"true\"><\/div>\n<\/form>\n<\/div>\n\n\t\t\t\t<\/div>\n\t\t\t<\/div>\n\t\t\t\t\t<div class=\"row\">\n\t\t\t\t\t\t\t<div class=\"col-12 col-md-5 col-xl-4 twocols offset-md-1 offset-xl-2\">\n\t\t\t\t\t\t\t\t\t<\/div>\n\t\t\t\t\t\t\t\t\t\t\t<div class=\"col-12 col-md-5 col-xl-4 twocols\">\n\t\t\t\t\t\t\t\t\t<\/div>\n\t\t\t\t\t\t\t\t\t\t<\/div>\n\t\t\t\t<\/div>\n\t<\/article>\n<\/section>","protected":false},"excerpt":{"rendered":"","protected":false},"author":1,"featured_media":0,"parent":0,"menu_order":0,"comment_status":"closed","ping_status":"closed","template":"","meta":{"_acf_changed":false,"inline_featured_image":false,"footnotes":""},"class_list":["post-811","page","type-page","status-publish","hentry"],"acf":[],"yoast_head":"<!-- This site is optimized with the Yoast SEO plugin v27.2 - https:\/\/yoast.com\/product\/yoast-seo-wordpress\/ -->\n<title>Contacts - Gialdi<\/title>\n<meta name=\"robots\" content=\"index, follow, max-snippet:-1, max-image-preview:large, max-video-preview:-1\" \/>\n<link rel=\"canonical\" href=\"https:\/\/www.gialdi.ch\/fr\/contacts\/\" \/>\n<meta property=\"og:locale\" content=\"fr_FR\" \/>\n<meta property=\"og:type\" content=\"article\" \/>\n<meta property=\"og:title\" content=\"Contacts - Gialdi\" \/>\n<meta property=\"og:url\" content=\"https:\/\/www.gialdi.ch\/fr\/contacts\/\" \/>\n<meta property=\"og:site_name\" content=\"Gialdi\" \/>\n<meta property=\"article:modified_time\" content=\"2022-03-15T13:10:48+00:00\" \/>\n<meta name=\"twitter:card\" content=\"summary_large_image\" \/>\n<script type=\"application\/ld+json\" class=\"yoast-schema-graph\">{\"@context\":\"https:\/\/schema.org\",\"@graph\":[{\"@type\":\"WebPage\",\"@id\":\"https:\/\/www.gialdi.ch\/fr\/contacts\/\",\"url\":\"https:\/\/www.gialdi.ch\/fr\/contacts\/\",\"name\":\"Contacts - Gialdi\",\"isPartOf\":{\"@id\":\"https:\/\/www.gialdi.ch\/fr\/#website\"},\"datePublished\":\"2020-12-16T11:30:31+00:00\",\"dateModified\":\"2022-03-15T13:10:48+00:00\",\"breadcrumb\":{\"@id\":\"https:\/\/www.gialdi.ch\/fr\/contacts\/#breadcrumb\"},\"inLanguage\":\"fr-FR\",\"potentialAction\":[{\"@type\":\"ReadAction\",\"target\":[\"https:\/\/www.gialdi.ch\/fr\/contacts\/\"]}]},{\"@type\":\"BreadcrumbList\",\"@id\":\"https:\/\/www.gialdi.ch\/fr\/contacts\/#breadcrumb\",\"itemListElement\":[{\"@type\":\"ListItem\",\"position\":1,\"name\":\"Home\",\"item\":\"https:\/\/www.gialdi.ch\/fr\/\"},{\"@type\":\"ListItem\",\"position\":2,\"name\":\"Contacts\"}]},{\"@type\":\"WebSite\",\"@id\":\"https:\/\/www.gialdi.ch\/fr\/#website\",\"url\":\"https:\/\/www.gialdi.ch\/fr\/\",\"name\":\"Gialdi\",\"description\":\"Gialdi Vini\",\"publisher\":{\"@id\":\"https:\/\/www.gialdi.ch\/fr\/#organization\"},\"potentialAction\":[{\"@type\":\"SearchAction\",\"target\":{\"@type\":\"EntryPoint\",\"urlTemplate\":\"https:\/\/www.gialdi.ch\/fr\/?s={search_term_string}\"},\"query-input\":{\"@type\":\"PropertyValueSpecification\",\"valueRequired\":true,\"valueName\":\"search_term_string\"}}],\"inLanguage\":\"fr-FR\"},{\"@type\":\"Organization\",\"@id\":\"https:\/\/www.gialdi.ch\/fr\/#organization\",\"name\":\"Gialdi Vini SA\",\"url\":\"https:\/\/www.gialdi.ch\/fr\/\",\"logo\":{\"@type\":\"ImageObject\",\"inLanguage\":\"fr-FR\",\"@id\":\"https:\/\/www.gialdi.ch\/fr\/#\/schema\/logo\/image\/\",\"url\":\"https:\/\/www.gialdi.ch\/wp-content\/uploads\/2020\/12\/logo-gialdi.png\",\"contentUrl\":\"https:\/\/www.gialdi.ch\/wp-content\/uploads\/2020\/12\/logo-gialdi.png\",\"width\":302,\"height\":152,\"caption\":\"Gialdi Vini SA\"},\"image\":{\"@id\":\"https:\/\/www.gialdi.ch\/fr\/#\/schema\/logo\/image\/\"}}]}<\/script>\n<!-- \/ Yoast SEO plugin. -->","yoast_head_json":{"title":"Contacts - Gialdi","robots":{"index":"index","follow":"follow","max-snippet":"max-snippet:-1","max-image-preview":"max-image-preview:large","max-video-preview":"max-video-preview:-1"},"canonical":"https:\/\/www.gialdi.ch\/fr\/contacts\/","og_locale":"fr_FR","og_type":"article","og_title":"Contacts - Gialdi","og_url":"https:\/\/www.gialdi.ch\/fr\/contacts\/","og_site_name":"Gialdi","article_modified_time":"2022-03-15T13:10:48+00:00","twitter_card":"summary_large_image","schema":{"@context":"https:\/\/schema.org","@graph":[{"@type":"WebPage","@id":"https:\/\/www.gialdi.ch\/fr\/contacts\/","url":"https:\/\/www.gialdi.ch\/fr\/contacts\/","name":"Contacts - Gialdi","isPartOf":{"@id":"https:\/\/www.gialdi.ch\/fr\/#website"},"datePublished":"2020-12-16T11:30:31+00:00","dateModified":"2022-03-15T13:10:48+00:00","breadcrumb":{"@id":"https:\/\/www.gialdi.ch\/fr\/contacts\/#breadcrumb"},"inLanguage":"fr-FR","potentialAction":[{"@type":"ReadAction","target":["https:\/\/www.gialdi.ch\/fr\/contacts\/"]}]},{"@type":"BreadcrumbList","@id":"https:\/\/www.gialdi.ch\/fr\/contacts\/#breadcrumb","itemListElement":[{"@type":"ListItem","position":1,"name":"Home","item":"https:\/\/www.gialdi.ch\/fr\/"},{"@type":"ListItem","position":2,"name":"Contacts"}]},{"@type":"WebSite","@id":"https:\/\/www.gialdi.ch\/fr\/#website","url":"https:\/\/www.gialdi.ch\/fr\/","name":"Gialdi","description":"Gialdi Vini","publisher":{"@id":"https:\/\/www.gialdi.ch\/fr\/#organization"},"potentialAction":[{"@type":"SearchAction","target":{"@type":"EntryPoint","urlTemplate":"https:\/\/www.gialdi.ch\/fr\/?s={search_term_string}"},"query-input":{"@type":"PropertyValueSpecification","valueRequired":true,"valueName":"search_term_string"}}],"inLanguage":"fr-FR"},{"@type":"Organization","@id":"https:\/\/www.gialdi.ch\/fr\/#organization","name":"Gialdi Vini SA","url":"https:\/\/www.gialdi.ch\/fr\/","logo":{"@type":"ImageObject","inLanguage":"fr-FR","@id":"https:\/\/www.gialdi.ch\/fr\/#\/schema\/logo\/image\/","url":"https:\/\/www.gialdi.ch\/wp-content\/uploads\/2020\/12\/logo-gialdi.png","contentUrl":"https:\/\/www.gialdi.ch\/wp-content\/uploads\/2020\/12\/logo-gialdi.png","width":302,"height":152,"caption":"Gialdi Vini SA"},"image":{"@id":"https:\/\/www.gialdi.ch\/fr\/#\/schema\/logo\/image\/"}}]}},"_links":{"self":[{"href":"https:\/\/www.gialdi.ch\/fr\/wp-json\/wp\/v2\/pages\/811","targetHints":{"allow":["GET"]}}],"collection":[{"href":"https:\/\/www.gialdi.ch\/fr\/wp-json\/wp\/v2\/pages"}],"about":[{"href":"https:\/\/www.gialdi.ch\/fr\/wp-json\/wp\/v2\/types\/page"}],"author":[{"embeddable":true,"href":"https:\/\/www.gialdi.ch\/fr\/wp-json\/wp\/v2\/users\/1"}],"replies":[{"embeddable":true,"href":"https:\/\/www.gialdi.ch\/fr\/wp-json\/wp\/v2\/comments?post=811"}],"version-history":[{"count":0,"href":"https:\/\/www.gialdi.ch\/fr\/wp-json\/wp\/v2\/pages\/811\/revisions"}],"wp:attachment":[{"href":"https:\/\/www.gialdi.ch\/fr\/wp-json\/wp\/v2\/media?parent=811"}],"curies":[{"name":"wp","href":"https:\/\/api.w.org\/{rel}","templated":true}]}}