{"id":808,"date":"2020-12-16T17:34:14","date_gmt":"2020-12-16T16:34:14","guid":{"rendered":"https:\/\/www.gialdi.ch\/cookie-policy\/"},"modified":"2021-11-23T15:22:00","modified_gmt":"2021-11-23T14:22:00","slug":"cookie-policy","status":"publish","type":"page","link":"https:\/\/www.gialdi.ch\/fr\/cookie-policy\/","title":{"rendered":"Cookie policy"},"content":{"rendered":"<section class=\"hero-header\" style=\"background-image:url('https:\/\/www.gialdi.ch\/wp-content\/uploads\/2020\/12\/hero-header-contatti.png');\" data-bkg=\"https:\/\/www.gialdi.ch\/wp-content\/uploads\/2020\/12\/hero-header-contatti.png\" data-bkg-md=\"https:\/\/www.gialdi.ch\/wp-content\/uploads\/2020\/12\/hero-header-contatti.png\">  \n\t<div>\n\t\t<div class=\"container\">\n\t\t\t<div class=\"row\">\n\t\t\t\t<div class=\"col-12\">\n\t\t\t\t\t<nav class=\"breadcrumb\"><span><span><a href=\"https:\/\/www.gialdi.ch\/fr\/\">Home<\/a><\/span><\/span><\/nav>\t\t\t\t<\/div>\n\t\t\t<\/div>\n\t\t<\/div>\n\t<\/div>\n<\/section>\n\n<section class=\"section-title\">\n\t<article class=\"section-article\">\n\t\t<div class=\"container\">\n\t\t\t<div class=\"row\">\n\t\t\t\t<div class=\"col-12 col-md-10 col-xl-8 mx-auto\">\n\t\t\t\t\t\t\t\t\t\t<h1>Politique de cookie<\/h1>\n\t\t\t\t\t\t\t\t\t\t\t\t\t\t\t<h2>Gialdi Vini SA s&rsquo;engage \u00e0 vous fournir la meilleure exp\u00e9rience en ligne lors de votre visite sur son site web, pour cette raison il utilise certains types de cookies conform\u00e9ment \u00e0 la Loi applicable. En particulier, la question est r\u00e9gie par la directive europ\u00e9enne 2002\/58\/CE &#8211; modifi\u00e9e par la suite par la directive 2009\/136\/CE et mise en \u0153uvre par les l\u00e9gislations nationales des \u00c9tats membres de l&rsquo;Union europ\u00e9enne, qui exige d&rsquo;informer l&rsquo;utilisateur et d&rsquo;obtenir son consentement pour l&rsquo;utilisation de cookies et de technologies similaires.<\/h2>\n\t\t\t\t\t\t\t\t\t\t\t\t\t\t\t<hr style=\"#BD9E55\">\n\t\t\t\t\t\t\t\t\t<\/div>\n\t\t\t<\/div>\n\t\t<\/div>\n\t<\/article>\n<\/section>\n\n<section class=\"mt-40\">\n\t<article class=\"section-article\">\n\t\t<div class=\"container\">\n\t\t\t<div class=\"row\">\n\t\t\t\t<div class=\"col-12 col-md-10 col-xl-8 mx-auto\">\n\t\t\t\t\t<p>La pr\u00e9sente politique en mati\u00e8re de cookies se r\u00e9f\u00e8re exclusivement au site https:\/\/www.gialdi.ch (\u00ab\u00a0Site\u00a0\u00bb) et doit \u00eatre comprise comme faisant partie int\u00e9grante de la <a href=\"https:\/\/www.gialdi.ch\/fr\/privacy\/\">politique de confidentialit\u00e9<\/a> de ce dernier.<\/p>\n<h4>Pourquoi nous utilisons les cookies<\/h4>\n<p>Il existe plusieurs types de cookies, avec des caract\u00e9ristiques et des fonctions diff\u00e9rentes : ils peuvent rester sur l&rsquo;ordinateur ou le dispositif mobile de l&rsquo;utilisateur pendant des p\u00e9riodes diff\u00e9rentes : les cookies dits de session, qui sont automatiquement supprim\u00e9s \u00e0 la fermeture du navigateur ; les cookies dits persistants, qui restent sur le dispositif de l&rsquo;utilisateur jusqu&rsquo;\u00e0 une date d&rsquo;expiration pr\u00e9d\u00e9termin\u00e9e.<\/p>\n<p>Les cookies sont utilis\u00e9s pour faciliter la navigation dans le site et son utilisation correcte, ainsi qu&rsquo;\u00e0 des fins statistiques, pour savoir quelles zones du site ont \u00e9t\u00e9 visit\u00e9es et pour apporter des am\u00e9liorations et des mises \u00e0 jour en fonction du mode d&rsquo;utilisation. Les cookies utilis\u00e9s sur ce site ne permettent pas d&rsquo;acqu\u00e9rir des donn\u00e9es personnelles identifiant les utilisateurs\/visiteurs. L&rsquo;utilisateur peut donc naviguer sur le site sans divulguer aucune information permettant de l&rsquo;identifier personnellement.<\/p>\n<h4>Types de cookies<\/h4>\n<p><strong>Cookie de session<\/strong>\u00a0&#8211; r\u00e9side dans la m\u00e9moire de l&rsquo;ordinateur de l&rsquo;utilisateur et est supprim\u00e9 lorsque le navigateur est ferm\u00e9. Son utilisation est strictement limit\u00e9e \u00e0 la transmission d&rsquo;identifiants de session, constitu\u00e9s de num\u00e9ros al\u00e9atoires g\u00e9n\u00e9r\u00e9s par le serveur, qui sont n\u00e9cessaires pour permettre une exploration s\u00fbre et efficace du site.<br \/>\n\u00c0 des fins de suivi, de statistiques web et d&rsquo;activit\u00e9s publicitaires, nous utilisons des outils qui font appel \u00e0 des cookies tels que :e attivit\u00e0 pubblicitarie utilizziamo strumenti che fanno uso di cookie quali:<\/p>\n<ul>\n<li>Google AdWords, pour les activit\u00e9s publicitaires;<\/li>\n<li>Google Analytics, pour le suivi, les statistiques web et la publicit\u00e9.<\/li>\n<\/ul>\n<p>Ces cookies nous permettent de collecter des informations anonymes sur les pages que vous visitez et la fa\u00e7on dont vous utilisez notre site, afin d&rsquo;am\u00e9liorer la navigation \u00e0 l&rsquo;avenir et de d\u00e9terminer la raison d&rsquo;\u00e9ventuels messages d&rsquo;erreur. Par exemple, nous recueillons des informations sur les pages que vous visitez, le nombre de visites, le navigateur que vous utilisez. Ils ne recueillent pas d&rsquo;informations permettant de vous identifier personnellement.<\/p>\n<p><strong>Cookies tiers<\/strong> &#8211; lors de la visite de notre portail, vous pouvez remarquer des contenus tiers, tels qu&rsquo;une carte indiquant notre emplacement fournie par Google Maps. Vous pouvez partager ces informations via les r\u00e9seaux sociaux tels que Facebook et Google Plus. En ajoutant du contenu, nous vous tenons au courant d&rsquo;informations soigneusement s\u00e9lectionn\u00e9es que vous pouvez trouver pertinentes ou int\u00e9ressantes, mais cela peut entra\u00eener le stockage par des fournisseurs tiers de cookies suppl\u00e9mentaires sur votre appareil.<br \/>\nNotre site peut, de temps \u00e0 autre, contenir des liens vers des sites web de tiers. Si vous suivez un lien vers ces sites tiers, veuillez consulter leur politique en mati\u00e8re de confidentialit\u00e9 et de cookies et la mani\u00e8re dont ils sont g\u00e9r\u00e9s, car ils ne sont pas contr\u00f4l\u00e9s par Gialdi Vini SA.<\/p>\n<p><strong>Facebook<\/strong><br \/>\nPour les cookies utilis\u00e9s par Facebook, voir les politiques de gestion sur le lien.<br \/>\n<a href=\"https:\/\/www.facebook.com\/help\/cookies\/\" target=\"_blank\" rel=\"noopener\">https:\/\/www.facebook.com\/help\/cookies\/<\/a><\/p>\n<p><strong>Youtube<\/strong><br \/>\nPour les cookies utilis\u00e9s par You Tube, voir les politiques de gestion au lien suivant<br \/>\n<a href=\"https:\/\/support.google.com\/youtube\/answer\/32050?hl=IT\" target=\"_blank\" rel=\"noopener\">https:\/\/support.google.com\/youtube\/answer\/32050?hl=IT<\/a><\/p>\n<p><strong>Google<\/strong><br \/>\nPour les cookies utilis\u00e9s par Google, voir la politique de gestion au lien suivant<br \/>\n<a href=\"http:\/\/www.google.it\/intl\/it\/policies\/privacy\/\" target=\"_blank\" rel=\"noopener\">http:\/\/www.google.it\/intl\/it\/policies\/privacy\/<\/a><\/p>\n<p><strong>Google-analytics.com<\/strong><br \/>\nGoogle Analytics place des cookies pour nous permettre de collecter des informations sur la fa\u00e7on dont vous utilisez notre site afin d&rsquo;am\u00e9liorer votre exp\u00e9rience \u00e0 l&rsquo;avenir.<br \/>\nPour les cookies utilis\u00e9s par Google Analytics, consultez leurs r\u00e8gles \u00e0 l&rsquo;adresse suivante<br \/>\n<a href=\"http:\/\/www.google.it\/intl\/it\/policies\/privacy\/\" target=\"_blank\" rel=\"noopener\">http:\/\/www.google.it\/intl\/it\/policies\/privacy\/<\/a><\/p>\n<h4>Comment puis-je g\u00e9rer mes param\u00e8tres de cookies?<\/h4>\n<p>Pour vous permettre d&rsquo;utiliser au mieux notre site web, nous vous recommandons d&rsquo;accepter les cookies. En particulier :<\/p>\n<ul>\n<li>les cookies techniques de session : ils sont strictement n\u00e9cessaires au fonctionnement du Site ou pour vous permettre de b\u00e9n\u00e9ficier des contenus et services que vous avez demand\u00e9s.<\/li>\n<li>les cookies analytiques : ils permettent \u00e0 l&rsquo;exploitant du Site de comprendre comment le Site est utilis\u00e9 par les utilisateurs. Ces cookies ne collectent pas d&rsquo;informations sur l&rsquo;identit\u00e9 de l&rsquo;utilisateur ni aucune donn\u00e9e personnelle. Les informations sont trait\u00e9es sous forme agr\u00e9g\u00e9e et anonyme.<\/li>\n<li>Cookies de tiers : \u00e9tant donn\u00e9 que ces types de cookies sont envoy\u00e9s exclusivement par des tiers et que le gestionnaire du Site ne peut pas contr\u00f4ler l&rsquo;envoi de ces cookies au terminal de l&rsquo;utilisateur, l&rsquo;objection relative ne peut \u00eatre exerc\u00e9e qu&rsquo;en acc\u00e9dant aux formulaires de consentement fournis par les tiers susmentionn\u00e9s, le cas \u00e9ch\u00e9ant, ou \u00e0 travers les param\u00e8tres du navigateur de l&rsquo;utilisateur.<\/li>\n<\/ul>\n<p>La plupart des navigateurs Internet sont initialement configur\u00e9s pour accepter les cookies. Vous avez la possibilit\u00e9, \u00e0 tout moment, de configurer votre navigateur pour qu&rsquo;il accepte tous les cookies, qu&rsquo;il accepte certains cookies ou qu&rsquo;il rejette les cookies, d\u00e9sactivant ainsi l&rsquo;utilisation des cookies par les sites web. En outre, vous pouvez configurer les pr\u00e9f\u00e9rences de votre navigateur de mani\u00e8re \u00e0 \u00eatre inform\u00e9 chaque fois qu&rsquo;un cookie est stock\u00e9 sur votre appareil. Veuillez noter que la d\u00e9sactivation des cookies peut emp\u00eacher l&rsquo;utilisation normale et optimale du site.<\/p>\n<h4>Modifications de la pr\u00e9sente politique<\/h4>\n<p>Cette politique peut \u00eatre modifi\u00e9e au fil du temps en raison de l&rsquo;entr\u00e9e en vigueur de nouvelles lois, de mises \u00e0 jour ou de la fourniture de nouveaux services. Pour cette raison, l&rsquo;utilisateur\/visiteur est invit\u00e9 \u00e0 consulter p\u00e9riodiquement cette page.<\/p>\n<h4>Contacts<\/h4>\n<p>Les questions, commentaires et demandes concernant cette politique sont les bienvenus et peuvent \u00eatre adress\u00e9s \u00e0\u00a0<a href=\"mailto:info@gialdi.ch\">info@gialdi.ch<\/a>.<\/p>\n\t\t\t\t<\/div>\n\t\t\t<\/div>\n\t\t\t\t\t<div class=\"row\">\n\t\t\t\t\t\t\t<div class=\"col-12 col-md-5 col-xl-4 twocols offset-md-1 offset-xl-2\">\n\t\t\t\t\t\t\t\t\t<\/div>\n\t\t\t\t\t\t\t\t\t\t\t<div class=\"col-12 col-md-5 col-xl-4 twocols\">\n\t\t\t\t\t\t\t\t\t<\/div>\n\t\t\t\t\t\t\t\t\t\t<\/div>\n\t\t\t\t<\/div>\n\t<\/article>\n<\/section>","protected":false},"excerpt":{"rendered":"","protected":false},"author":1,"featured_media":0,"parent":0,"menu_order":0,"comment_status":"closed","ping_status":"closed","template":"","meta":{"_acf_changed":false,"inline_featured_image":false,"footnotes":""},"class_list":["post-808","page","type-page","status-publish","hentry"],"acf":[],"yoast_head":"<!-- This site is optimized with the Yoast SEO plugin v27.2 - https:\/\/yoast.com\/product\/yoast-seo-wordpress\/ -->\n<title>Cookie policy - Gialdi<\/title>\n<meta name=\"robots\" content=\"noindex, nofollow\" \/>\n<meta property=\"og:locale\" content=\"fr_FR\" \/>\n<meta property=\"og:type\" content=\"article\" \/>\n<meta property=\"og:title\" content=\"Cookie policy - Gialdi\" \/>\n<meta property=\"og:url\" content=\"https:\/\/www.gialdi.ch\/fr\/cookie-policy\/\" \/>\n<meta property=\"og:site_name\" content=\"Gialdi\" \/>\n<meta property=\"article:modified_time\" content=\"2021-11-23T14:22:00+00:00\" \/>\n<meta name=\"twitter:card\" content=\"summary_large_image\" \/>\n<script type=\"application\/ld+json\" class=\"yoast-schema-graph\">{\"@context\":\"https:\/\/schema.org\",\"@graph\":[{\"@type\":\"WebPage\",\"@id\":\"https:\/\/www.gialdi.ch\/fr\/cookie-policy\/\",\"url\":\"https:\/\/www.gialdi.ch\/fr\/cookie-policy\/\",\"name\":\"Cookie policy - Gialdi\",\"isPartOf\":{\"@id\":\"https:\/\/www.gialdi.ch\/fr\/#website\"},\"datePublished\":\"2020-12-16T16:34:14+00:00\",\"dateModified\":\"2021-11-23T14:22:00+00:00\",\"breadcrumb\":{\"@id\":\"https:\/\/www.gialdi.ch\/fr\/cookie-policy\/#breadcrumb\"},\"inLanguage\":\"fr-FR\",\"potentialAction\":[{\"@type\":\"ReadAction\",\"target\":[\"https:\/\/www.gialdi.ch\/fr\/cookie-policy\/\"]}]},{\"@type\":\"BreadcrumbList\",\"@id\":\"https:\/\/www.gialdi.ch\/fr\/cookie-policy\/#breadcrumb\",\"itemListElement\":[{\"@type\":\"ListItem\",\"position\":1,\"name\":\"Home\",\"item\":\"https:\/\/www.gialdi.ch\/fr\/\"},{\"@type\":\"ListItem\",\"position\":2,\"name\":\"Cookie policy\"}]},{\"@type\":\"WebSite\",\"@id\":\"https:\/\/www.gialdi.ch\/fr\/#website\",\"url\":\"https:\/\/www.gialdi.ch\/fr\/\",\"name\":\"Gialdi\",\"description\":\"Gialdi Vini\",\"publisher\":{\"@id\":\"https:\/\/www.gialdi.ch\/fr\/#organization\"},\"potentialAction\":[{\"@type\":\"SearchAction\",\"target\":{\"@type\":\"EntryPoint\",\"urlTemplate\":\"https:\/\/www.gialdi.ch\/fr\/?s={search_term_string}\"},\"query-input\":{\"@type\":\"PropertyValueSpecification\",\"valueRequired\":true,\"valueName\":\"search_term_string\"}}],\"inLanguage\":\"fr-FR\"},{\"@type\":\"Organization\",\"@id\":\"https:\/\/www.gialdi.ch\/fr\/#organization\",\"name\":\"Gialdi Vini SA\",\"url\":\"https:\/\/www.gialdi.ch\/fr\/\",\"logo\":{\"@type\":\"ImageObject\",\"inLanguage\":\"fr-FR\",\"@id\":\"https:\/\/www.gialdi.ch\/fr\/#\/schema\/logo\/image\/\",\"url\":\"https:\/\/www.gialdi.ch\/wp-content\/uploads\/2020\/12\/logo-gialdi.png\",\"contentUrl\":\"https:\/\/www.gialdi.ch\/wp-content\/uploads\/2020\/12\/logo-gialdi.png\",\"width\":302,\"height\":152,\"caption\":\"Gialdi Vini SA\"},\"image\":{\"@id\":\"https:\/\/www.gialdi.ch\/fr\/#\/schema\/logo\/image\/\"}}]}<\/script>\n<!-- \/ Yoast SEO plugin. -->","yoast_head_json":{"title":"Cookie policy - Gialdi","robots":{"index":"noindex","follow":"nofollow"},"og_locale":"fr_FR","og_type":"article","og_title":"Cookie policy - Gialdi","og_url":"https:\/\/www.gialdi.ch\/fr\/cookie-policy\/","og_site_name":"Gialdi","article_modified_time":"2021-11-23T14:22:00+00:00","twitter_card":"summary_large_image","schema":{"@context":"https:\/\/schema.org","@graph":[{"@type":"WebPage","@id":"https:\/\/www.gialdi.ch\/fr\/cookie-policy\/","url":"https:\/\/www.gialdi.ch\/fr\/cookie-policy\/","name":"Cookie policy - Gialdi","isPartOf":{"@id":"https:\/\/www.gialdi.ch\/fr\/#website"},"datePublished":"2020-12-16T16:34:14+00:00","dateModified":"2021-11-23T14:22:00+00:00","breadcrumb":{"@id":"https:\/\/www.gialdi.ch\/fr\/cookie-policy\/#breadcrumb"},"inLanguage":"fr-FR","potentialAction":[{"@type":"ReadAction","target":["https:\/\/www.gialdi.ch\/fr\/cookie-policy\/"]}]},{"@type":"BreadcrumbList","@id":"https:\/\/www.gialdi.ch\/fr\/cookie-policy\/#breadcrumb","itemListElement":[{"@type":"ListItem","position":1,"name":"Home","item":"https:\/\/www.gialdi.ch\/fr\/"},{"@type":"ListItem","position":2,"name":"Cookie policy"}]},{"@type":"WebSite","@id":"https:\/\/www.gialdi.ch\/fr\/#website","url":"https:\/\/www.gialdi.ch\/fr\/","name":"Gialdi","description":"Gialdi Vini","publisher":{"@id":"https:\/\/www.gialdi.ch\/fr\/#organization"},"potentialAction":[{"@type":"SearchAction","target":{"@type":"EntryPoint","urlTemplate":"https:\/\/www.gialdi.ch\/fr\/?s={search_term_string}"},"query-input":{"@type":"PropertyValueSpecification","valueRequired":true,"valueName":"search_term_string"}}],"inLanguage":"fr-FR"},{"@type":"Organization","@id":"https:\/\/www.gialdi.ch\/fr\/#organization","name":"Gialdi Vini SA","url":"https:\/\/www.gialdi.ch\/fr\/","logo":{"@type":"ImageObject","inLanguage":"fr-FR","@id":"https:\/\/www.gialdi.ch\/fr\/#\/schema\/logo\/image\/","url":"https:\/\/www.gialdi.ch\/wp-content\/uploads\/2020\/12\/logo-gialdi.png","contentUrl":"https:\/\/www.gialdi.ch\/wp-content\/uploads\/2020\/12\/logo-gialdi.png","width":302,"height":152,"caption":"Gialdi Vini SA"},"image":{"@id":"https:\/\/www.gialdi.ch\/fr\/#\/schema\/logo\/image\/"}}]}},"_links":{"self":[{"href":"https:\/\/www.gialdi.ch\/fr\/wp-json\/wp\/v2\/pages\/808","targetHints":{"allow":["GET"]}}],"collection":[{"href":"https:\/\/www.gialdi.ch\/fr\/wp-json\/wp\/v2\/pages"}],"about":[{"href":"https:\/\/www.gialdi.ch\/fr\/wp-json\/wp\/v2\/types\/page"}],"author":[{"embeddable":true,"href":"https:\/\/www.gialdi.ch\/fr\/wp-json\/wp\/v2\/users\/1"}],"replies":[{"embeddable":true,"href":"https:\/\/www.gialdi.ch\/fr\/wp-json\/wp\/v2\/comments?post=808"}],"version-history":[{"count":0,"href":"https:\/\/www.gialdi.ch\/fr\/wp-json\/wp\/v2\/pages\/808\/revisions"}],"wp:attachment":[{"href":"https:\/\/www.gialdi.ch\/fr\/wp-json\/wp\/v2\/media?parent=808"}],"curies":[{"name":"wp","href":"https:\/\/api.w.org\/{rel}","templated":true}]}}