{"id":802,"date":"2021-04-28T15:08:05","date_gmt":"2021-04-28T13:08:05","guid":{"rendered":"https:\/\/www.gialdi.ch\/la-vinoteca-di-mendrisio\/"},"modified":"2021-11-24T10:33:33","modified_gmt":"2021-11-24T09:33:33","slug":"la-boutique-du-vin-a-mendrisio","status":"publish","type":"page","link":"https:\/\/www.gialdi.ch\/fr\/la-boutique-du-vin-a-mendrisio\/","title":{"rendered":"La boutique du vin \u00e0 Mendrisio"},"content":{"rendered":"<section class=\"hero-header\" style=\"background-image:url('https:\/\/www.gialdi.ch\/wp-content\/uploads\/2021\/05\/vinoteca-mendrisio-testata.jpg');\" data-bkg=\"https:\/\/www.gialdi.ch\/wp-content\/uploads\/2021\/05\/vinoteca-mendrisio-testata.jpg\" data-bkg-md=\"https:\/\/www.gialdi.ch\/wp-content\/uploads\/2021\/05\/vinoteca-mendrisio-testata.jpg\">  \n\t<div>\n\t\t<div class=\"container\">\n\t\t\t<div class=\"row\">\n\t\t\t\t<div class=\"col-12\">\n\t\t\t\t\t<nav class=\"breadcrumb\"><span><span><a href=\"https:\/\/www.gialdi.ch\/fr\/\">Home<\/a><\/span><\/span><\/nav>\t\t\t\t<\/div>\n\t\t\t<\/div>\n\t\t<\/div>\n\t<\/div>\n<\/section>\n\n<section class=\"section-title\">\n\t<article class=\"section-article\">\n\t\t<div class=\"container\">\n\t\t\t<div class=\"row\">\n\t\t\t\t<div class=\"col-12 col-md-10 col-xl-8 mx-auto\">\n\t\t\t\t\t\t\t\t\t\t<h1>La boutique du vin \u00e0 Mendrisio<\/h1>\n\t\t\t\t\t\t\t\t\t\t\t\t\t\t\t<h2>Go\u00fbtez et achetez. \r\nDans notre vinoth\u00e8que, vous trouverez tous les vins des marques Gialdi et Brivio. \r\nUne occasion unique de prendre connaissance de nos produits.<\/h2>\n\t\t\t\t\t\t\t\t\t\t\t\t\t\t\t<hr style=\"#BD9E55\">\n\t\t\t\t\t\t\t\t\t<\/div>\n\t\t\t<\/div>\n\t\t<\/div>\n\t<\/article>\n<\/section>\n\n<section class=\"beside-section\" style=\"background-color:#f8f4ed;\">\n\t<div>\n\t\t<div class=\"beside-content order-md-2 animate-scroll\" data-animations=\"animate__animated animate__fadeInUp delay10\">\n\t\t\t\t\t\t\t\t\t<p>Vous avez la possibilit\u00e9 de go\u00fbter diff\u00e9rents vins avec de petits d\u00e9gustations avant d&rsquo;acheter ceux qui vous plaisent le plus.<br \/>\nVous pouvez \u00e9galement profiter de nos conseils. Notre personnel qualifi\u00e9 est \u00e0 votre disposition pour r\u00e9pondre \u00e0 vos questions et vous donner les meilleurs conseils.<\/p>\n<p><strong>\u00c0 l&rsquo;exception des dimanches et des jours f\u00e9ri\u00e9s, notre magasin est ouvert du lundi au vendredi de 08h00 \u00e0 12h00 et de 13h30 \u00e0 18h00.<br \/>\nLa vinoth\u00e8que est \u00e9galement ouverte le samedi matin de 09h00 \u00e0 13h00.<\/strong><\/p>\n\t\t\t\t\t\t\t\t<\/div>\n\t\t\t\t<div class=\"beside-image order-md-1\" style=\"background-image:url(https:\/\/www.gialdi.ch\/wp-content\/uploads\/2021\/09\/vinoteca-mendrisio-main.jpg)\"><\/div>\t\t\n\t\t\t<\/div>\n<\/section>\n\n<section class=\"beside-section mt-0\" style=\"background-color:#f8f4ed;\">\n\t<div>\n\t\t<div class=\"beside-content animate-scroll\" data-animations=\"animate__animated animate__fadeInUp delay10\">\n\t\t\t\t\t\t<h3>Comment y arriver ?<\/h3>\n\t\t\t\t\t\t\t\t\t<p>Pour nous rejoindre, quittez l&rsquo;autoroute \u00e0 Mendrisio et suivez la route Cantonale en direction de Lugano.<br \/>\nApr\u00e8s la Vignalunga, sur la droite, vous trouverez la Via Vignoo (un panneau indique l&rsquo;entr\u00e9e).<\/p>\n\t\t\t\t\t\t\t\t\t\t\t\t<a href=\"\/fr\/contacts\/\" class=\"btn\" target=\"_self\">Contactez-nous<\/a>\n\t\t\t\t\t<\/div>\n\t\t\t\t\t\t<a href=\"https:\/\/www.google.com\/maps\/place\/Gialdi+Vini+SA+-+Brivio+di+Gialdi+Vini\/@45.8851498,8.9822717,15z\/data=!4m5!3m4!1s0x0:0xe4d24e8ee183bb7c!8m2!3d45.8851498!4d8.9822717\" class=\"beside-image\" target=\"_blank\" style=\"background-image:url(https:\/\/www.gialdi.ch\/wp-content\/uploads\/2020\/12\/gialdi-mappa.png)\"><\/a>\n\t\t\t<\/div>\n<\/section>","protected":false},"excerpt":{"rendered":"","protected":false},"author":1,"featured_media":0,"parent":0,"menu_order":0,"comment_status":"closed","ping_status":"closed","template":"","meta":{"_acf_changed":false,"inline_featured_image":false,"footnotes":""},"class_list":["post-802","page","type-page","status-publish","hentry"],"acf":[],"yoast_head":"<!-- This site is optimized with the Yoast SEO plugin v27.2 - https:\/\/yoast.com\/product\/yoast-seo-wordpress\/ -->\n<title>La boutique du vin \u00e0 Mendrisio - Gialdi<\/title>\n<meta name=\"description\" content=\"Dans notre vinoth\u00e8que, vous trouverez tous les vins des marques Gialdi et Brivio. Une occasion unique de prendre connaissance de nos produits\" \/>\n<meta name=\"robots\" content=\"index, follow, max-snippet:-1, max-image-preview:large, max-video-preview:-1\" \/>\n<link rel=\"canonical\" href=\"https:\/\/www.gialdi.ch\/fr\/la-boutique-du-vin-a-mendrisio\/\" \/>\n<meta property=\"og:locale\" content=\"fr_FR\" \/>\n<meta property=\"og:type\" content=\"article\" \/>\n<meta property=\"og:title\" content=\"La boutique du vin \u00e0 Mendrisio - Gialdi\" \/>\n<meta property=\"og:description\" content=\"Dans notre vinoth\u00e8que, vous trouverez tous les vins des marques Gialdi et Brivio. Une occasion unique de prendre connaissance de nos produits\" \/>\n<meta property=\"og:url\" content=\"https:\/\/www.gialdi.ch\/fr\/la-boutique-du-vin-a-mendrisio\/\" \/>\n<meta property=\"og:site_name\" content=\"Gialdi\" \/>\n<meta property=\"article:modified_time\" content=\"2021-11-24T09:33:33+00:00\" \/>\n<meta name=\"twitter:card\" content=\"summary_large_image\" \/>\n<script type=\"application\/ld+json\" class=\"yoast-schema-graph\">{\"@context\":\"https:\/\/schema.org\",\"@graph\":[{\"@type\":\"WebPage\",\"@id\":\"https:\/\/www.gialdi.ch\/fr\/la-boutique-du-vin-a-mendrisio\/\",\"url\":\"https:\/\/www.gialdi.ch\/fr\/la-boutique-du-vin-a-mendrisio\/\",\"name\":\"La boutique du vin \u00e0 Mendrisio - Gialdi\",\"isPartOf\":{\"@id\":\"https:\/\/www.gialdi.ch\/fr\/#website\"},\"datePublished\":\"2021-04-28T13:08:05+00:00\",\"dateModified\":\"2021-11-24T09:33:33+00:00\",\"description\":\"Dans notre vinoth\u00e8que, vous trouverez tous les vins des marques Gialdi et Brivio. Une occasion unique de prendre connaissance de nos produits\",\"breadcrumb\":{\"@id\":\"https:\/\/www.gialdi.ch\/fr\/la-boutique-du-vin-a-mendrisio\/#breadcrumb\"},\"inLanguage\":\"fr-FR\",\"potentialAction\":[{\"@type\":\"ReadAction\",\"target\":[\"https:\/\/www.gialdi.ch\/fr\/la-boutique-du-vin-a-mendrisio\/\"]}]},{\"@type\":\"BreadcrumbList\",\"@id\":\"https:\/\/www.gialdi.ch\/fr\/la-boutique-du-vin-a-mendrisio\/#breadcrumb\",\"itemListElement\":[{\"@type\":\"ListItem\",\"position\":1,\"name\":\"Home\",\"item\":\"https:\/\/www.gialdi.ch\/fr\/\"},{\"@type\":\"ListItem\",\"position\":2,\"name\":\"La boutique du vin \u00e0 Mendrisio\"}]},{\"@type\":\"WebSite\",\"@id\":\"https:\/\/www.gialdi.ch\/fr\/#website\",\"url\":\"https:\/\/www.gialdi.ch\/fr\/\",\"name\":\"Gialdi\",\"description\":\"Gialdi Vini\",\"publisher\":{\"@id\":\"https:\/\/www.gialdi.ch\/fr\/#organization\"},\"potentialAction\":[{\"@type\":\"SearchAction\",\"target\":{\"@type\":\"EntryPoint\",\"urlTemplate\":\"https:\/\/www.gialdi.ch\/fr\/?s={search_term_string}\"},\"query-input\":{\"@type\":\"PropertyValueSpecification\",\"valueRequired\":true,\"valueName\":\"search_term_string\"}}],\"inLanguage\":\"fr-FR\"},{\"@type\":\"Organization\",\"@id\":\"https:\/\/www.gialdi.ch\/fr\/#organization\",\"name\":\"Gialdi Vini SA\",\"url\":\"https:\/\/www.gialdi.ch\/fr\/\",\"logo\":{\"@type\":\"ImageObject\",\"inLanguage\":\"fr-FR\",\"@id\":\"https:\/\/www.gialdi.ch\/fr\/#\/schema\/logo\/image\/\",\"url\":\"https:\/\/www.gialdi.ch\/wp-content\/uploads\/2020\/12\/logo-gialdi.png\",\"contentUrl\":\"https:\/\/www.gialdi.ch\/wp-content\/uploads\/2020\/12\/logo-gialdi.png\",\"width\":302,\"height\":152,\"caption\":\"Gialdi Vini SA\"},\"image\":{\"@id\":\"https:\/\/www.gialdi.ch\/fr\/#\/schema\/logo\/image\/\"}}]}<\/script>\n<!-- \/ Yoast SEO plugin. -->","yoast_head_json":{"title":"La boutique du vin \u00e0 Mendrisio - Gialdi","description":"Dans notre vinoth\u00e8que, vous trouverez tous les vins des marques Gialdi et Brivio. Une occasion unique de prendre connaissance de nos produits","robots":{"index":"index","follow":"follow","max-snippet":"max-snippet:-1","max-image-preview":"max-image-preview:large","max-video-preview":"max-video-preview:-1"},"canonical":"https:\/\/www.gialdi.ch\/fr\/la-boutique-du-vin-a-mendrisio\/","og_locale":"fr_FR","og_type":"article","og_title":"La boutique du vin \u00e0 Mendrisio - Gialdi","og_description":"Dans notre vinoth\u00e8que, vous trouverez tous les vins des marques Gialdi et Brivio. Une occasion unique de prendre connaissance de nos produits","og_url":"https:\/\/www.gialdi.ch\/fr\/la-boutique-du-vin-a-mendrisio\/","og_site_name":"Gialdi","article_modified_time":"2021-11-24T09:33:33+00:00","twitter_card":"summary_large_image","schema":{"@context":"https:\/\/schema.org","@graph":[{"@type":"WebPage","@id":"https:\/\/www.gialdi.ch\/fr\/la-boutique-du-vin-a-mendrisio\/","url":"https:\/\/www.gialdi.ch\/fr\/la-boutique-du-vin-a-mendrisio\/","name":"La boutique du vin \u00e0 Mendrisio - Gialdi","isPartOf":{"@id":"https:\/\/www.gialdi.ch\/fr\/#website"},"datePublished":"2021-04-28T13:08:05+00:00","dateModified":"2021-11-24T09:33:33+00:00","description":"Dans notre vinoth\u00e8que, vous trouverez tous les vins des marques Gialdi et Brivio. Une occasion unique de prendre connaissance de nos produits","breadcrumb":{"@id":"https:\/\/www.gialdi.ch\/fr\/la-boutique-du-vin-a-mendrisio\/#breadcrumb"},"inLanguage":"fr-FR","potentialAction":[{"@type":"ReadAction","target":["https:\/\/www.gialdi.ch\/fr\/la-boutique-du-vin-a-mendrisio\/"]}]},{"@type":"BreadcrumbList","@id":"https:\/\/www.gialdi.ch\/fr\/la-boutique-du-vin-a-mendrisio\/#breadcrumb","itemListElement":[{"@type":"ListItem","position":1,"name":"Home","item":"https:\/\/www.gialdi.ch\/fr\/"},{"@type":"ListItem","position":2,"name":"La boutique du vin \u00e0 Mendrisio"}]},{"@type":"WebSite","@id":"https:\/\/www.gialdi.ch\/fr\/#website","url":"https:\/\/www.gialdi.ch\/fr\/","name":"Gialdi","description":"Gialdi Vini","publisher":{"@id":"https:\/\/www.gialdi.ch\/fr\/#organization"},"potentialAction":[{"@type":"SearchAction","target":{"@type":"EntryPoint","urlTemplate":"https:\/\/www.gialdi.ch\/fr\/?s={search_term_string}"},"query-input":{"@type":"PropertyValueSpecification","valueRequired":true,"valueName":"search_term_string"}}],"inLanguage":"fr-FR"},{"@type":"Organization","@id":"https:\/\/www.gialdi.ch\/fr\/#organization","name":"Gialdi Vini SA","url":"https:\/\/www.gialdi.ch\/fr\/","logo":{"@type":"ImageObject","inLanguage":"fr-FR","@id":"https:\/\/www.gialdi.ch\/fr\/#\/schema\/logo\/image\/","url":"https:\/\/www.gialdi.ch\/wp-content\/uploads\/2020\/12\/logo-gialdi.png","contentUrl":"https:\/\/www.gialdi.ch\/wp-content\/uploads\/2020\/12\/logo-gialdi.png","width":302,"height":152,"caption":"Gialdi Vini SA"},"image":{"@id":"https:\/\/www.gialdi.ch\/fr\/#\/schema\/logo\/image\/"}}]}},"_links":{"self":[{"href":"https:\/\/www.gialdi.ch\/fr\/wp-json\/wp\/v2\/pages\/802","targetHints":{"allow":["GET"]}}],"collection":[{"href":"https:\/\/www.gialdi.ch\/fr\/wp-json\/wp\/v2\/pages"}],"about":[{"href":"https:\/\/www.gialdi.ch\/fr\/wp-json\/wp\/v2\/types\/page"}],"author":[{"embeddable":true,"href":"https:\/\/www.gialdi.ch\/fr\/wp-json\/wp\/v2\/users\/1"}],"replies":[{"embeddable":true,"href":"https:\/\/www.gialdi.ch\/fr\/wp-json\/wp\/v2\/comments?post=802"}],"version-history":[{"count":0,"href":"https:\/\/www.gialdi.ch\/fr\/wp-json\/wp\/v2\/pages\/802\/revisions"}],"wp:attachment":[{"href":"https:\/\/www.gialdi.ch\/fr\/wp-json\/wp\/v2\/media?parent=802"}],"curies":[{"name":"wp","href":"https:\/\/api.w.org\/{rel}","templated":true}]}}