{"id":799,"date":"2021-04-28T14:52:26","date_gmt":"2021-04-28T12:52:26","guid":{"rendered":"https:\/\/www.gialdi.ch\/ospitalita\/"},"modified":"2021-09-28T18:20:44","modified_gmt":"2021-09-28T16:20:44","slug":"accueil","status":"publish","type":"page","link":"https:\/\/www.gialdi.ch\/fr\/accueil\/","title":{"rendered":"Accueil"},"content":{"rendered":"<section class=\"hero-header\" style=\"background-image:url('https:\/\/www.gialdi.ch\/wp-content\/uploads\/2021\/05\/ospitalita-testata.jpg');\" data-bkg=\"https:\/\/www.gialdi.ch\/wp-content\/uploads\/2021\/05\/ospitalita-testata.jpg\" data-bkg-md=\"https:\/\/www.gialdi.ch\/wp-content\/uploads\/2021\/05\/ospitalita-testata.jpg\">  \n\t<div>\n\t\t<div class=\"container\">\n\t\t\t<div class=\"row\">\n\t\t\t\t<div class=\"col-12\">\n\t\t\t\t\t<nav class=\"breadcrumb\"><span><span><a href=\"https:\/\/www.gialdi.ch\/fr\/\">Home<\/a><\/span><\/span><\/nav>\t\t\t\t<\/div>\n\t\t\t<\/div>\n\t\t<\/div>\n\t<\/div>\n<\/section>\n\n<section class=\"section-title\">\n\t<article class=\"section-article\">\n\t\t<div class=\"container\">\n\t\t\t<div class=\"row\">\n\t\t\t\t<div class=\"col-12 col-md-10 col-xl-8 mx-auto\">\n\t\t\t\t\t\t\t\t\t\t<h1>Accueil<\/h1>\n\t\t\t\t\t\t\t\t\t\t\t\t\t\t\t<h2>D\u00e9couvrez o\u00f9 et comment naissent nos vins !<\/h2>\n\t\t\t\t\t\t\t\t\t\t\t\t\t\t\t<hr style=\"#BD9E55\">\n\t\t\t\t\t\t\t\t\t<\/div>\n\t\t\t<\/div>\n\t\t<\/div>\n\t<\/article>\n<\/section>\n\n<section class=\"mt-40\">\n\t<article class=\"section-article\">\n\t\t<div class=\"container\">\n\t\t\t<div class=\"row\">\n\t\t\t\t<div class=\"col-12 col-md-10 col-xl-8 mx-auto\">\n\t\t\t\t\t<p>Visitez la cave de vinification, les historiques caves de vieillissement, et d\u00e9couvrez l\u2019ample assortiment de nos vins par une d\u00e9gustation organis\u00e9e dans nos confortables locaux et guid\u00e9e par nos professionnels collaborateurs. Dur\u00e9e environ 1 \u00bd heures. Sur r\u00e9servation.<\/p>\n\t\t\t\t<\/div>\n\t\t\t<\/div>\n\t\t\t\t\t<div class=\"row\">\n\t\t\t\t\t\t\t<div class=\"col-12 col-md-5 col-xl-4 twocols offset-md-1 offset-xl-2\">\n\t\t\t\t\t\t\t\t\t<\/div>\n\t\t\t\t\t\t\t\t\t\t\t<div class=\"col-12 col-md-5 col-xl-4 twocols\">\n\t\t\t\t\t\t\t\t\t<\/div>\n\t\t\t\t\t\t\t\t\t\t<\/div>\n\t\t\t\t<\/div>\n\t<\/article>\n<\/section>\n\n<section class=\"beside-section\" style=\"background-color:#f8f4ed;\">\n\t<div>\n\t\t<div class=\"beside-content order-md-2 animate-scroll\" data-animations=\"animate__animated animate__fadeInUp delay10\">\n\t\t\t\t\t\t\t\t\t<p>Dans nos \u00e9l\u00e9gants espaces de la \u201cForesteria le Palme\u201d il est possible d\u2019organiser des \u00e9v\u00e8nements exclusifs et personnalis\u00e9s (min. 12 &#8211; max 18 personnes).<br \/>\nSuite \u00e0 une visite de la cave, vous pourrez vous asseoir \u00e0 table et vous r\u00e9galer avec un excellent menu associ\u00e9 \u00e0 nos vins. Pour plus d\u2019informations contactez-nous. Sur r\u00e9servation.<\/p>\n<p>Nous disposons d\u2019une tr\u00e8s jolie et moderne salle \u00ab\u00a0Monte Generoso\u00a0\u00bb \u00e9quip\u00e9e pour conf\u00e9rences, pr\u00e9sentations et workshops. Terminez votre journ\u00e9e didactique et de travail avec une visite de cave et d\u00e9gustation de nos vins. Pour r\u00e9server votre exp\u00e9rience, contactez-nous par t\u00e9l\u00e9phone au 091 640 30 30 ou par courriel \u00e0 <a href=\"mailto:info@gialdi.ch\">info@gialdi.ch<\/a><\/p>\n\t\t\t\t\t\t\t\t<\/div>\n\t\t\t\t<div class=\"beside-image order-md-1\" style=\"background-image:url(https:\/\/www.gialdi.ch\/wp-content\/uploads\/2021\/05\/ospitalita-main.jpg)\"><\/div>\t\t\n\t\t\t<\/div>\n<\/section>","protected":false},"excerpt":{"rendered":"","protected":false},"author":1,"featured_media":0,"parent":0,"menu_order":0,"comment_status":"closed","ping_status":"closed","template":"","meta":{"_acf_changed":false,"inline_featured_image":false,"footnotes":""},"class_list":["post-799","page","type-page","status-publish","hentry"],"acf":[],"yoast_head":"<!-- This site is optimized with the Yoast SEO plugin v27.2 - https:\/\/yoast.com\/product\/yoast-seo-wordpress\/ -->\n<title>Accueil - D\u00e9couvrez o\u00f9 et comment naissent nos vins! - Gialdi<\/title>\n<meta name=\"description\" content=\"Visitez la cave de vinification, les historiques caves de vieillissement, et d\u00e9couvrez l\u2019ample assortiment de nos vins par une d\u00e9gustation organis\u00e9e dans nos confortables locaux et guid\u00e9e par nos professionnels collaborateurs.\" \/>\n<meta name=\"robots\" content=\"index, follow, max-snippet:-1, max-image-preview:large, max-video-preview:-1\" \/>\n<link rel=\"canonical\" href=\"https:\/\/www.gialdi.ch\/fr\/accueil\/\" \/>\n<meta property=\"og:locale\" content=\"fr_FR\" \/>\n<meta property=\"og:type\" content=\"article\" \/>\n<meta property=\"og:title\" content=\"Accueil - D\u00e9couvrez o\u00f9 et comment naissent nos vins! - Gialdi\" \/>\n<meta property=\"og:description\" content=\"Visitez la cave de vinification, les historiques caves de vieillissement, et d\u00e9couvrez l\u2019ample assortiment de nos vins par une d\u00e9gustation organis\u00e9e dans nos confortables locaux et guid\u00e9e par nos professionnels collaborateurs.\" \/>\n<meta property=\"og:url\" content=\"https:\/\/www.gialdi.ch\/fr\/accueil\/\" \/>\n<meta property=\"og:site_name\" content=\"Gialdi\" \/>\n<meta property=\"article:modified_time\" content=\"2021-09-28T16:20:44+00:00\" \/>\n<meta name=\"twitter:card\" content=\"summary_large_image\" \/>\n<script type=\"application\/ld+json\" class=\"yoast-schema-graph\">{\"@context\":\"https:\/\/schema.org\",\"@graph\":[{\"@type\":\"WebPage\",\"@id\":\"https:\/\/www.gialdi.ch\/fr\/accueil\/\",\"url\":\"https:\/\/www.gialdi.ch\/fr\/accueil\/\",\"name\":\"Accueil - D\u00e9couvrez o\u00f9 et comment naissent nos vins! - Gialdi\",\"isPartOf\":{\"@id\":\"https:\/\/www.gialdi.ch\/fr\/#website\"},\"datePublished\":\"2021-04-28T12:52:26+00:00\",\"dateModified\":\"2021-09-28T16:20:44+00:00\",\"description\":\"Visitez la cave de vinification, les historiques caves de vieillissement, et d\u00e9couvrez l\u2019ample assortiment de nos vins par une d\u00e9gustation organis\u00e9e dans nos confortables locaux et guid\u00e9e par nos professionnels collaborateurs.\",\"breadcrumb\":{\"@id\":\"https:\/\/www.gialdi.ch\/fr\/accueil\/#breadcrumb\"},\"inLanguage\":\"fr-FR\",\"potentialAction\":[{\"@type\":\"ReadAction\",\"target\":[\"https:\/\/www.gialdi.ch\/fr\/accueil\/\"]}]},{\"@type\":\"BreadcrumbList\",\"@id\":\"https:\/\/www.gialdi.ch\/fr\/accueil\/#breadcrumb\",\"itemListElement\":[{\"@type\":\"ListItem\",\"position\":1,\"name\":\"Home\",\"item\":\"https:\/\/www.gialdi.ch\/fr\/\"},{\"@type\":\"ListItem\",\"position\":2,\"name\":\"Accueil\"}]},{\"@type\":\"WebSite\",\"@id\":\"https:\/\/www.gialdi.ch\/fr\/#website\",\"url\":\"https:\/\/www.gialdi.ch\/fr\/\",\"name\":\"Gialdi\",\"description\":\"Gialdi Vini\",\"publisher\":{\"@id\":\"https:\/\/www.gialdi.ch\/fr\/#organization\"},\"potentialAction\":[{\"@type\":\"SearchAction\",\"target\":{\"@type\":\"EntryPoint\",\"urlTemplate\":\"https:\/\/www.gialdi.ch\/fr\/?s={search_term_string}\"},\"query-input\":{\"@type\":\"PropertyValueSpecification\",\"valueRequired\":true,\"valueName\":\"search_term_string\"}}],\"inLanguage\":\"fr-FR\"},{\"@type\":\"Organization\",\"@id\":\"https:\/\/www.gialdi.ch\/fr\/#organization\",\"name\":\"Gialdi Vini SA\",\"url\":\"https:\/\/www.gialdi.ch\/fr\/\",\"logo\":{\"@type\":\"ImageObject\",\"inLanguage\":\"fr-FR\",\"@id\":\"https:\/\/www.gialdi.ch\/fr\/#\/schema\/logo\/image\/\",\"url\":\"https:\/\/www.gialdi.ch\/wp-content\/uploads\/2020\/12\/logo-gialdi.png\",\"contentUrl\":\"https:\/\/www.gialdi.ch\/wp-content\/uploads\/2020\/12\/logo-gialdi.png\",\"width\":302,\"height\":152,\"caption\":\"Gialdi Vini SA\"},\"image\":{\"@id\":\"https:\/\/www.gialdi.ch\/fr\/#\/schema\/logo\/image\/\"}}]}<\/script>\n<!-- \/ Yoast SEO plugin. -->","yoast_head_json":{"title":"Accueil - D\u00e9couvrez o\u00f9 et comment naissent nos vins! - Gialdi","description":"Visitez la cave de vinification, les historiques caves de vieillissement, et d\u00e9couvrez l\u2019ample assortiment de nos vins par une d\u00e9gustation organis\u00e9e dans nos confortables locaux et guid\u00e9e par nos professionnels collaborateurs.","robots":{"index":"index","follow":"follow","max-snippet":"max-snippet:-1","max-image-preview":"max-image-preview:large","max-video-preview":"max-video-preview:-1"},"canonical":"https:\/\/www.gialdi.ch\/fr\/accueil\/","og_locale":"fr_FR","og_type":"article","og_title":"Accueil - D\u00e9couvrez o\u00f9 et comment naissent nos vins! - Gialdi","og_description":"Visitez la cave de vinification, les historiques caves de vieillissement, et d\u00e9couvrez l\u2019ample assortiment de nos vins par une d\u00e9gustation organis\u00e9e dans nos confortables locaux et guid\u00e9e par nos professionnels collaborateurs.","og_url":"https:\/\/www.gialdi.ch\/fr\/accueil\/","og_site_name":"Gialdi","article_modified_time":"2021-09-28T16:20:44+00:00","twitter_card":"summary_large_image","schema":{"@context":"https:\/\/schema.org","@graph":[{"@type":"WebPage","@id":"https:\/\/www.gialdi.ch\/fr\/accueil\/","url":"https:\/\/www.gialdi.ch\/fr\/accueil\/","name":"Accueil - D\u00e9couvrez o\u00f9 et comment naissent nos vins! - Gialdi","isPartOf":{"@id":"https:\/\/www.gialdi.ch\/fr\/#website"},"datePublished":"2021-04-28T12:52:26+00:00","dateModified":"2021-09-28T16:20:44+00:00","description":"Visitez la cave de vinification, les historiques caves de vieillissement, et d\u00e9couvrez l\u2019ample assortiment de nos vins par une d\u00e9gustation organis\u00e9e dans nos confortables locaux et guid\u00e9e par nos professionnels collaborateurs.","breadcrumb":{"@id":"https:\/\/www.gialdi.ch\/fr\/accueil\/#breadcrumb"},"inLanguage":"fr-FR","potentialAction":[{"@type":"ReadAction","target":["https:\/\/www.gialdi.ch\/fr\/accueil\/"]}]},{"@type":"BreadcrumbList","@id":"https:\/\/www.gialdi.ch\/fr\/accueil\/#breadcrumb","itemListElement":[{"@type":"ListItem","position":1,"name":"Home","item":"https:\/\/www.gialdi.ch\/fr\/"},{"@type":"ListItem","position":2,"name":"Accueil"}]},{"@type":"WebSite","@id":"https:\/\/www.gialdi.ch\/fr\/#website","url":"https:\/\/www.gialdi.ch\/fr\/","name":"Gialdi","description":"Gialdi Vini","publisher":{"@id":"https:\/\/www.gialdi.ch\/fr\/#organization"},"potentialAction":[{"@type":"SearchAction","target":{"@type":"EntryPoint","urlTemplate":"https:\/\/www.gialdi.ch\/fr\/?s={search_term_string}"},"query-input":{"@type":"PropertyValueSpecification","valueRequired":true,"valueName":"search_term_string"}}],"inLanguage":"fr-FR"},{"@type":"Organization","@id":"https:\/\/www.gialdi.ch\/fr\/#organization","name":"Gialdi Vini SA","url":"https:\/\/www.gialdi.ch\/fr\/","logo":{"@type":"ImageObject","inLanguage":"fr-FR","@id":"https:\/\/www.gialdi.ch\/fr\/#\/schema\/logo\/image\/","url":"https:\/\/www.gialdi.ch\/wp-content\/uploads\/2020\/12\/logo-gialdi.png","contentUrl":"https:\/\/www.gialdi.ch\/wp-content\/uploads\/2020\/12\/logo-gialdi.png","width":302,"height":152,"caption":"Gialdi Vini SA"},"image":{"@id":"https:\/\/www.gialdi.ch\/fr\/#\/schema\/logo\/image\/"}}]}},"_links":{"self":[{"href":"https:\/\/www.gialdi.ch\/fr\/wp-json\/wp\/v2\/pages\/799","targetHints":{"allow":["GET"]}}],"collection":[{"href":"https:\/\/www.gialdi.ch\/fr\/wp-json\/wp\/v2\/pages"}],"about":[{"href":"https:\/\/www.gialdi.ch\/fr\/wp-json\/wp\/v2\/types\/page"}],"author":[{"embeddable":true,"href":"https:\/\/www.gialdi.ch\/fr\/wp-json\/wp\/v2\/users\/1"}],"replies":[{"embeddable":true,"href":"https:\/\/www.gialdi.ch\/fr\/wp-json\/wp\/v2\/comments?post=799"}],"version-history":[{"count":0,"href":"https:\/\/www.gialdi.ch\/fr\/wp-json\/wp\/v2\/pages\/799\/revisions"}],"wp:attachment":[{"href":"https:\/\/www.gialdi.ch\/fr\/wp-json\/wp\/v2\/media?parent=799"}],"curies":[{"name":"wp","href":"https:\/\/api.w.org\/{rel}","templated":true}]}}