{"id":793,"date":"2021-04-28T14:17:35","date_gmt":"2021-04-28T12:17:35","guid":{"rendered":"https:\/\/www.gialdi.ch\/il-territorio-viticoltura-ticino\/"},"modified":"2026-03-13T10:36:36","modified_gmt":"2026-03-13T09:36:36","slug":"le-terroir-viticulture-tessin","status":"publish","type":"page","link":"https:\/\/www.gialdi.ch\/fr\/le-terroir-viticulture-tessin\/","title":{"rendered":"Territoire"},"content":{"rendered":"<section class=\"hero-header\" style=\"background-image:url('https:\/\/www.gialdi.ch\/wp-content\/uploads\/2021\/05\/territorioi-testata.jpg');\" data-bkg=\"https:\/\/www.gialdi.ch\/wp-content\/uploads\/2021\/05\/territorioi-testata.jpg\" data-bkg-md=\"https:\/\/www.gialdi.ch\/wp-content\/uploads\/2021\/05\/territorioi-testata.jpg\">  \n\t<div>\n\t\t<div class=\"container\">\n\t\t\t<div class=\"row\">\n\t\t\t\t<div class=\"col-12\">\n\t\t\t\t\t<nav class=\"breadcrumb\"><span><span><a href=\"https:\/\/www.gialdi.ch\/fr\/\">Home<\/a><\/span><\/span><\/nav>\t\t\t\t<\/div>\n\t\t\t<\/div>\n\t\t<\/div>\n\t<\/div>\n<\/section>\n\n<section class=\"section-title\">\n\t<article class=\"section-article\">\n\t\t<div class=\"container\">\n\t\t\t<div class=\"row\">\n\t\t\t\t<div class=\"col-12 col-md-10 col-xl-8 mx-auto\">\n\t\t\t\t\t\t\t\t\t\t<h1>Territoire<\/h1>\n\t\t\t\t\t\t\t\t\t\t\t\t\t\t\t<h2>Le terroir, c&rsquo;est ce m\u00e9lange unique entre le sol, le climat, la topographie et les c\u00e9pages : un ensemble d\u2019\u00e9l\u00e9ments qui donnent \u00e0 chaque vin son identit\u00e9, son caract\u00e8re et sa personnalit\u00e9.<\/h2>\n\t\t\t\t\t\t\t\t\t\t\t\t\t\t\t<hr style=\"#BD9E55\">\n\t\t\t\t\t\t\t\t\t<\/div>\n\t\t\t<\/div>\n\t\t<\/div>\n\t<\/article>\n<\/section>\n\n<section class=\"mt-40\">\n\t<article class=\"section-article\">\n\t\t<div class=\"container\">\n\t\t\t<div class=\"row\">\n\t\t\t\t<div class=\"col-12 col-md-10 col-xl-8 mx-auto\">\n\t\t\t\t\t<p>Gr\u00e2ce \u00e0 sa position privil\u00e9gi\u00e9e sur le versant sud des Alpes, le Tessin b\u00e9n\u00e9ficie de conditions climatiques particuli\u00e8rement favorables \u00e0 la viticulture. Tous les sols ne sont pas pareils, et c&rsquo;est justement cette diversit\u00e9 qui rend le territoire si riche et int\u00e9ressant. Les zones bien expos\u00e9es et ensoleill\u00e9es permettent \u00e0 la vigne d&rsquo;exprimer tout son potentiel, tandis que les sols moins favorables &#8211; comme ceux qui sont humides, froids ou situ\u00e9s dans les fonds de vall\u00e9e &#8211; rappellent combien il est important de trouver le bon \u00e9quilibre entre nature et culture.<\/p>\n\t\t\t\t<\/div>\n\t\t\t<\/div>\n\t\t\t\t\t<div class=\"row\">\n\t\t\t\t\t\t\t<div class=\"col-12 col-md-5 col-xl-4 twocols offset-md-1 offset-xl-2\">\n\t\t\t\t\t\t\t\t\t<\/div>\n\t\t\t\t\t\t\t\t\t\t\t<div class=\"col-12 col-md-5 col-xl-4 twocols\">\n\t\t\t\t\t\t\t\t\t<\/div>\n\t\t\t\t\t\t\t\t\t\t<\/div>\n\t\t\t\t<\/div>\n\t<\/article>\n<\/section>\n\n<section class=\"beside-section\" style=\"background-color:#f8f4ed;\">\n\t<div>\n\t\t<div class=\"beside-content order-md-2 animate-scroll\" data-animations=\"animate__animated animate__fadeInUp delay10\">\n\t\t\t\t\t\t\t\t\t<p>Dans le Sopraceneri, la proximit\u00e9 des Alpes influence profond\u00e9ment le microclimat. Ici, les journ\u00e9es chaudes alternent avec des nuits plus fra\u00eeches, cr\u00e9ant une amplitude thermique id\u00e9ale qui favorise une maturation plus lente des raisins et permet de pr\u00e9server leur fra\u00eecheur, leur finesse aromatique et leur \u00e9l\u00e9gance. Les sous-sols en disent aussi long sur ce territoire : principalement d&rsquo;origine granitique et gneissique, ils proviennent de l&rsquo;\u00e9rosion des roches alpines et sont souvent riches en mat\u00e9riaux min\u00e9raux et d\u00e9tritiques. Ces sols sableux et bien drain\u00e9s obligent la vigne \u00e0 enfoncer ses racines en profondeur, favorisant une croissance \u00e9quilibr\u00e9e et contribuant \u00e0 la production de raisins concentr\u00e9s, capables d&rsquo;exprimer avec authenticit\u00e9 le caract\u00e8re du territoire.<\/p>\n<p>Dans le Sottoceneri, en revanche, l&rsquo;influence d&rsquo;un climat plus doux et la proximit\u00e9 des grands lacs cr\u00e9ent des conditions l\u00e9g\u00e8rement diff\u00e9rentes. Les temp\u00e9ratures et la plus grande stabilit\u00e9 climatique favorisent une maturation plus g\u00e9n\u00e9reuse des raisins, contribuant au d\u00e9veloppement de vins riches, harmonieux et tr\u00e8s expressifs, capables de refl\u00e9ter toute la personnalit\u00e9 de cette partie du canton.<\/p>\n\t\t\t\t\t\t\t\t<\/div>\n\t\t\t\t<div class=\"beside-image order-md-1\" style=\"background-image:url(https:\/\/www.gialdi.ch\/wp-content\/uploads\/2021\/05\/territorio-1-main.jpg)\"><\/div>\t\t\n\t\t\t<\/div>\n<\/section>\n\n<section class=\"beside-section mt-0\" style=\"background-color:#f8f4ed;\">\n\t<div>\n\t\t<div class=\"beside-content animate-scroll\" data-animations=\"animate__animated animate__fadeInUp delay10\">\n\t\t\t\t\t\t\t\t\t<p>La diversit\u00e9 des sols joue un r\u00f4le fondamental. La pr\u00e9sence d&rsquo;argile et de calcaire, la disponibilit\u00e9 de micronutriments tels que le fer et le mangan\u00e8se et la profondeur \u00e0 laquelle les racines peuvent se d\u00e9velopper sont autant d&rsquo;\u00e9l\u00e9ments qui influencent directement la qualit\u00e9 des raisins et, par cons\u00e9quent, l&rsquo;expression du vin.<\/p>\n<p><strong>La diversit\u00e9 du territoire est notre plus grande richesse.<\/strong><\/p>\n<p>La territorialit\u00e9, associ\u00e9e aux particularit\u00e9s climatiques et morphologiques des diff\u00e9rentes zones de production, est au c\u0153ur de notre philosophie. \u00c0 ces valeurs s&rsquo;ajoute une vision dynamique et moderne du march\u00e9, qui nous permet de valoriser au mieux chaque r\u00e9colte et chaque vin produit.<\/p>\n\t\t\t\t\t\t\t\t<\/div>\n\t\t\t\t<div class=\"beside-image\" style=\"background-image:url(https:\/\/www.gialdi.ch\/wp-content\/uploads\/2021\/05\/territorio-2-main.jpg)\"><\/div>\t\t\n\t\t\t<\/div>\n<\/section>","protected":false},"excerpt":{"rendered":"","protected":false},"author":1,"featured_media":0,"parent":0,"menu_order":0,"comment_status":"closed","ping_status":"closed","template":"","meta":{"_acf_changed":false,"inline_featured_image":false,"footnotes":""},"class_list":["post-793","page","type-page","status-publish","hentry"],"acf":[],"yoast_head":"<!-- This site is optimized with the Yoast SEO plugin v27.2 - https:\/\/yoast.com\/product\/yoast-seo-wordpress\/ -->\n<title>Territoire - La diversit\u00e9 est notre force - Gialdi<\/title>\n<meta name=\"description\" content=\"La production de qualit\u00e9, le respect de la territorialit\u00e9 et des particularit\u00e9s climatiques et morphologiques des r\u00e9gions de production sont les valeurs de la Gialdi Vini.\" \/>\n<meta name=\"robots\" content=\"index, follow, max-snippet:-1, max-image-preview:large, max-video-preview:-1\" \/>\n<link rel=\"canonical\" href=\"https:\/\/www.gialdi.ch\/fr\/le-terroir-viticulture-tessin\/\" \/>\n<meta property=\"og:locale\" content=\"fr_FR\" \/>\n<meta property=\"og:type\" content=\"article\" \/>\n<meta property=\"og:title\" content=\"Territoire - La diversit\u00e9 est notre force - Gialdi\" \/>\n<meta property=\"og:description\" content=\"La production de qualit\u00e9, le respect de la territorialit\u00e9 et des particularit\u00e9s climatiques et morphologiques des r\u00e9gions de production sont les valeurs de la Gialdi Vini.\" \/>\n<meta property=\"og:url\" content=\"https:\/\/www.gialdi.ch\/fr\/le-terroir-viticulture-tessin\/\" \/>\n<meta property=\"og:site_name\" content=\"Gialdi\" \/>\n<meta property=\"article:modified_time\" content=\"2026-03-13T09:36:36+00:00\" \/>\n<meta name=\"twitter:card\" content=\"summary_large_image\" \/>\n<script type=\"application\/ld+json\" class=\"yoast-schema-graph\">{\"@context\":\"https:\/\/schema.org\",\"@graph\":[{\"@type\":\"WebPage\",\"@id\":\"https:\/\/www.gialdi.ch\/fr\/le-terroir-viticulture-tessin\/\",\"url\":\"https:\/\/www.gialdi.ch\/fr\/le-terroir-viticulture-tessin\/\",\"name\":\"Territoire - La diversit\u00e9 est notre force - Gialdi\",\"isPartOf\":{\"@id\":\"https:\/\/www.gialdi.ch\/fr\/#website\"},\"datePublished\":\"2021-04-28T12:17:35+00:00\",\"dateModified\":\"2026-03-13T09:36:36+00:00\",\"description\":\"La production de qualit\u00e9, le respect de la territorialit\u00e9 et des particularit\u00e9s climatiques et morphologiques des r\u00e9gions de production sont les valeurs de la Gialdi Vini.\",\"breadcrumb\":{\"@id\":\"https:\/\/www.gialdi.ch\/fr\/le-terroir-viticulture-tessin\/#breadcrumb\"},\"inLanguage\":\"fr-FR\",\"potentialAction\":[{\"@type\":\"ReadAction\",\"target\":[\"https:\/\/www.gialdi.ch\/fr\/le-terroir-viticulture-tessin\/\"]}]},{\"@type\":\"BreadcrumbList\",\"@id\":\"https:\/\/www.gialdi.ch\/fr\/le-terroir-viticulture-tessin\/#breadcrumb\",\"itemListElement\":[{\"@type\":\"ListItem\",\"position\":1,\"name\":\"Home\",\"item\":\"https:\/\/www.gialdi.ch\/fr\/\"},{\"@type\":\"ListItem\",\"position\":2,\"name\":\"Territoire\"}]},{\"@type\":\"WebSite\",\"@id\":\"https:\/\/www.gialdi.ch\/fr\/#website\",\"url\":\"https:\/\/www.gialdi.ch\/fr\/\",\"name\":\"Gialdi\",\"description\":\"Gialdi Vini\",\"publisher\":{\"@id\":\"https:\/\/www.gialdi.ch\/fr\/#organization\"},\"potentialAction\":[{\"@type\":\"SearchAction\",\"target\":{\"@type\":\"EntryPoint\",\"urlTemplate\":\"https:\/\/www.gialdi.ch\/fr\/?s={search_term_string}\"},\"query-input\":{\"@type\":\"PropertyValueSpecification\",\"valueRequired\":true,\"valueName\":\"search_term_string\"}}],\"inLanguage\":\"fr-FR\"},{\"@type\":\"Organization\",\"@id\":\"https:\/\/www.gialdi.ch\/fr\/#organization\",\"name\":\"Gialdi Vini SA\",\"url\":\"https:\/\/www.gialdi.ch\/fr\/\",\"logo\":{\"@type\":\"ImageObject\",\"inLanguage\":\"fr-FR\",\"@id\":\"https:\/\/www.gialdi.ch\/fr\/#\/schema\/logo\/image\/\",\"url\":\"https:\/\/www.gialdi.ch\/wp-content\/uploads\/2020\/12\/logo-gialdi.png\",\"contentUrl\":\"https:\/\/www.gialdi.ch\/wp-content\/uploads\/2020\/12\/logo-gialdi.png\",\"width\":302,\"height\":152,\"caption\":\"Gialdi Vini SA\"},\"image\":{\"@id\":\"https:\/\/www.gialdi.ch\/fr\/#\/schema\/logo\/image\/\"}}]}<\/script>\n<!-- \/ Yoast SEO plugin. -->","yoast_head_json":{"title":"Territoire - La diversit\u00e9 est notre force - Gialdi","description":"La production de qualit\u00e9, le respect de la territorialit\u00e9 et des particularit\u00e9s climatiques et morphologiques des r\u00e9gions de production sont les valeurs de la Gialdi Vini.","robots":{"index":"index","follow":"follow","max-snippet":"max-snippet:-1","max-image-preview":"max-image-preview:large","max-video-preview":"max-video-preview:-1"},"canonical":"https:\/\/www.gialdi.ch\/fr\/le-terroir-viticulture-tessin\/","og_locale":"fr_FR","og_type":"article","og_title":"Territoire - La diversit\u00e9 est notre force - Gialdi","og_description":"La production de qualit\u00e9, le respect de la territorialit\u00e9 et des particularit\u00e9s climatiques et morphologiques des r\u00e9gions de production sont les valeurs de la Gialdi Vini.","og_url":"https:\/\/www.gialdi.ch\/fr\/le-terroir-viticulture-tessin\/","og_site_name":"Gialdi","article_modified_time":"2026-03-13T09:36:36+00:00","twitter_card":"summary_large_image","schema":{"@context":"https:\/\/schema.org","@graph":[{"@type":"WebPage","@id":"https:\/\/www.gialdi.ch\/fr\/le-terroir-viticulture-tessin\/","url":"https:\/\/www.gialdi.ch\/fr\/le-terroir-viticulture-tessin\/","name":"Territoire - La diversit\u00e9 est notre force - Gialdi","isPartOf":{"@id":"https:\/\/www.gialdi.ch\/fr\/#website"},"datePublished":"2021-04-28T12:17:35+00:00","dateModified":"2026-03-13T09:36:36+00:00","description":"La production de qualit\u00e9, le respect de la territorialit\u00e9 et des particularit\u00e9s climatiques et morphologiques des r\u00e9gions de production sont les valeurs de la Gialdi Vini.","breadcrumb":{"@id":"https:\/\/www.gialdi.ch\/fr\/le-terroir-viticulture-tessin\/#breadcrumb"},"inLanguage":"fr-FR","potentialAction":[{"@type":"ReadAction","target":["https:\/\/www.gialdi.ch\/fr\/le-terroir-viticulture-tessin\/"]}]},{"@type":"BreadcrumbList","@id":"https:\/\/www.gialdi.ch\/fr\/le-terroir-viticulture-tessin\/#breadcrumb","itemListElement":[{"@type":"ListItem","position":1,"name":"Home","item":"https:\/\/www.gialdi.ch\/fr\/"},{"@type":"ListItem","position":2,"name":"Territoire"}]},{"@type":"WebSite","@id":"https:\/\/www.gialdi.ch\/fr\/#website","url":"https:\/\/www.gialdi.ch\/fr\/","name":"Gialdi","description":"Gialdi Vini","publisher":{"@id":"https:\/\/www.gialdi.ch\/fr\/#organization"},"potentialAction":[{"@type":"SearchAction","target":{"@type":"EntryPoint","urlTemplate":"https:\/\/www.gialdi.ch\/fr\/?s={search_term_string}"},"query-input":{"@type":"PropertyValueSpecification","valueRequired":true,"valueName":"search_term_string"}}],"inLanguage":"fr-FR"},{"@type":"Organization","@id":"https:\/\/www.gialdi.ch\/fr\/#organization","name":"Gialdi Vini SA","url":"https:\/\/www.gialdi.ch\/fr\/","logo":{"@type":"ImageObject","inLanguage":"fr-FR","@id":"https:\/\/www.gialdi.ch\/fr\/#\/schema\/logo\/image\/","url":"https:\/\/www.gialdi.ch\/wp-content\/uploads\/2020\/12\/logo-gialdi.png","contentUrl":"https:\/\/www.gialdi.ch\/wp-content\/uploads\/2020\/12\/logo-gialdi.png","width":302,"height":152,"caption":"Gialdi Vini SA"},"image":{"@id":"https:\/\/www.gialdi.ch\/fr\/#\/schema\/logo\/image\/"}}]}},"_links":{"self":[{"href":"https:\/\/www.gialdi.ch\/fr\/wp-json\/wp\/v2\/pages\/793","targetHints":{"allow":["GET"]}}],"collection":[{"href":"https:\/\/www.gialdi.ch\/fr\/wp-json\/wp\/v2\/pages"}],"about":[{"href":"https:\/\/www.gialdi.ch\/fr\/wp-json\/wp\/v2\/types\/page"}],"author":[{"embeddable":true,"href":"https:\/\/www.gialdi.ch\/fr\/wp-json\/wp\/v2\/users\/1"}],"replies":[{"embeddable":true,"href":"https:\/\/www.gialdi.ch\/fr\/wp-json\/wp\/v2\/comments?post=793"}],"version-history":[{"count":5,"href":"https:\/\/www.gialdi.ch\/fr\/wp-json\/wp\/v2\/pages\/793\/revisions"}],"predecessor-version":[{"id":1502,"href":"https:\/\/www.gialdi.ch\/fr\/wp-json\/wp\/v2\/pages\/793\/revisions\/1502"}],"wp:attachment":[{"href":"https:\/\/www.gialdi.ch\/fr\/wp-json\/wp\/v2\/media?parent=793"}],"curies":[{"name":"wp","href":"https:\/\/api.w.org\/{rel}","templated":true}]}}