{"id":324,"date":"2020-12-14T19:48:29","date_gmt":"2020-12-14T18:48:29","guid":{"rendered":"https:\/\/www.gialdi.ch\/home\/"},"modified":"2023-11-07T16:40:56","modified_gmt":"2023-11-07T15:40:56","slug":"home","status":"publish","type":"page","link":"https:\/\/www.gialdi.ch\/fr\/","title":{"rendered":"Home"},"content":{"rendered":"<section class=\"hero-home\" data-bkg=\"https:\/\/www.gialdi.ch\/wp-content\/uploads\/2020\/12\/hero-homepage.png.webp\" data-bkg-sm=\"https:\/\/www.gialdi.ch\/wp-content\/uploads\/2020\/12\/hero-homepage.png.webp\" data-bkg-md=\"https:\/\/www.gialdi.ch\/wp-content\/uploads\/2020\/12\/hero-homepage.png.webp\">\n\t<div class=\"hero-home-content animate-scroll\" data-animations=\"animate__animated animate__fadeInUp delay10\">\n\t\t<div class=\"container\">\n\t\t\t<div class=\"row\">\n\t\t\t\t<div class=\"col-12 col-md-10 col-xl-8 mx-auto\">\n\t\t\t\t\t<h1>Les protagonistes du territoire<\/h1>\n\t\t\t\t\t<h2>Gialdi et Brivio, marques d&rsquo;excellence dans la production de vin tessinois<\/h2>\n\t\t\t\t<\/div>\n\t\t\t<\/div>\n\t\t<\/div>\n\t<\/div>\n<\/section>\n\n\n<section class=\"bkg-grey mt-0 pt-0\">\n\t<div class=\"container\">\n\t\t<div class=\"row\">\n\t\t\t<div class=\"col-12\">\n\t\t\t\t<div class=\"main-teaser-wrapper\">\n\t\t\t\t\t<div>\n\t\t\t\t<article class=\"main-teaser animate-scroll\" data-animations=\"animate__animated animate__fadeInUp delay30\" style=\"background-image:url(https:\/\/www.gialdi.ch\/wp-content\/uploads\/2021\/09\/foresteria1.png.webp)\">\n\t\t\t\t\t<a href=\"\/fr\/accueil\/\" target=\"_self\">\n\t\t\t\t\t\t<div>\n\t\t\t\t\t\t\t<div class=\"main-teaser-title\">\n\t\t\t\t\t\t\t\t\t\t\t\t\t\t\t\t<p>D\u00e9gustation<\/p>\n\t\t\t\t\t\t\t\t\t\t\t\t\t\t\t\t\t\t\t\t\t\t\t\t<h4>Accueil<\/h4>\n\t\t\t\t\t\t\t\t\t\t\t\t\t\t\t<\/div>\n\t\t\t\t\t\t\t<div class=\"main-teaser-content\">\n\t\t\t\t\t\t\t\t\t\t\t\t\t\t\t\t<p>D\u00e9couvrez o\u00f9 et comment naissent nos vins !<br \/>\nVisitez la cave de vinification, les historiques caves de vieillissement, et d\u00e9couvrez l\u2019ample assortiment de nos vins par une d\u00e9gustation organis\u00e9e dans nos confortables locaux et guid\u00e9e par nos professionnels collaborateurs. Dur\u00e9e environ 1 \u00bd heures. Sur r\u00e9servation.<\/p>\n\t\t\t\t\t\t\t\t\t\t\t\t\t\t\t\t<span class=\"btn btn-border-white\">Infos et contacts<\/span>\n\t\t\t\t\t\t\t<\/div>\n\t\t\t\t\t\t<\/div>\n\t\t\t\t\t<\/a>\n\t\t\t\t<\/article>\n\t\t\t<\/div>\n\t\t\t\t\t<div>\n\t\t\t\t<article class=\"main-teaser animate-scroll\" data-animations=\"animate__animated animate__fadeInUp delay30\" style=\"background-image:url(https:\/\/www.gialdi.ch\/wp-content\/uploads\/2021\/11\/box-brivio.jpg.webp)\">\n\t\t\t\t\t<a href=\"https:\/\/shop.gialdi.ch\/fr\/\" target=\"_self\">\n\t\t\t\t\t\t<div>\n\t\t\t\t\t\t\t<div class=\"main-teaser-title\">\n\t\t\t\t\t\t\t\t\t\t\t\t\t\t\t\t<p>E-Shop<\/p>\n\t\t\t\t\t\t\t\t\t\t\t\t\t\t\t\t\t\t\t\t\t\t\t\t<h4>Boutique en ligne<\/h4>\n\t\t\t\t\t\t\t\t\t\t\t\t\t\t\t<\/div>\n\t\t\t\t\t\t\t<div class=\"main-teaser-content\">\n\t\t\t\t\t\t\t\t\t\t\t\t\t\t\t\t<p>Commandez nos vins directement depuis chez vous avec notre boutique en ligne. Payement par Twint, cartes de cr\u00e9dit et Postcard. Inscrivez-vous \u00e0 notre Newsletter, vous serez r\u00e9guli\u00e8rement inform\u00e9s concernant nos promotions, nouveaut\u00e9s et initiatives.<\/p>\n\t\t\t\t\t\t\t\t\t\t\t\t\t\t\t\t<span class=\"btn btn-border-white\">Aller au magasin<\/span>\n\t\t\t\t\t\t\t<\/div>\n\t\t\t\t\t\t<\/div>\n\t\t\t\t\t<\/a>\n\t\t\t\t<\/article>\n\t\t\t<\/div>\n\t\t\t\t\t<div>\n\t\t\t\t<article class=\"main-teaser animate-scroll\" data-animations=\"animate__animated animate__fadeInUp delay30\" style=\"background-image:url(https:\/\/www.gialdi.ch\/wp-content\/uploads\/2021\/09\/vinoteca3.png.webp)\">\n\t\t\t\t\t<a href=\"\/fr\/la-boutique-du-vin-a-mendrisio\/\" target=\"_self\">\n\t\t\t\t\t\t<div>\n\t\t\t\t\t\t\t<div class=\"main-teaser-title\">\n\t\t\t\t\t\t\t\t\t\t\t\t\t\t\t\t<p>Vinoth\u00e8que<\/p>\n\t\t\t\t\t\t\t\t\t\t\t\t\t\t\t\t\t\t\t\t\t\t\t\t<h4>La boutique du vin \u00e0 Mendrisio<\/h4>\n\t\t\t\t\t\t\t\t\t\t\t\t\t\t\t<\/div>\n\t\t\t\t\t\t\t<div class=\"main-teaser-content\">\n\t\t\t\t\t\t\t\t\t\t\t\t\t\t\t\t<p>Go\u00fbtez et achetez.<br \/>\nDans notre vinoth\u00e8que, vous trouverez tous les vins des marques Gialdi et Brivio.<br \/>\nUne occasion unique de prendre connaissance de nos produits.<\/p>\n\t\t\t\t\t\t\t\t\t\t\t\t\t\t\t\t<span class=\"btn btn-border-white\">D\u00e9couvrez la vinoth\u00e8que<\/span>\n\t\t\t\t\t\t\t<\/div>\n\t\t\t\t\t\t<\/div>\n\t\t\t\t\t<\/a>\n\t\t\t\t<\/article>\n\t\t\t<\/div>\n\t\t\t\t<\/div>\n\t\t\t<\/div>\n\t\t<\/div>\n\t<\/div>\n<\/section>\n\n\n<section class=\"beside-section mt-0\">\n\t<div>\n\t\t<div class=\"beside-content animate-scroll\" data-animations=\"animate__animated animate__fadeInUp delay10\">\n\t\t\t\t\t\t<h3>Nos vins<\/h3>\n\t\t\t\t\t\t\t\t\t<p>Nos caves de Mendrisio et de Bodio sont \u00e9quip\u00e9es des meilleures technologies qui, avec le savoir-faire de notre \u00e9quipe, nous permettent de valoriser le mieux de ce que la nature nous offre, en produisant des vins de haute qualit\u00e9 dans le plein respect du terroir.<\/p>\n\t\t\t\t\t\t\t\t\t\t\t\t<a href=\"\/fr\/vins\/\" class=\"btn\" target=\"_self\">D\u00e9couvrez tous les vins<\/a>\n\t\t\t\t\t<\/div>\n\t\t\t\t<div class=\"beside-image\" style=\"background-image:url(https:\/\/www.gialdi.ch\/wp-content\/uploads\/2020\/12\/side-image-i-nostri-vini.png)\"><\/div>\t\t\n\t\t\t<\/div>\n<\/section>\n\n<section class=\"bkg- mt-0\" style=\"background-color:#2D2D2D;\">\n\n\t<div class=\"container\">\n\t\t<div class=\"row\">\n\t\t\t<div class=\"col-12\">\n\t\t\t\t<div class=\"wine-slider animate-scroll\" data-animations=\"animate__animated animate__fadeIn delay10\">\n\t\t\t\t\t\t\t\t\t<div>\n\t\t\t\t\t\t<div class=\"wine-slide-image\">\n\t\t\t\t\t\t\t<a href=\"https:\/\/shop.gialdi.ch\/fr\/produit\/estro-75-cl\/\" target=\"_blank\"><img decoding=\"async\" src=\"https:\/\/shop.gialdi.ch\/wp-content\/uploads\/2021\/02\/gialdi-estro-2018.png.webp\" width=\"235\" height=\"647\" alt=\"Estro\"><\/a>\n\t\t\t\t\t\t<\/div>\n\t\t\t\t\t\t<div class=\"wine-slide-content\">\n\t\t\t\t\t\t\t<div>\n\t\t\t\t\t\t\t\t \n\t\t\t\t\t\t\t\t<p class=\"year\">\n\t\t\t\t\t\t\t\t2022\n\t\t\t\t\t\t\t\t<\/p>\n\t\t\t\t\t\t\t\t<h4>Estro<\/h4>\n\t\t\t\t\t\t\t\t<h5>Rosso del Ticino DOC\n<\/h5>\n\t\t\t\t\t\t\t<\/div>\n                            <p>Plein et franc \u00e0 l&rsquo;attaque. Frais ,fruit\u00e9 et de bon corps, avec une excellente structure. Au final long, \u00e9l\u00e9gant et persistant.<\/p>\t\t\t\t\t\t\t<a href=\"https:\/\/shop.gialdi.ch\/fr\/produit\/estro-75-cl\/\" class=\"btn btn-big\" target=\"_blank\">Acheter<\/a>\n\t\t\t\t\t\t<\/div>\n\t\t\t\t\t<\/div>\n\t\t\t\t\t\t\t\t\t<div>\n\t\t\t\t\t\t<div class=\"wine-slide-image\">\n\t\t\t\t\t\t\t<a href=\"https:\/\/shop.gialdi.ch\/fr\/produit\/ronco-bain-75-cl\/\" target=\"_blank\"><img decoding=\"async\" src=\"https:\/\/shop.gialdi.ch\/wp-content\/uploads\/2021\/02\/brivio-ronco-bain-2019.png.webp\" width=\"235\" height=\"647\" alt=\"Ronco Bain\"><\/a>\n\t\t\t\t\t\t<\/div>\n\t\t\t\t\t\t<div class=\"wine-slide-content\">\n\t\t\t\t\t\t\t<div>\n\t\t\t\t\t\t\t\t \n\t\t\t\t\t\t\t\t<p class=\"year\">\n\t\t\t\t\t\t\t\t2024\n\t\t\t\t\t\t\t\t<\/p>\n\t\t\t\t\t\t\t\t<h4>Ronco Bain<\/h4>\n\t\t\t\t\t\t\t\t<h5>Ticino DOC Sauvignon\n<\/h5>\n\t\t\t\t\t\t\t<\/div>\n                            <p>Attaque ferme, fra\u00eeche et fruit\u00e9e. Harmonieux et agr\u00e9able, de structure moyenne avec une finale s\u00e8che et savoureuse.<\/p>\t\t\t\t\t\t\t<a href=\"https:\/\/shop.gialdi.ch\/fr\/produit\/ronco-bain-75-cl\/\" class=\"btn btn-big\" target=\"_blank\">Acheter<\/a>\n\t\t\t\t\t\t<\/div>\n\t\t\t\t\t<\/div>\n\t\t\t\t\t\t\t\t\t<div>\n\t\t\t\t\t\t<div class=\"wine-slide-image\">\n\t\t\t\t\t\t\t<a href=\"https:\/\/shop.gialdi.ch\/fr\/produit\/brivio-brut-75-cl\/\" target=\"_blank\"><img decoding=\"async\" src=\"https:\/\/shop.gialdi.ch\/wp-content\/uploads\/2021\/02\/brivio-brut.png.webp\" width=\"235\" height=\"647\" alt=\"Brivio Brut\"><\/a>\n\t\t\t\t\t\t<\/div>\n\t\t\t\t\t\t<div class=\"wine-slide-content\">\n\t\t\t\t\t\t\t<div>\n\t\t\t\t\t\t\t\t \n\t\t\t\t\t\t\t\t<p class=\"year\">\n\t\t\t\t\t\t\t\t\n\t\t\t\t\t\t\t\t<\/p>\n\t\t\t\t\t\t\t\t<h4>Brivio Brut<\/h4>\n\t\t\t\t\t\t\t\t<h5>IGT Svizzera Spumante\n<\/h5>\n\t\t\t\t\t\t\t<\/div>\n                            <p>Attaque fra\u00eeche et souple, belle longueur.<\/p>\t\t\t\t\t\t\t<a href=\"https:\/\/shop.gialdi.ch\/fr\/produit\/brivio-brut-75-cl\/\" class=\"btn btn-big\" target=\"_blank\">Acheter<\/a>\n\t\t\t\t\t\t<\/div>\n\t\t\t\t\t<\/div>\n\t\t\t\t\t\t\t\t<\/div>\n\t\t\t<\/div>\n\t\t<\/div>\n\t<\/div>\n<\/section>\n\n\n<section class=\"beside-section mt-0\">\n\t<div>\n\t\t<div class=\"beside-content order-md-2 animate-scroll\" data-animations=\"animate__animated animate__fadeInUp delay10\">\n\t\t\t\t\t\t<h3>Le territoire<\/h3>\n\t\t\t\t\t\t\t\t\t<p>Gialdi cultive depuis des ann\u00e9es un rapport \u00e9troit de collaboration et de confiance qui lie notre entreprise aux nombreux producteurs de raisins, qui se transmettent le travail de la vigne de g\u00e9n\u00e9ration en g\u00e9n\u00e9ration.<\/p>\n\t\t\t\t\t\t\t\t\t\t\t\t<a href=\"\/fr\/le-terroir-viticulture-tessin\/\" class=\"btn\" target=\"_self\">En savoir plus<\/a>\n\t\t\t\t\t<\/div>\n\t\t\t\t<div class=\"beside-image order-md-1\" style=\"background-image:url(https:\/\/www.gialdi.ch\/wp-content\/uploads\/2020\/12\/side-image-il-territorio.png)\"><\/div>\t\t\n\t\t\t<\/div>\n<\/section>","protected":false},"excerpt":{"rendered":"","protected":false},"author":1,"featured_media":0,"parent":0,"menu_order":0,"comment_status":"closed","ping_status":"closed","template":"","meta":{"_acf_changed":false,"inline_featured_image":false,"footnotes":""},"class_list":["post-324","page","type-page","status-publish","hentry"],"acf":[],"yoast_head":"<!-- This site is optimized with the Yoast SEO plugin v27.2 - https:\/\/yoast.com\/product\/yoast-seo-wordpress\/ -->\n<title>Gialdi - Les protagonistes du territoire - Home<\/title>\n<meta name=\"description\" content=\"Gialdi et Brivio, marques d&#039;excellence dans la production de vin tessinois. D\u00e9gustations, boutiques en ligne et \u00e9v\u00e9nements personnalis\u00e9s.\" \/>\n<meta name=\"robots\" content=\"index, follow, max-snippet:-1, max-image-preview:large, max-video-preview:-1\" \/>\n<link rel=\"canonical\" href=\"https:\/\/www.gialdi.ch\/fr\/\" \/>\n<meta property=\"og:locale\" content=\"fr_FR\" \/>\n<meta property=\"og:type\" content=\"article\" \/>\n<meta property=\"og:title\" content=\"Gialdi - Les protagonistes du territoire - Home\" \/>\n<meta property=\"og:description\" content=\"Gialdi et Brivio, marques d&#039;excellence dans la production de vin tessinois. D\u00e9gustations, boutiques en ligne et \u00e9v\u00e9nements personnalis\u00e9s.\" \/>\n<meta property=\"og:url\" content=\"https:\/\/www.gialdi.ch\/fr\/\" \/>\n<meta property=\"og:site_name\" content=\"Gialdi\" \/>\n<meta property=\"article:modified_time\" content=\"2023-11-07T15:40:56+00:00\" \/>\n<meta name=\"twitter:card\" content=\"summary_large_image\" \/>\n<script type=\"application\/ld+json\" class=\"yoast-schema-graph\">{\"@context\":\"https:\/\/schema.org\",\"@graph\":[{\"@type\":\"WebPage\",\"@id\":\"https:\/\/www.gialdi.ch\/fr\/\",\"url\":\"https:\/\/www.gialdi.ch\/fr\/\",\"name\":\"Gialdi - Les protagonistes du territoire - Home\",\"isPartOf\":{\"@id\":\"https:\/\/www.gialdi.ch\/fr\/#website\"},\"datePublished\":\"2020-12-14T18:48:29+00:00\",\"dateModified\":\"2023-11-07T15:40:56+00:00\",\"description\":\"Gialdi et Brivio, marques d'excellence dans la production de vin tessinois. D\u00e9gustations, boutiques en ligne et \u00e9v\u00e9nements personnalis\u00e9s.\",\"breadcrumb\":{\"@id\":\"https:\/\/www.gialdi.ch\/fr\/#breadcrumb\"},\"inLanguage\":\"fr-FR\",\"potentialAction\":[{\"@type\":\"ReadAction\",\"target\":[\"https:\/\/www.gialdi.ch\/fr\/\"]}]},{\"@type\":\"BreadcrumbList\",\"@id\":\"https:\/\/www.gialdi.ch\/fr\/#breadcrumb\",\"itemListElement\":[{\"@type\":\"ListItem\",\"position\":1,\"name\":\"Home\",\"item\":\"https:\/\/www.gialdi.ch\/fr\/\"},{\"@type\":\"ListItem\",\"position\":2,\"name\":\"Home\"}]},{\"@type\":\"WebSite\",\"@id\":\"https:\/\/www.gialdi.ch\/fr\/#website\",\"url\":\"https:\/\/www.gialdi.ch\/fr\/\",\"name\":\"Gialdi\",\"description\":\"Gialdi Vini\",\"publisher\":{\"@id\":\"https:\/\/www.gialdi.ch\/fr\/#organization\"},\"potentialAction\":[{\"@type\":\"SearchAction\",\"target\":{\"@type\":\"EntryPoint\",\"urlTemplate\":\"https:\/\/www.gialdi.ch\/fr\/?s={search_term_string}\"},\"query-input\":{\"@type\":\"PropertyValueSpecification\",\"valueRequired\":true,\"valueName\":\"search_term_string\"}}],\"inLanguage\":\"fr-FR\"},{\"@type\":\"Organization\",\"@id\":\"https:\/\/www.gialdi.ch\/fr\/#organization\",\"name\":\"Gialdi Vini SA\",\"url\":\"https:\/\/www.gialdi.ch\/fr\/\",\"logo\":{\"@type\":\"ImageObject\",\"inLanguage\":\"fr-FR\",\"@id\":\"https:\/\/www.gialdi.ch\/fr\/#\/schema\/logo\/image\/\",\"url\":\"https:\/\/www.gialdi.ch\/wp-content\/uploads\/2020\/12\/logo-gialdi.png\",\"contentUrl\":\"https:\/\/www.gialdi.ch\/wp-content\/uploads\/2020\/12\/logo-gialdi.png\",\"width\":302,\"height\":152,\"caption\":\"Gialdi Vini SA\"},\"image\":{\"@id\":\"https:\/\/www.gialdi.ch\/fr\/#\/schema\/logo\/image\/\"}}]}<\/script>\n<!-- \/ Yoast SEO plugin. -->","yoast_head_json":{"title":"Gialdi - Les protagonistes du territoire - Home","description":"Gialdi et Brivio, marques d'excellence dans la production de vin tessinois. D\u00e9gustations, boutiques en ligne et \u00e9v\u00e9nements personnalis\u00e9s.","robots":{"index":"index","follow":"follow","max-snippet":"max-snippet:-1","max-image-preview":"max-image-preview:large","max-video-preview":"max-video-preview:-1"},"canonical":"https:\/\/www.gialdi.ch\/fr\/","og_locale":"fr_FR","og_type":"article","og_title":"Gialdi - Les protagonistes du territoire - Home","og_description":"Gialdi et Brivio, marques d'excellence dans la production de vin tessinois. D\u00e9gustations, boutiques en ligne et \u00e9v\u00e9nements personnalis\u00e9s.","og_url":"https:\/\/www.gialdi.ch\/fr\/","og_site_name":"Gialdi","article_modified_time":"2023-11-07T15:40:56+00:00","twitter_card":"summary_large_image","schema":{"@context":"https:\/\/schema.org","@graph":[{"@type":"WebPage","@id":"https:\/\/www.gialdi.ch\/fr\/","url":"https:\/\/www.gialdi.ch\/fr\/","name":"Gialdi - Les protagonistes du territoire - Home","isPartOf":{"@id":"https:\/\/www.gialdi.ch\/fr\/#website"},"datePublished":"2020-12-14T18:48:29+00:00","dateModified":"2023-11-07T15:40:56+00:00","description":"Gialdi et Brivio, marques d'excellence dans la production de vin tessinois. D\u00e9gustations, boutiques en ligne et \u00e9v\u00e9nements personnalis\u00e9s.","breadcrumb":{"@id":"https:\/\/www.gialdi.ch\/fr\/#breadcrumb"},"inLanguage":"fr-FR","potentialAction":[{"@type":"ReadAction","target":["https:\/\/www.gialdi.ch\/fr\/"]}]},{"@type":"BreadcrumbList","@id":"https:\/\/www.gialdi.ch\/fr\/#breadcrumb","itemListElement":[{"@type":"ListItem","position":1,"name":"Home","item":"https:\/\/www.gialdi.ch\/fr\/"},{"@type":"ListItem","position":2,"name":"Home"}]},{"@type":"WebSite","@id":"https:\/\/www.gialdi.ch\/fr\/#website","url":"https:\/\/www.gialdi.ch\/fr\/","name":"Gialdi","description":"Gialdi Vini","publisher":{"@id":"https:\/\/www.gialdi.ch\/fr\/#organization"},"potentialAction":[{"@type":"SearchAction","target":{"@type":"EntryPoint","urlTemplate":"https:\/\/www.gialdi.ch\/fr\/?s={search_term_string}"},"query-input":{"@type":"PropertyValueSpecification","valueRequired":true,"valueName":"search_term_string"}}],"inLanguage":"fr-FR"},{"@type":"Organization","@id":"https:\/\/www.gialdi.ch\/fr\/#organization","name":"Gialdi Vini SA","url":"https:\/\/www.gialdi.ch\/fr\/","logo":{"@type":"ImageObject","inLanguage":"fr-FR","@id":"https:\/\/www.gialdi.ch\/fr\/#\/schema\/logo\/image\/","url":"https:\/\/www.gialdi.ch\/wp-content\/uploads\/2020\/12\/logo-gialdi.png","contentUrl":"https:\/\/www.gialdi.ch\/wp-content\/uploads\/2020\/12\/logo-gialdi.png","width":302,"height":152,"caption":"Gialdi Vini SA"},"image":{"@id":"https:\/\/www.gialdi.ch\/fr\/#\/schema\/logo\/image\/"}}]}},"_links":{"self":[{"href":"https:\/\/www.gialdi.ch\/fr\/wp-json\/wp\/v2\/pages\/324","targetHints":{"allow":["GET"]}}],"collection":[{"href":"https:\/\/www.gialdi.ch\/fr\/wp-json\/wp\/v2\/pages"}],"about":[{"href":"https:\/\/www.gialdi.ch\/fr\/wp-json\/wp\/v2\/types\/page"}],"author":[{"embeddable":true,"href":"https:\/\/www.gialdi.ch\/fr\/wp-json\/wp\/v2\/users\/1"}],"replies":[{"embeddable":true,"href":"https:\/\/www.gialdi.ch\/fr\/wp-json\/wp\/v2\/comments?post=324"}],"version-history":[{"count":6,"href":"https:\/\/www.gialdi.ch\/fr\/wp-json\/wp\/v2\/pages\/324\/revisions"}],"predecessor-version":[{"id":1435,"href":"https:\/\/www.gialdi.ch\/fr\/wp-json\/wp\/v2\/pages\/324\/revisions\/1435"}],"wp:attachment":[{"href":"https:\/\/www.gialdi.ch\/fr\/wp-json\/wp\/v2\/media?parent=324"}],"curies":[{"name":"wp","href":"https:\/\/api.w.org\/{rel}","templated":true}]}}