{"id":815,"date":"2020-12-16T19:06:01","date_gmt":"2020-12-16T18:06:01","guid":{"rendered":"https:\/\/www.gialdi.ch\/brand\/"},"modified":"2025-02-18T10:04:44","modified_gmt":"2025-02-18T09:04:44","slug":"marke","status":"publish","type":"page","link":"https:\/\/www.gialdi.ch\/de\/marke\/","title":{"rendered":"Marke"},"content":{"rendered":"<section class=\"hero-header\" style=\"background-image:url('https:\/\/www.gialdi.ch\/wp-content\/uploads\/2022\/06\/MG_1143-scaled-e1655112894464.jpg');\" data-bkg=\"https:\/\/www.gialdi.ch\/wp-content\/uploads\/2022\/06\/MG_1143-scaled-e1655112894464.jpg\" data-bkg-md=\"https:\/\/www.gialdi.ch\/wp-content\/uploads\/2022\/06\/MG_1143-scaled-e1655112894464.jpg\">  \n\t<div>\n\t\t<div class=\"container\">\n\t\t\t<div class=\"row\">\n\t\t\t\t<div class=\"col-12\">\n\t\t\t\t\t<nav class=\"breadcrumb\"><span><span><a href=\"https:\/\/www.gialdi.ch\/de\/\">Home<\/a><\/span><\/span><\/nav>\t\t\t\t<\/div>\n\t\t\t<\/div>\n\t\t<\/div>\n\t<\/div>\n<\/section>\n\n<section class=\"section-title\">\n\t<article class=\"section-article\">\n\t\t<div class=\"container\">\n\t\t\t<div class=\"row\">\n\t\t\t\t<div class=\"col-12 col-md-10 col-xl-8 mx-auto\">\n\t\t\t\t\t\t\t\t\t\t<h1>Marke<\/h1>\n\t\t\t\t\t\t\t\t\t\t\t\t\t\t\t<h2>\u201cJeder region ihre tradition, jeder region ihr wein\u201d.<\/h2>\n\t\t\t\t\t\t\t\t\t\t\t\t\t\t\t<hr style=\"#BD9E55\">\n\t\t\t\t\t\t\t\t\t<\/div>\n\t\t\t<\/div>\n\t\t<\/div>\n\t<\/article>\n<\/section>\n\n<section class=\"mt-40\">\n\t<article class=\"section-article\">\n\t\t<div class=\"container\">\n\t\t\t<div class=\"row\">\n\t\t\t\t<div class=\"col-12 col-md-10 col-xl-8 mx-auto\">\n\t\t\t\t\t<p>Alle von Gialdi Vini SA produzierten Weine sind von diesem Grundsatz inspiriert, sind repr\u00e4sentativ f\u00fcr die einzelnen Gebiete und bewahren stark deren Identit\u00e4t. Die zahlreichen Anerkennungen, die wir in den letzten Jahrzehnten erhalten haben, best\u00e4tigen die Berechtigung dieser Unternehmensphilosophie.<\/p>\n<p>Die breite Palette der Gialdi-Produkte setzt sich aus zwei Linien zusammen, die sich in ihren organoleptischen Eigenschaften unterscheiden, die mit dem Gebiet verbunden sind, aus dem die Trauben stammen.<\/p>\n\t\t\t\t<\/div>\n\t\t\t<\/div>\n\t\t\t\t\t<div class=\"row\">\n\t\t\t\t\t\t\t<div class=\"col-12 col-md-5 col-xl-4 twocols offset-md-1 offset-xl-2\">\n\t\t\t\t\t<p><img decoding=\"async\" class=\"logo wp-image-657 size-medium aligncenter\" src=\"https:\/\/www.gialdi.ch\/wp-content\/uploads\/2021\/05\/logo-gialdi.svg\" alt=\"Gialdi logo\" width=\"300\" height=\"300\" \/><\/p>\n\t\t\t\t<\/div>\n\t\t\t\t\t\t\t\t\t\t\t<div class=\"col-12 col-md-5 col-xl-4 twocols\">\n\t\t\t\t\t<p><img decoding=\"async\" class=\"logo aligncenter wp-image-653 size-thumbnail\" src=\"https:\/\/www.gialdi.ch\/wp-content\/uploads\/2021\/05\/logo-brivio.svg\" alt=\"Brivio logo\" width=\"150\" height=\"150\" \/><\/p>\n\t\t\t\t<\/div>\n\t\t\t\t\t\t\t\t\t\t<\/div>\n\t\t\t\t<\/div>\n\t<\/article>\n<\/section>\n\n<section class=\"beside-section\" style=\"background-color:#f8f4ed;\">\n\t<div>\n\t\t<div class=\"beside-content order-md-2 animate-scroll\" data-animations=\"animate__animated animate__fadeInUp delay10\">\n\t\t\t\t\t\t\t\t\t<p><img decoding=\"async\" class=\"logo alignnone wp-image-657 size-medium\" src=\"https:\/\/www.gialdi.ch\/wp-content\/uploads\/2021\/05\/logo-gialdi.svg\" alt=\"Gialdi logo\" width=\"300\" height=\"300\" \/><\/p>\n<p><strong>Gialdi<\/strong> bietet haupts\u00e4chlich Weine an, die aus Trauben erzeugt werden, die von etwa hundert Winzern gekauft werden, die ihre Weinberge in der Region Tre Valli, im Sopraceneri im Norden des Kantons Tessin, pflegen. Der sandige Boden verleiht diesen Weinen w\u00fcrzige und balsamische Noten, w\u00e4hrend das Vorhandensein von Muttergestein aus Gneis und Granit, diesen Weinen des &#8222;Nordens&#8220; gro\u00dfen Geschmack, Pers\u00f6nlichkeit und einen starken Charakter verleiht der sie gleichzeitig komplex, ausgewogen und f\u00fcr ein gute Alterungspotential geeignet macht.<\/p>\n\t\t\t\t\t\t\t\t\t\t\t\t<a href=\"https:\/\/shop.gialdi.ch\/de\/linie\/gialdi-de\/\" class=\"btn\" target=\"_blank\">Weine Gialdi<\/a>\n\t\t\t\t\t<\/div>\n\t\t\t\t<div class=\"beside-image order-md-1\" style=\"background-image:url(https:\/\/www.gialdi.ch\/wp-content\/uploads\/2021\/05\/brand-gialdi-vigneti-main.jpg)\"><\/div>\t\t\n\t\t\t<\/div>\n<\/section>\n\n<section>\n\t<article class=\"section-article\">\n\t\t<div class=\"container\">\n\t\t\t<div class=\"row\">\n\t\t\t\t<div class=\"col-12 col-md-10 col-xl-8 mx-auto\">\n\t\t\t\t\t<p>Das Unternehmen z\u00e4hlt etwa drei\u00dfig Etiketten, die zu gleichen Teilen auf die beiden Produktionslinien aufgeteilt sind, mit erlesenen Weinen, die in vollem Respekt vor diesen beiden spektakul\u00e4ren Terroirs hergestellt werden und deren Charakteristiken hervorheben.<\/p>\n\t\t\t\t<\/div>\n\t\t\t<\/div>\n\t\t\t\t\t<div class=\"row\">\n\t\t\t\t\t\t\t<div class=\"col-12 col-md-5 col-xl-4 twocols offset-md-1 offset-xl-2\">\n\t\t\t\t\t\t\t\t\t<\/div>\n\t\t\t\t\t\t\t\t\t\t\t<div class=\"col-12 col-md-5 col-xl-4 twocols\">\n\t\t\t\t\t\t\t\t\t<\/div>\n\t\t\t\t\t\t\t\t\t\t<\/div>\n\t\t\t\t<\/div>\n\t<\/article>\n<\/section>\n\n<section class=\"beside-section\" style=\"background-color:#f8f4ed;\">\n\t<div>\n\t\t<div class=\"beside-content animate-scroll\" data-animations=\"animate__animated animate__fadeInUp delay10\">\n\t\t\t\t\t\t\t\t\t<p><img decoding=\"async\" class=\"logo alignnone wp-image-653\" src=\"https:\/\/www.gialdi.ch\/wp-content\/uploads\/2021\/05\/logo-brivio.svg\" alt=\"Brivio logo\" width=\"142\" height=\"86\" \/><\/p>\n<p>Die Linie <strong>Brivio<\/strong> konzentriert sich stattdessen auf die Produktion von Weinen aus dem S\u00fcdtessin. Die Trauben werden hier von etwa achtzig Winzern aus dem Sottoceneri geliefert. Im S\u00fcden sind die B\u00f6den kalkhaltig, schwerer, lehmhaltig und tiefer als im Sopraceneri.<br \/>\nDie daraus resultierenden Weine sind vollmundig, weich und von gro\u00dfer Eleganz.<\/p>\n\t\t\t\t\t\t\t\t\t\t\t\t<a href=\"https:\/\/shop.gialdi.ch\/de\/linie\/brivio-de\/\" class=\"btn\" target=\"_blank\">Weine Brivio<\/a>\n\t\t\t\t\t<\/div>\n\t\t\t\t<div class=\"beside-image\" style=\"background-image:url(https:\/\/www.gialdi.ch\/wp-content\/uploads\/2021\/05\/brand-brivio-vigneti-main.jpg)\"><\/div>\t\t\n\t\t\t<\/div>\n<\/section>","protected":false},"excerpt":{"rendered":"","protected":false},"author":1,"featured_media":0,"parent":0,"menu_order":0,"comment_status":"closed","ping_status":"closed","template":"","meta":{"_acf_changed":false,"inline_featured_image":false,"footnotes":""},"class_list":["post-815","page","type-page","status-publish","hentry"],"acf":[],"yoast_head":"<!-- This site is optimized with the Yoast SEO plugin v27.2 - https:\/\/yoast.com\/product\/yoast-seo-wordpress\/ -->\n<title>Jeder region ihre tradition, jeder region ihr wein - Marke - Gialdi<\/title>\n<meta name=\"description\" content=\"Die breite Palette der Gialdi-Produkte setzt sich aus zwei Linien zusammen, die sich in ihren organoleptischen Eigenschaften unterscheiden, die mit dem Gebiet verbunden sind, aus dem die Trauben stammen.\" \/>\n<meta name=\"robots\" content=\"index, follow, max-snippet:-1, max-image-preview:large, max-video-preview:-1\" \/>\n<link rel=\"canonical\" href=\"https:\/\/www.gialdi.ch\/de\/marke\/\" \/>\n<meta property=\"og:locale\" content=\"de_DE\" \/>\n<meta property=\"og:type\" content=\"article\" \/>\n<meta property=\"og:title\" content=\"Jeder region ihre tradition, jeder region ihr wein - Marke - Gialdi\" \/>\n<meta property=\"og:description\" content=\"Die breite Palette der Gialdi-Produkte setzt sich aus zwei Linien zusammen, die sich in ihren organoleptischen Eigenschaften unterscheiden, die mit dem Gebiet verbunden sind, aus dem die Trauben stammen.\" \/>\n<meta property=\"og:url\" content=\"https:\/\/www.gialdi.ch\/de\/marke\/\" \/>\n<meta property=\"og:site_name\" content=\"Gialdi\" \/>\n<meta property=\"article:modified_time\" content=\"2025-02-18T09:04:44+00:00\" \/>\n<meta name=\"twitter:card\" content=\"summary_large_image\" \/>\n<script type=\"application\/ld+json\" class=\"yoast-schema-graph\">{\"@context\":\"https:\/\/schema.org\",\"@graph\":[{\"@type\":\"WebPage\",\"@id\":\"https:\/\/www.gialdi.ch\/de\/marke\/\",\"url\":\"https:\/\/www.gialdi.ch\/de\/marke\/\",\"name\":\"Jeder region ihre tradition, jeder region ihr wein - Marke - Gialdi\",\"isPartOf\":{\"@id\":\"https:\/\/www.gialdi.ch\/de\/#website\"},\"datePublished\":\"2020-12-16T18:06:01+00:00\",\"dateModified\":\"2025-02-18T09:04:44+00:00\",\"description\":\"Die breite Palette der Gialdi-Produkte setzt sich aus zwei Linien zusammen, die sich in ihren organoleptischen Eigenschaften unterscheiden, die mit dem Gebiet verbunden sind, aus dem die Trauben stammen.\",\"breadcrumb\":{\"@id\":\"https:\/\/www.gialdi.ch\/de\/marke\/#breadcrumb\"},\"inLanguage\":\"de\",\"potentialAction\":[{\"@type\":\"ReadAction\",\"target\":[\"https:\/\/www.gialdi.ch\/de\/marke\/\"]}]},{\"@type\":\"BreadcrumbList\",\"@id\":\"https:\/\/www.gialdi.ch\/de\/marke\/#breadcrumb\",\"itemListElement\":[{\"@type\":\"ListItem\",\"position\":1,\"name\":\"Home\",\"item\":\"https:\/\/www.gialdi.ch\/de\/\"},{\"@type\":\"ListItem\",\"position\":2,\"name\":\"Marke\"}]},{\"@type\":\"WebSite\",\"@id\":\"https:\/\/www.gialdi.ch\/de\/#website\",\"url\":\"https:\/\/www.gialdi.ch\/de\/\",\"name\":\"Gialdi\",\"description\":\"Gialdi Vini\",\"publisher\":{\"@id\":\"https:\/\/www.gialdi.ch\/de\/#organization\"},\"potentialAction\":[{\"@type\":\"SearchAction\",\"target\":{\"@type\":\"EntryPoint\",\"urlTemplate\":\"https:\/\/www.gialdi.ch\/de\/?s={search_term_string}\"},\"query-input\":{\"@type\":\"PropertyValueSpecification\",\"valueRequired\":true,\"valueName\":\"search_term_string\"}}],\"inLanguage\":\"de\"},{\"@type\":\"Organization\",\"@id\":\"https:\/\/www.gialdi.ch\/de\/#organization\",\"name\":\"Gialdi Vini SA\",\"url\":\"https:\/\/www.gialdi.ch\/de\/\",\"logo\":{\"@type\":\"ImageObject\",\"inLanguage\":\"de\",\"@id\":\"https:\/\/www.gialdi.ch\/de\/#\/schema\/logo\/image\/\",\"url\":\"https:\/\/www.gialdi.ch\/wp-content\/uploads\/2020\/12\/logo-gialdi.png\",\"contentUrl\":\"https:\/\/www.gialdi.ch\/wp-content\/uploads\/2020\/12\/logo-gialdi.png\",\"width\":302,\"height\":152,\"caption\":\"Gialdi Vini SA\"},\"image\":{\"@id\":\"https:\/\/www.gialdi.ch\/de\/#\/schema\/logo\/image\/\"}}]}<\/script>\n<!-- \/ Yoast SEO plugin. -->","yoast_head_json":{"title":"Jeder region ihre tradition, jeder region ihr wein - Marke - Gialdi","description":"Die breite Palette der Gialdi-Produkte setzt sich aus zwei Linien zusammen, die sich in ihren organoleptischen Eigenschaften unterscheiden, die mit dem Gebiet verbunden sind, aus dem die Trauben stammen.","robots":{"index":"index","follow":"follow","max-snippet":"max-snippet:-1","max-image-preview":"max-image-preview:large","max-video-preview":"max-video-preview:-1"},"canonical":"https:\/\/www.gialdi.ch\/de\/marke\/","og_locale":"de_DE","og_type":"article","og_title":"Jeder region ihre tradition, jeder region ihr wein - Marke - Gialdi","og_description":"Die breite Palette der Gialdi-Produkte setzt sich aus zwei Linien zusammen, die sich in ihren organoleptischen Eigenschaften unterscheiden, die mit dem Gebiet verbunden sind, aus dem die Trauben stammen.","og_url":"https:\/\/www.gialdi.ch\/de\/marke\/","og_site_name":"Gialdi","article_modified_time":"2025-02-18T09:04:44+00:00","twitter_card":"summary_large_image","schema":{"@context":"https:\/\/schema.org","@graph":[{"@type":"WebPage","@id":"https:\/\/www.gialdi.ch\/de\/marke\/","url":"https:\/\/www.gialdi.ch\/de\/marke\/","name":"Jeder region ihre tradition, jeder region ihr wein - Marke - Gialdi","isPartOf":{"@id":"https:\/\/www.gialdi.ch\/de\/#website"},"datePublished":"2020-12-16T18:06:01+00:00","dateModified":"2025-02-18T09:04:44+00:00","description":"Die breite Palette der Gialdi-Produkte setzt sich aus zwei Linien zusammen, die sich in ihren organoleptischen Eigenschaften unterscheiden, die mit dem Gebiet verbunden sind, aus dem die Trauben stammen.","breadcrumb":{"@id":"https:\/\/www.gialdi.ch\/de\/marke\/#breadcrumb"},"inLanguage":"de","potentialAction":[{"@type":"ReadAction","target":["https:\/\/www.gialdi.ch\/de\/marke\/"]}]},{"@type":"BreadcrumbList","@id":"https:\/\/www.gialdi.ch\/de\/marke\/#breadcrumb","itemListElement":[{"@type":"ListItem","position":1,"name":"Home","item":"https:\/\/www.gialdi.ch\/de\/"},{"@type":"ListItem","position":2,"name":"Marke"}]},{"@type":"WebSite","@id":"https:\/\/www.gialdi.ch\/de\/#website","url":"https:\/\/www.gialdi.ch\/de\/","name":"Gialdi","description":"Gialdi Vini","publisher":{"@id":"https:\/\/www.gialdi.ch\/de\/#organization"},"potentialAction":[{"@type":"SearchAction","target":{"@type":"EntryPoint","urlTemplate":"https:\/\/www.gialdi.ch\/de\/?s={search_term_string}"},"query-input":{"@type":"PropertyValueSpecification","valueRequired":true,"valueName":"search_term_string"}}],"inLanguage":"de"},{"@type":"Organization","@id":"https:\/\/www.gialdi.ch\/de\/#organization","name":"Gialdi Vini SA","url":"https:\/\/www.gialdi.ch\/de\/","logo":{"@type":"ImageObject","inLanguage":"de","@id":"https:\/\/www.gialdi.ch\/de\/#\/schema\/logo\/image\/","url":"https:\/\/www.gialdi.ch\/wp-content\/uploads\/2020\/12\/logo-gialdi.png","contentUrl":"https:\/\/www.gialdi.ch\/wp-content\/uploads\/2020\/12\/logo-gialdi.png","width":302,"height":152,"caption":"Gialdi Vini SA"},"image":{"@id":"https:\/\/www.gialdi.ch\/de\/#\/schema\/logo\/image\/"}}]}},"_links":{"self":[{"href":"https:\/\/www.gialdi.ch\/de\/wp-json\/wp\/v2\/pages\/815","targetHints":{"allow":["GET"]}}],"collection":[{"href":"https:\/\/www.gialdi.ch\/de\/wp-json\/wp\/v2\/pages"}],"about":[{"href":"https:\/\/www.gialdi.ch\/de\/wp-json\/wp\/v2\/types\/page"}],"author":[{"embeddable":true,"href":"https:\/\/www.gialdi.ch\/de\/wp-json\/wp\/v2\/users\/1"}],"replies":[{"embeddable":true,"href":"https:\/\/www.gialdi.ch\/de\/wp-json\/wp\/v2\/comments?post=815"}],"version-history":[{"count":1,"href":"https:\/\/www.gialdi.ch\/de\/wp-json\/wp\/v2\/pages\/815\/revisions"}],"predecessor-version":[{"id":1452,"href":"https:\/\/www.gialdi.ch\/de\/wp-json\/wp\/v2\/pages\/815\/revisions\/1452"}],"wp:attachment":[{"href":"https:\/\/www.gialdi.ch\/de\/wp-json\/wp\/v2\/media?parent=815"}],"curies":[{"name":"wp","href":"https:\/\/api.w.org\/{rel}","templated":true}]}}