{"id":800,"date":"2021-04-28T14:52:26","date_gmt":"2021-04-28T12:52:26","guid":{"rendered":"https:\/\/www.gialdi.ch\/ospitalita\/"},"modified":"2021-09-28T18:23:22","modified_gmt":"2021-09-28T16:23:22","slug":"gastfreundschaft","status":"publish","type":"page","link":"https:\/\/www.gialdi.ch\/de\/gastfreundschaft\/","title":{"rendered":"Gastfreundschaft"},"content":{"rendered":"<section class=\"hero-header\" style=\"background-image:url('https:\/\/www.gialdi.ch\/wp-content\/uploads\/2021\/05\/ospitalita-testata.jpg');\" data-bkg=\"https:\/\/www.gialdi.ch\/wp-content\/uploads\/2021\/05\/ospitalita-testata.jpg\" data-bkg-md=\"https:\/\/www.gialdi.ch\/wp-content\/uploads\/2021\/05\/ospitalita-testata.jpg\">  \n\t<div>\n\t\t<div class=\"container\">\n\t\t\t<div class=\"row\">\n\t\t\t\t<div class=\"col-12\">\n\t\t\t\t\t<nav class=\"breadcrumb\"><span><span><a href=\"https:\/\/www.gialdi.ch\/de\/\">Home<\/a><\/span><\/span><\/nav>\t\t\t\t<\/div>\n\t\t\t<\/div>\n\t\t<\/div>\n\t<\/div>\n<\/section>\n\n<section class=\"section-title\">\n\t<article class=\"section-article\">\n\t\t<div class=\"container\">\n\t\t\t<div class=\"row\">\n\t\t\t\t<div class=\"col-12 col-md-10 col-xl-8 mx-auto\">\n\t\t\t\t\t\t\t\t\t\t<h1>Gastfreundschaft<\/h1>\n\t\t\t\t\t\t\t\t\t\t\t\t\t\t\t<h2>Entdecken Sie, wo und wie unsere Weine entstehen. <\/h2>\n\t\t\t\t\t\t\t\t\t\t\t\t\t\t\t<hr style=\"#BD9E55\">\n\t\t\t\t\t\t\t\t\t<\/div>\n\t\t\t<\/div>\n\t\t<\/div>\n\t<\/article>\n<\/section>\n\n<section class=\"mt-40\">\n\t<article class=\"section-article\">\n\t\t<div class=\"container\">\n\t\t\t<div class=\"row\">\n\t\t\t\t<div class=\"col-12 col-md-10 col-xl-8 mx-auto\">\n\t\t\t\t\t<p>Besuchen Sie den Weinkeller, die historischen Reifekeller und entdecken Sie die Vielfalt unserer Produkte bei einer Weinverkostung in unseren daf\u00fcr eingerichteten R\u00e4umlichkeiten.<br \/>\nDauer ca. 1 \u00bd Stunden. Voranmeldungen sind erw\u00fcnscht. <\/p>\n\t\t\t\t<\/div>\n\t\t\t<\/div>\n\t\t\t\t\t<div class=\"row\">\n\t\t\t\t\t\t\t<div class=\"col-12 col-md-5 col-xl-4 twocols offset-md-1 offset-xl-2\">\n\t\t\t\t\t\t\t\t\t<\/div>\n\t\t\t\t\t\t\t\t\t\t\t<div class=\"col-12 col-md-5 col-xl-4 twocols\">\n\t\t\t\t\t\t\t\t\t<\/div>\n\t\t\t\t\t\t\t\t\t\t<\/div>\n\t\t\t\t<\/div>\n\t<\/article>\n<\/section>\n\n<section class=\"beside-section\" style=\"background-color:#f8f4ed;\">\n\t<div>\n\t\t<div class=\"beside-content order-md-2 animate-scroll\" data-animations=\"animate__animated animate__fadeInUp delay10\">\n\t\t\t\t\t\t\t\t\t<p>In der \u201cForesteria le Palme\u201d ist es m\u00f6glich, exklusive und personalisierte Anl\u00e4sse zu organisieren (min. 12 &#8211; max. 18 Personen). Setzen Sie sich nach der Besichtigung des Weinguts am Tisch nieder und genie\u00dfen Sie ein k\u00f6stliches Men\u00fc in Kombination mit unseren Weinen. F\u00fcr weitere Informationen kontaktieren Sie uns bitte. Nur auf Voranmeldung.<\/p>\n<p>Wir verf\u00fcgen auch \u00fcber einen Mehrzweckraum \u201cMonte Generoso\u201d f\u00fcr Konferenzen und Workshops.<br \/>\nFragen Sie nach der Verf\u00fcgbarkeit und schlie\u00dfen Sie Ihren Bildungstag mit einem kurzen Besuch in den Kellern und einer Verkostung unserer Produkte ab. Preis auf Anfrage. Um Ihr Erlebnis zu buchen, kontaktieren Sie uns per Telefon 091 640 30 30 oder per E-Mail <a href=\"mailto:info@gialdi.ch\">info@gialdi.ch<\/a><\/p>\n\t\t\t\t\t\t\t\t<\/div>\n\t\t\t\t<div class=\"beside-image order-md-1\" style=\"background-image:url(https:\/\/www.gialdi.ch\/wp-content\/uploads\/2021\/05\/ospitalita-main.jpg)\"><\/div>\t\t\n\t\t\t<\/div>\n<\/section>","protected":false},"excerpt":{"rendered":"","protected":false},"author":1,"featured_media":0,"parent":0,"menu_order":0,"comment_status":"closed","ping_status":"closed","template":"","meta":{"_acf_changed":false,"inline_featured_image":false,"footnotes":""},"class_list":["post-800","page","type-page","status-publish","hentry"],"acf":[],"yoast_head":"<!-- This site is optimized with the Yoast SEO plugin v27.2 - https:\/\/yoast.com\/product\/yoast-seo-wordpress\/ -->\n<title>Gastfreundschaft - Entdecken Sie, wo und wie unsere Weine entstehen - Gialdi<\/title>\n<meta name=\"description\" content=\"Besuchen Sie den Weinkeller, die historischen Reifekeller und entdecken Sie die Vielfalt unserer Produkte bei einer Weinverkostung in unseren daf\u00fcr eingerichteten R\u00e4umlichkeiten.Dauer ca.\" \/>\n<meta name=\"robots\" content=\"index, follow, max-snippet:-1, max-image-preview:large, max-video-preview:-1\" \/>\n<link rel=\"canonical\" href=\"https:\/\/www.gialdi.ch\/de\/gastfreundschaft\/\" \/>\n<meta property=\"og:locale\" content=\"de_DE\" \/>\n<meta property=\"og:type\" content=\"article\" \/>\n<meta property=\"og:title\" content=\"Gastfreundschaft - Entdecken Sie, wo und wie unsere Weine entstehen - Gialdi\" \/>\n<meta property=\"og:description\" content=\"Besuchen Sie den Weinkeller, die historischen Reifekeller und entdecken Sie die Vielfalt unserer Produkte bei einer Weinverkostung in unseren daf\u00fcr eingerichteten R\u00e4umlichkeiten.Dauer ca.\" \/>\n<meta property=\"og:url\" content=\"https:\/\/www.gialdi.ch\/de\/gastfreundschaft\/\" \/>\n<meta property=\"og:site_name\" content=\"Gialdi\" \/>\n<meta property=\"article:modified_time\" content=\"2021-09-28T16:23:22+00:00\" \/>\n<meta name=\"twitter:card\" content=\"summary_large_image\" \/>\n<script type=\"application\/ld+json\" class=\"yoast-schema-graph\">{\"@context\":\"https:\/\/schema.org\",\"@graph\":[{\"@type\":\"WebPage\",\"@id\":\"https:\/\/www.gialdi.ch\/de\/gastfreundschaft\/\",\"url\":\"https:\/\/www.gialdi.ch\/de\/gastfreundschaft\/\",\"name\":\"Gastfreundschaft - Entdecken Sie, wo und wie unsere Weine entstehen - Gialdi\",\"isPartOf\":{\"@id\":\"https:\/\/www.gialdi.ch\/de\/#website\"},\"datePublished\":\"2021-04-28T12:52:26+00:00\",\"dateModified\":\"2021-09-28T16:23:22+00:00\",\"description\":\"Besuchen Sie den Weinkeller, die historischen Reifekeller und entdecken Sie die Vielfalt unserer Produkte bei einer Weinverkostung in unseren daf\u00fcr eingerichteten R\u00e4umlichkeiten.Dauer ca.\",\"breadcrumb\":{\"@id\":\"https:\/\/www.gialdi.ch\/de\/gastfreundschaft\/#breadcrumb\"},\"inLanguage\":\"de\",\"potentialAction\":[{\"@type\":\"ReadAction\",\"target\":[\"https:\/\/www.gialdi.ch\/de\/gastfreundschaft\/\"]}]},{\"@type\":\"BreadcrumbList\",\"@id\":\"https:\/\/www.gialdi.ch\/de\/gastfreundschaft\/#breadcrumb\",\"itemListElement\":[{\"@type\":\"ListItem\",\"position\":1,\"name\":\"Home\",\"item\":\"https:\/\/www.gialdi.ch\/de\/\"},{\"@type\":\"ListItem\",\"position\":2,\"name\":\"Gastfreundschaft\"}]},{\"@type\":\"WebSite\",\"@id\":\"https:\/\/www.gialdi.ch\/de\/#website\",\"url\":\"https:\/\/www.gialdi.ch\/de\/\",\"name\":\"Gialdi\",\"description\":\"Gialdi Vini\",\"publisher\":{\"@id\":\"https:\/\/www.gialdi.ch\/de\/#organization\"},\"potentialAction\":[{\"@type\":\"SearchAction\",\"target\":{\"@type\":\"EntryPoint\",\"urlTemplate\":\"https:\/\/www.gialdi.ch\/de\/?s={search_term_string}\"},\"query-input\":{\"@type\":\"PropertyValueSpecification\",\"valueRequired\":true,\"valueName\":\"search_term_string\"}}],\"inLanguage\":\"de\"},{\"@type\":\"Organization\",\"@id\":\"https:\/\/www.gialdi.ch\/de\/#organization\",\"name\":\"Gialdi Vini SA\",\"url\":\"https:\/\/www.gialdi.ch\/de\/\",\"logo\":{\"@type\":\"ImageObject\",\"inLanguage\":\"de\",\"@id\":\"https:\/\/www.gialdi.ch\/de\/#\/schema\/logo\/image\/\",\"url\":\"https:\/\/www.gialdi.ch\/wp-content\/uploads\/2020\/12\/logo-gialdi.png\",\"contentUrl\":\"https:\/\/www.gialdi.ch\/wp-content\/uploads\/2020\/12\/logo-gialdi.png\",\"width\":302,\"height\":152,\"caption\":\"Gialdi Vini SA\"},\"image\":{\"@id\":\"https:\/\/www.gialdi.ch\/de\/#\/schema\/logo\/image\/\"}}]}<\/script>\n<!-- \/ Yoast SEO plugin. -->","yoast_head_json":{"title":"Gastfreundschaft - Entdecken Sie, wo und wie unsere Weine entstehen - Gialdi","description":"Besuchen Sie den Weinkeller, die historischen Reifekeller und entdecken Sie die Vielfalt unserer Produkte bei einer Weinverkostung in unseren daf\u00fcr eingerichteten R\u00e4umlichkeiten.Dauer ca.","robots":{"index":"index","follow":"follow","max-snippet":"max-snippet:-1","max-image-preview":"max-image-preview:large","max-video-preview":"max-video-preview:-1"},"canonical":"https:\/\/www.gialdi.ch\/de\/gastfreundschaft\/","og_locale":"de_DE","og_type":"article","og_title":"Gastfreundschaft - Entdecken Sie, wo und wie unsere Weine entstehen - Gialdi","og_description":"Besuchen Sie den Weinkeller, die historischen Reifekeller und entdecken Sie die Vielfalt unserer Produkte bei einer Weinverkostung in unseren daf\u00fcr eingerichteten R\u00e4umlichkeiten.Dauer ca.","og_url":"https:\/\/www.gialdi.ch\/de\/gastfreundschaft\/","og_site_name":"Gialdi","article_modified_time":"2021-09-28T16:23:22+00:00","twitter_card":"summary_large_image","schema":{"@context":"https:\/\/schema.org","@graph":[{"@type":"WebPage","@id":"https:\/\/www.gialdi.ch\/de\/gastfreundschaft\/","url":"https:\/\/www.gialdi.ch\/de\/gastfreundschaft\/","name":"Gastfreundschaft - Entdecken Sie, wo und wie unsere Weine entstehen - Gialdi","isPartOf":{"@id":"https:\/\/www.gialdi.ch\/de\/#website"},"datePublished":"2021-04-28T12:52:26+00:00","dateModified":"2021-09-28T16:23:22+00:00","description":"Besuchen Sie den Weinkeller, die historischen Reifekeller und entdecken Sie die Vielfalt unserer Produkte bei einer Weinverkostung in unseren daf\u00fcr eingerichteten R\u00e4umlichkeiten.Dauer ca.","breadcrumb":{"@id":"https:\/\/www.gialdi.ch\/de\/gastfreundschaft\/#breadcrumb"},"inLanguage":"de","potentialAction":[{"@type":"ReadAction","target":["https:\/\/www.gialdi.ch\/de\/gastfreundschaft\/"]}]},{"@type":"BreadcrumbList","@id":"https:\/\/www.gialdi.ch\/de\/gastfreundschaft\/#breadcrumb","itemListElement":[{"@type":"ListItem","position":1,"name":"Home","item":"https:\/\/www.gialdi.ch\/de\/"},{"@type":"ListItem","position":2,"name":"Gastfreundschaft"}]},{"@type":"WebSite","@id":"https:\/\/www.gialdi.ch\/de\/#website","url":"https:\/\/www.gialdi.ch\/de\/","name":"Gialdi","description":"Gialdi Vini","publisher":{"@id":"https:\/\/www.gialdi.ch\/de\/#organization"},"potentialAction":[{"@type":"SearchAction","target":{"@type":"EntryPoint","urlTemplate":"https:\/\/www.gialdi.ch\/de\/?s={search_term_string}"},"query-input":{"@type":"PropertyValueSpecification","valueRequired":true,"valueName":"search_term_string"}}],"inLanguage":"de"},{"@type":"Organization","@id":"https:\/\/www.gialdi.ch\/de\/#organization","name":"Gialdi Vini SA","url":"https:\/\/www.gialdi.ch\/de\/","logo":{"@type":"ImageObject","inLanguage":"de","@id":"https:\/\/www.gialdi.ch\/de\/#\/schema\/logo\/image\/","url":"https:\/\/www.gialdi.ch\/wp-content\/uploads\/2020\/12\/logo-gialdi.png","contentUrl":"https:\/\/www.gialdi.ch\/wp-content\/uploads\/2020\/12\/logo-gialdi.png","width":302,"height":152,"caption":"Gialdi Vini SA"},"image":{"@id":"https:\/\/www.gialdi.ch\/de\/#\/schema\/logo\/image\/"}}]}},"_links":{"self":[{"href":"https:\/\/www.gialdi.ch\/de\/wp-json\/wp\/v2\/pages\/800","targetHints":{"allow":["GET"]}}],"collection":[{"href":"https:\/\/www.gialdi.ch\/de\/wp-json\/wp\/v2\/pages"}],"about":[{"href":"https:\/\/www.gialdi.ch\/de\/wp-json\/wp\/v2\/types\/page"}],"author":[{"embeddable":true,"href":"https:\/\/www.gialdi.ch\/de\/wp-json\/wp\/v2\/users\/1"}],"replies":[{"embeddable":true,"href":"https:\/\/www.gialdi.ch\/de\/wp-json\/wp\/v2\/comments?post=800"}],"version-history":[{"count":0,"href":"https:\/\/www.gialdi.ch\/de\/wp-json\/wp\/v2\/pages\/800\/revisions"}],"wp:attachment":[{"href":"https:\/\/www.gialdi.ch\/de\/wp-json\/wp\/v2\/media?parent=800"}],"curies":[{"name":"wp","href":"https:\/\/api.w.org\/{rel}","templated":true}]}}