{"id":797,"date":"2020-12-16T17:17:43","date_gmt":"2020-12-16T16:17:43","guid":{"rendered":"https:\/\/www.gialdi.ch\/privacy\/"},"modified":"2021-11-24T11:34:18","modified_gmt":"2021-11-24T10:34:18","slug":"privacy","status":"publish","type":"page","link":"https:\/\/www.gialdi.ch\/de\/privacy\/","title":{"rendered":"Datenschutzrichtlinie"},"content":{"rendered":"<section class=\"hero-header\" style=\"background-image:url('https:\/\/www.gialdi.ch\/wp-content\/uploads\/2020\/12\/hero-header-contatti.png');\" data-bkg=\"https:\/\/www.gialdi.ch\/wp-content\/uploads\/2020\/12\/hero-header-contatti.png\" data-bkg-md=\"https:\/\/www.gialdi.ch\/wp-content\/uploads\/2020\/12\/hero-header-contatti.png\">  \n\t<div>\n\t\t<div class=\"container\">\n\t\t\t<div class=\"row\">\n\t\t\t\t<div class=\"col-12\">\n\t\t\t\t\t<nav class=\"breadcrumb\"><span><span><a href=\"https:\/\/www.gialdi.ch\/de\/\">Home<\/a><\/span><\/span><\/nav>\t\t\t\t<\/div>\n\t\t\t<\/div>\n\t\t<\/div>\n\t<\/div>\n<\/section>\n\n<section class=\"section-title\">\n\t<article class=\"section-article\">\n\t\t<div class=\"container\">\n\t\t\t<div class=\"row\">\n\t\t\t\t<div class=\"col-12 col-md-10 col-xl-8 mx-auto\">\n\t\t\t\t\t\t\t\t\t\t<h1>DATENSCHUTZRICHTLINIE<\/h1>\n\t\t\t\t\t\t\t\t\t\t\t\t\t\t\t<h2>Gialdi Vini SA, als Inhaber der Datenverarbeitung (nachfolgend &#8222;Inhaber&#8220; genannt), betrachtet die Privatsph\u00e4re und den Schutz der pers\u00f6nlichen Daten als ein wichtiges Thema in seiner T\u00e4tigkeit. Aus diesem Grund verarbeitet sie personenbezogene Daten sowohl im Einklang mit dem Bundesdatenschutzgesetz (DSG, 19. Juni 1992) als auch mit den Bestimmungen der EU-Verordnung 679\/2016 oder GDPR, General Data Protection Regulation, (im Folgenden &#8222;Verordnung&#8220;). Bevor Sie dem f\u00fcr die Verarbeitung Verantwortlichen personenbezogene Daten mitteilen, bitten wir Sie daher, diese Datenschutzerkl\u00e4rung sorgf\u00e4ltig zu lesen, da sie sehr n\u00fctzliche Informationen \u00fcber den Schutz Ihrer personenbezogenen Daten enth\u00e4lt.<\/h2>\n\t\t\t\t\t\t\t\t\t\t\t\t\t\t\t<hr style=\"#BD9E55\">\n\t\t\t\t\t\t\t\t\t<\/div>\n\t\t\t<\/div>\n\t\t<\/div>\n\t<\/article>\n<\/section>\n\n<section class=\"mt-0\">\n\t<article class=\"section-article\">\n\t\t<div class=\"container\">\n\t\t\t<div class=\"row\">\n\t\t\t\t<div class=\"col-12 col-md-10 col-xl-8 mx-auto\">\n\t\t\t\t\t<p>Diese Datenschutzerkl\u00e4rung:<\/p>\n<p>ist f\u00fcr die Website www.gialdi.ch (im Folgenden &#8222;Website&#8220; genannt) bestimmt und gilt in allen F\u00e4llen, in denen auf diese Erkl\u00e4rung verwiesen wird oder ein Link zu ihr besteht; sie ist ein integraler Bestandteil der Website und der von uns angebotenen Dienstleistungen und wird denjenigen zur Verf\u00fcgung gestellt, die mit den Webdiensten der Website interagieren. Die Verarbeitung Ihrer personenbezogenen Daten erfolgt nach den Grunds\u00e4tzen der Korrektheit, Rechtm\u00e4\u00dfigkeit, Transparenz, Zweckbindung und Speicherung, Minimierung und Genauigkeit, Integrit\u00e4t und Vertraulichkeit sowie nach dem Grundsatz der Verantwortlichkeit. Ihre personenbezogenen Daten werden daher unter Beachtung der geltenden Rechtsvorschriften und Geheimhaltungspflichten verarbeitet. Wir informieren Sie dar\u00fcber, dass die verarbeiteten personenbezogenen Daten &#8211; auch in Abh\u00e4ngigkeit von Ihren Entscheidungen \u00fcber die Nutzung der Dienste &#8211; aus Textinformationen, Fotos oder anderen Informationen bestehen k\u00f6nnen, die die betreffende Person je nach Art der angeforderten Dienste identifizieren oder identifizierbar machen k\u00f6nnen.<\/p>\n<p><strong>DATENVERANTWORTLICHER<\/strong><br \/>\nDer Inhaber der Datenverarbeitung ist Gialdi Vini SA mit Sitz in Via Vignoo 3 \/ CH 6850 Mendrisio.<\/p>\n<p><strong>PERSONENBEZOGENE DATEN, DIE DER VERARBEITUNG UNTERLIEGEN<\/strong><br \/>\nWir informieren Sie dar\u00fcber, dass die verarbeiteten personenbezogenen Daten &#8211; auch in Abh\u00e4ngigkeit von Ihren Entscheidungen \u00fcber die Nutzung der Dienste &#8211; aus einer Kennung wie einem Namen, einer Nummer, einem oder mehreren charakteristischen Elementen Ihrer Identit\u00e4t bestehen k\u00f6nnen, die Sie je nach Art der angeforderten Dienste identifizierbar oder identifizierbar machen k\u00f6nnen (im Folgenden nur &#8222;personenbezogene Daten&#8220;).<br \/>\nDie \u00fcber die Website verarbeiteten personenbezogenen Daten sind die folgenden:<\/p>\n<p><strong>Daten zur Navigation<\/strong><br \/>\nW\u00e4hrend ihres normalen Betriebs erfassen die f\u00fcr den Betrieb der Website verwendeten Computersysteme und Softwareverfahren einige personenbezogene Daten, deren \u00dcbermittlung durch die Verwendung von Internet-Kommunikationsprotokollen implizit ist. Diese Informationen werden nicht gesammelt, um mit identifizierten Interessenten in Verbindung gebracht zu werden, und der f\u00fcr die Datenverarbeitung Verantwortliche wird in keiner Weise versuchen, die in den Protokollen seiner Server enthaltenen Daten mit den Personen in Verbindung zu bringen, die die Website besucht haben. Diese Daten k\u00f6nnten jedoch durch die Verarbeitung und Zusammenf\u00fchrung mit Daten im Besitz von Dritten naturgem\u00e4\u00df die Identifizierung von Nutzern erm\u00f6glichen. Zu dieser Datenkategorie geh\u00f6ren beispielsweise die IP-Adressen oder Dom\u00e4nennamen der Computer, die von den Nutzern verwendet werden, die sich mit der Website verbinden, die URI-Sequenzen (Uniform Resource Identifier) der angeforderten Ressourcen, die Uhrzeit der Anfrage, die Methode, mit der die Anfrage an den Server \u00fcbermittelt wurde, die Gr\u00f6\u00dfe der als Antwort erhaltenen Datei, der Zahlencode, der den Status der vom Server gegebenen Antwort angibt, und andere Parameter, die sich auf das Betriebssystem des Nutzers beziehen. Diese Daten werden ausschlie\u00dflich dazu verwendet, anonyme statistische Informationen \u00fcber die Nutzung der Website zu erhalten, ihr ordnungsgem\u00e4\u00dfes Funktionieren zu \u00fcberpr\u00fcfen, Anomalien und\/oder Missbrauch festzustellen und die Website selbst besser zu strukturieren. Die Daten k\u00f6nnten verwendet werden, um die Verantwortlichkeit im Falle von hypothetischen Computerverbrechen gegen die Website oder Dritte festzustellen.<\/p>\n<p><strong>Freiwillig von Ihnen zur Verf\u00fcgung gestellte Daten<\/strong><br \/>\nUnbeschadet spezifischer Informationen gilt diese Datenschutzrichtlinie auch f\u00fcr die Verarbeitung von Daten, die Sie freiwillig \u00fcber die Website zur Verf\u00fcgung stellen. Insbesondere k\u00f6nnen Sie Daten \u00fcbermitteln, indem Sie das Formular (nachstehend &#8222;Formular&#8220; genannt) ausf\u00fcllen, um sich f\u00fcr den Newsletter anzumelden, Informationen, Dienstleistungen oder Produkte anzufordern, sowie Daten, die Sie per E-Mail \u00fcbermitteln. In diesem Zusammenhang bitten wir Sie, in die Formulare auf der Website keine Informationen einzutragen, die unter die in Artikel 9 der Verordnung genannten besonderen Kategorien personenbezogener Daten fallen k\u00f6nnten (z. B. Daten \u00fcber Ihre politischen Meinungen, religi\u00f6sen \u00dcberzeugungen oder Ihren Gesundheitszustand).<\/p>\n<p><strong>Von Ihnen freiwillig zur Verf\u00fcgung gestellte Daten Dritter<\/strong><br \/>\nBei der Inanspruchnahme bestimmter Dienste k\u00f6nnen personenbezogene Daten Dritter verarbeitet werden, die Sie dem f\u00fcr die Verarbeitung Verantwortlichen mitgeteilt haben. In diesen F\u00e4llen handeln Sie als autonomer Datenverantwortlicher und \u00fcbernehmen alle gesetzlichen Verpflichtungen und Verantwortlichkeiten. In diesem Zusammenhang gew\u00e4hren Sie dem f\u00fcr die Verarbeitung Verantwortlichen eine weitestgehende Entsch\u00e4digung f\u00fcr alle Streitigkeiten, Forderungen oder Antr\u00e4ge auf Ersatz des durch die Verarbeitung entstandenen Schadens, die von Dritten erhoben werden, deren personenbezogene Daten durch Ihre Nutzung der Dienste der Website unter Versto\u00df gegen die geltenden Datenschutzvorschriften verarbeitet wurden. In jedem Fall, wenn Sie bei der Nutzung der Website personenbezogene Daten Dritter zur Verf\u00fcgung stellen oder anderweitig verarbeiten, garantieren Sie bereits jetzt &#8211; unter \u00dcbernahme aller damit verbundenen Haftung -, dass dieser besondere Fall der Verarbeitung auf der vorherigen Einholung der Zustimmung des Dritten zur Verarbeitung der ihn betreffenden Informationen durch Sie beruht.<\/p>\n<p><strong>Cookies<\/strong><br \/>\nInformationen zu den von der Website verwendeten Cookies finden Sie unter dem <a href=\"https:\/\/www.gialdi.ch\/de\/cookie-policy\/\">folgenden Link<\/a>.<\/p>\n<p><strong>ZWECK DER VERARBEITUNG<\/strong><br \/>\nIhre personenbezogenen Daten werden, gegebenenfalls mit Ihrer Zustimmung, f\u00fcr folgende Zwecke verarbeitet zur Erf\u00fcllung von Verpflichtungen, die in den geltenden Gesetzen, Verordnungen oder gemeinschaftlichen Rechtsvorschriften vorgesehen sind, sowie zur Erf\u00fcllung von beh\u00f6rdlichen Anfragen; zur Erm\u00f6glichung der Navigation auf der Website und der Erbringung von Dienstleistungen des Eigent\u00fcmers, zus\u00e4tzlich zu den Zwecken, die eng mit der Erf\u00fcllung der mit dem Interessenten abgeschlossenen Vertr\u00e4ge verbunden und\/oder instrumentell und\/oder notwendig sind; zur Beantwortung spezifischer Anfragen an den Eigent\u00fcmer, um die angeforderten Informationen, Dienstleistungen oder Produkte bereitzustellen, sowie zur Beantwortung der von Ihnen gesendeten Nachrichten; zur Versendung des von Ihnen abonnierten Newsletters, unbeschadet der M\u00f6glichkeit, sich von der Empf\u00e4ngerliste abzumelden, indem Sie den entsprechenden Link in jeder Nachricht ausw\u00e4hlen; zu statistischen Zwecken, ohne dass Ihre Identit\u00e4t zur\u00fcckverfolgt werden kann. Die Verarbeitung Ihrer Daten kann mit manuellen, computergest\u00fctzten und telematischen Mitteln sowie mit automatisierten Methoden zur Speicherung, Verwaltung und \u00dcbermittlung erfolgen; sie erfolgt mit geeigneten Mitteln (soweit dies vern\u00fcnftigerweise erforderlich ist und dem Stand der Technik entspricht), um die Sicherheit und Vertraulichkeit durch den Einsatz geeigneter Verfahren zu gew\u00e4hrleisten, die das Risiko des Verlusts, des unbefugten Zugriffs, der unrechtm\u00e4\u00dfigen Verwendung und der Verbreitung vermeiden.<br \/>\nDie Daten werden in Computer- und Telematikarchiven sowie &#8211; in Ausnahmef\u00e4llen &#8211; in Papierform gespeichert, wobei die vom Gesetzgeber vorgesehenen Sicherheitsma\u00dfnahmen in vollem Umfang gew\u00e4hrleistet sind.<br \/>\nEs werden besondere Sicherheitsma\u00dfnahmen ergriffen, um Datenverlust, unrechtm\u00e4\u00dfige oder falsche Verwendung und unbefugten Zugriff zu verhindern.<\/p>\n<p><strong>RECHTSGRUNDLAGE UND OBLIGATORISCHER ODER FAKULTATIVER CHARAKTER DER VERARBEITUNG<\/strong><br \/>\nDer in Abschnitt 3.1 genannte Zweck stellt eine rechtm\u00e4\u00dfige Verarbeitung personenbezogener Daten dar, da sie erforderlich ist, um einer rechtlichen Verpflichtung nachzukommen, der der f\u00fcr die Verarbeitung Verantwortliche unterliegt. Sobald die personenbezogenen Daten zur Verf\u00fcgung gestellt wurden, ist die Verarbeitung in der Tat notwendig, um den rechtlichen Verpflichtungen nachzukommen, denen der f\u00fcr die Verarbeitung Verantwortliche unterliegt. Die Rechtsgrundlage f\u00fcr die Verarbeitung personenbezogener Daten zu den in den Abschnitten 3.2, 3.3 und 3.4 genannten Zwecken ist die Notwendigkeit der Erf\u00fcllung eines Vertrags, dessen Vertragspartei die betroffene Person ist, oder vorvertraglicher Ma\u00dfnahmen, die auf Antrag der betroffenen Person getroffen werden, da die Verarbeitung f\u00fcr die Erbringung von Dienstleistungen erforderlich ist. Die Angabe personenbezogener Daten zu diesen Zwecken ist fakultativ, aber wenn sie nicht erfolgt, k\u00f6nnen die gew\u00fcnschten Dienste nicht aktiviert werden. Insbesondere die Verarbeitung Ihrer Daten, die zu besonderen Kategorien geh\u00f6ren (wie z. B. Daten, aus denen die rassische oder ethnische Herkunft, politische Meinungen, religi\u00f6se oder philosophische \u00dcberzeugungen oder die Gewerkschaftszugeh\u00f6rigkeit hervorgehen, sowie genetische Daten, biometrische Daten zur eindeutigen Identifizierung einer nat\u00fcrlichen Person, Daten \u00fcber Gesundheit oder Leben bzw. die sexuelle Ausrichtung), hat ihre Rechtsgrundlage in Ihrer ausdr\u00fccklichen Zustimmung, wenn Sie uns diese trotz unserer gegenteiligen Meinung mitteilen. Abschlie\u00dfend weisen wir darauf hin, dass die in Abschnitt 3.5 genannte Verarbeitung nicht auf der Grundlage personenbezogener Daten erfolgt und folglich vom f\u00fcr die Verarbeitung Verantwortlichen frei durchgef\u00fchrt werden kann.<\/p>\n<p><strong>EMPF\u00c4NGER VON PERSONENBEZOGENEN DATEN<\/strong><br \/>\nDer f\u00fcr die Verarbeitung Verantwortliche wird Ihre personenbezogenen Daten nicht an Dritte verkaufen, \u00fcbertragen oder anderweitig weitergeben. Personenbezogene Daten k\u00f6nnen zu den in Abschnitt 3 dieser Datenschutzerkl\u00e4rung genannten Zwecken weitergegeben werden an: Einrichtungen, die in der Regel als Datenverantwortliche fungieren, n\u00e4mlich i) Personen, Gesellschaften oder Fachfirmen, die den f\u00fcr die Verarbeitung Verantwortlichen in buchhalterischen, verwaltungstechnischen, rechtlichen, steuerlichen und finanziellen Angelegenheiten unterst\u00fctzen und beraten; ii) Personen, die mit der Durchf\u00fchrung von technischen Wartungsarbeiten beauftragt sind; iii) Kreditinstitute, Versicherungsgesellschaften und Makler; iv) Mutter-, Tochter- und verbundene Gesellschaften des f\u00fcr die Verarbeitung Verantwortlichen, die sich auf die Aus\u00fcbung administrativer und buchhalterischer T\u00e4tigkeiten beschr\u00e4nken und\/oder mit der Durchf\u00fchrung von T\u00e4tigkeiten organisatorischer, kommerzieller, administrativer, finanzieller und buchhalterischer Art verbunden sind; Stellen, Einrichtungen oder Beh\u00f6rden, an die Ihre personenbezogenen Daten aufgrund gesetzlicher Bestimmungen oder beh\u00f6rdlicher Anordnungen weitergegeben werden m\u00fcssen; Personen, die vom f\u00fcr die Verarbeitung Verantwortlichen zur Verarbeitung personenbezogener Daten erm\u00e4chtigt wurden, die f\u00fcr die Durchf\u00fchrung von T\u00e4tigkeiten erforderlich sind, die in engem Zusammenhang mit der Erbringung von Dienstleistungen stehen, und die zur Vertraulichkeit verpflichtet sind und Standards anwenden, die mit der DSGVO \u00fcbereinstimmen.<\/p>\n<p><strong>\u00dcBERMITTLUNG PERSONENBEZOGENER DATEN<\/strong><br \/>\nIhre personenbezogenen Daten werden in dem Land verarbeitet, in dem der f\u00fcr die Verarbeitung Verantwortliche seinen Sitz hat, sowie in Italien. Der Klarheit halber weisen wir darauf hin, dass die Schweiz ein Land ist, in dem personenbezogene Daten auch im Rahmen der DSGVO verarbeitet und \u00fcbermittelt werden k\u00f6nnen, da sie gem\u00e4\u00df Artikel 45 der Verordnung (EU) 2016\/679 einen angemessenen Schutz bietet, der dem von den europ\u00e4ischen Vorschriften geforderten Standard entspricht. Die Europ\u00e4ische Kommission hat in ihrer Entscheidung vom 26. Juli 2000 festgestellt, dass die schweizerische Gesetzgebung ein Schutzniveau bietet, das den europ\u00e4ischen Standards entspricht. Gem\u00e4\u00df der Verordnung bleibt dieser Beschluss g\u00fcltig, bis er durch einen Beschluss der Kommission ge\u00e4ndert, ersetzt oder aufgehoben wird. Der f\u00fcr die Datenverarbeitung Verantwortliche stellt au\u00dferdem sicher, dass die Verarbeitung Ihrer personenbezogenen Daten durch die Empf\u00e4nger im Einklang mit der Verordnung erfolgt.<\/p>\n<p><strong>SPEICHERUNG VON PERSONENBEZOGENEN DATEN<\/strong><br \/>\nPersonenbezogene Daten, die zu den in Abschnitt 3.1 genannten Zwecken verarbeitet werden, werden so lange aufbewahrt, wie es die jeweilige Verpflichtung oder Rechtsvorschrift erfordert. Personenbezogene Daten, die zu den in den Abschnitten 3.2, 3.3 und 3.4 genannten Zwecken verarbeitet werden, werden so lange aufbewahrt, wie es f\u00fcr die Erf\u00fcllung der von Ihnen angeforderten Dienstleistungen unbedingt erforderlich ist, um die oben genannten Zwecke zu erreichen. Da die Verarbeitung f\u00fcr die Erbringung von Dienstleistungen erfolgt, bewahrt der f\u00fcr die Verarbeitung Verantwortliche die personenbezogenen Daten in jedem Fall so lange auf, wie es f\u00fcr die Erf\u00fcllung der vertraglichen, verwaltungstechnischen, steuerlichen oder gerichtlichen Anforderungen vorgesehen und zul\u00e4ssig ist.<\/p>\n<p><strong>RECHTE DER BETROFFENEN PERSON<\/strong><br \/>\nSie haben ein Auskunftsrecht, d. h. das Recht, von dem f\u00fcr die Verarbeitung Verantwortlichen eine Best\u00e4tigung dar\u00fcber zu erhalten, ob personenbezogene Daten verarbeitet werden oder nicht, sowie Informationen \u00fcber die Zwecke und Methoden der Verarbeitung, die Empf\u00e4nger der Daten, die Kriterien f\u00fcr die Festlegung der Speicherdauer der Daten, die Herkunft der Daten (sofern sie nicht bei der betroffenen Person erhoben wurden) und das Vorliegen eines automatisierten Entscheidungsprozesses. das Recht, eine Kopie der verarbeiteten personenbezogenen Daten zu erhalten; das Recht auf Berichtigung und Vervollst\u00e4ndigung unvollst\u00e4ndiger personenbezogener Daten, auch durch Abgabe einer erg\u00e4nzenden Erkl\u00e4rung; das Recht auf L\u00f6schung der Daten (dieses Recht kann eingeschr\u00e4nkt werden, wenn die Verarbeitung zur Begr\u00fcndung, Aus\u00fcbung oder Verteidigung eines Rechtsanspruchs erforderlich ist); das Recht auf Einschr\u00e4nkung der Verarbeitung durch den f\u00fcr die Verarbeitung Verantwortlichen; das Recht auf Widerruf der Einwilligung in F\u00e4llen, in denen die Einwilligung bereits erteilt wurde, ohne dass die Rechtm\u00e4\u00dfigkeit der Verarbeitung aufgrund der vor dem Widerruf erteilten Einwilligung ber\u00fchrt wird; das Recht, aus berechtigten Gr\u00fcnden Widerspruch gegen die Verarbeitung der eigenen personenbezogenen Daten einzulegen, auch im Falle der Verarbeitung f\u00fcr Zwecke der Direktwerbung; das Recht auf Daten\u00fcbertragbarkeit; das Recht, Widerspruch gegen automatisierte Entscheidungsfindungen in Bezug auf nat\u00fcrliche Personen, einschlie\u00dflich Profiling, einzulegen; das Recht, eine Beschwerde bei der Aufsichtsbeh\u00f6rde einzureichen. Diese Rechte k\u00f6nnen durch eine E-Mail an die von dem f\u00fcr die Verarbeitung Verantwortlichen angegebene Adresse ausge\u00fcbt werden.<br \/>\nSollte Ihre Anfrage unbegr\u00fcndet oder unverh\u00e4ltnism\u00e4\u00dfig sein, beh\u00e4lt sich der f\u00fcr die Verarbeitung Verantwortliche das Recht vor, eine Geb\u00fchr zu erheben und Ihrer Anfrage nicht nachzukommen.<\/p>\n<p><strong>VORLIEGEN EINES AUTOMATISIERTEN ENTSCHEIDUNGSPROZESSES<\/strong><br \/>\nEs gibt keinen automatisierten Entscheidungsprozess f\u00fcr die Erstellung von Kundenprofilen.<\/p>\n<p><strong>VERTRETER DES F\u00dcR DIE VERARBEITUNG VERANTWORTLICHEN<\/strong><br \/>\nUm einen Ansprechpartner f\u00fcr alle Fragen im Zusammenhang mit der Verarbeitung zu haben, hat der f\u00fcr die Verarbeitung Verantwortliche einen in der EU ans\u00e4ssigen Vertreter gem\u00e4\u00df Artikel 27 der Verordnung (EU) 2016\/679 ernannt, der in der Rechtsabteilung t\u00e4tig ist und unter der E-Mail-Adresse <a href=\"mailto:info@gialdi.ch\">info@gialdi.ch<\/a> erreichbar ist.<\/p>\n<p><strong>\u00c4NDERUNGEN<\/strong><br \/>\nDer Eigent\u00fcmer beh\u00e4lt sich das Recht vor, den Inhalt dieser Datenschutzrichtlinie ganz oder teilweise zu \u00e4ndern oder einfach zu aktualisieren, auch aufgrund von \u00c4nderungen der geltenden Gesetzgebung. Der Eigent\u00fcmer wird Sie \u00fcber diese \u00c4nderungen informieren, und sie werden verbindlich, sobald sie auf der Website ver\u00f6ffentlicht werden. Der f\u00fcr die Verarbeitung Verantwortliche fordert Sie daher auf, diesen Abschnitt regelm\u00e4\u00dfig zu besuchen, um die neueste und aktualisierte Version der Datenschutzrichtlinie zur Kenntnis zu nehmen, damit Sie stets \u00fcber die erhobenen Daten und deren Verwendung durch den f\u00fcr die Verarbeitung Verantwortlichen informiert sind.<\/p>\n<p><strong>KONTAKTE<\/strong><br \/>\nZur Aus\u00fcbung der oben genannten Rechte oder f\u00fcr andere Anfragen senden Sie bitte eine <a href=\"mailto:info@gialdi.ch\">info@gialdi.ch<\/a>.<\/p>\n\t\t\t\t<\/div>\n\t\t\t<\/div>\n\t\t\t\t\t<div class=\"row\">\n\t\t\t\t\t\t\t<div class=\"col-12 col-md-5 col-xl-4 twocols offset-md-1 offset-xl-2\">\n\t\t\t\t\t\t\t\t\t<\/div>\n\t\t\t\t\t\t\t\t\t\t\t<div class=\"col-12 col-md-5 col-xl-4 twocols\">\n\t\t\t\t\t\t\t\t\t<\/div>\n\t\t\t\t\t\t\t\t\t\t<\/div>\n\t\t\t\t<\/div>\n\t<\/article>\n<\/section>","protected":false},"excerpt":{"rendered":"","protected":false},"author":1,"featured_media":0,"parent":0,"menu_order":0,"comment_status":"closed","ping_status":"closed","template":"","meta":{"_acf_changed":false,"inline_featured_image":false,"footnotes":""},"class_list":["post-797","page","type-page","status-publish","hentry"],"acf":[],"yoast_head":"<!-- This site is optimized with the Yoast SEO plugin v27.2 - https:\/\/yoast.com\/product\/yoast-seo-wordpress\/ -->\n<title>Datenschutzrichtlinie - Gialdi<\/title>\n<meta name=\"robots\" content=\"noindex, nofollow\" \/>\n<meta property=\"og:locale\" content=\"de_DE\" \/>\n<meta property=\"og:type\" content=\"article\" \/>\n<meta property=\"og:title\" content=\"Datenschutzrichtlinie - Gialdi\" \/>\n<meta property=\"og:url\" content=\"https:\/\/www.gialdi.ch\/de\/privacy\/\" \/>\n<meta property=\"og:site_name\" content=\"Gialdi\" \/>\n<meta property=\"article:modified_time\" content=\"2021-11-24T10:34:18+00:00\" \/>\n<meta name=\"twitter:card\" content=\"summary_large_image\" \/>\n<script type=\"application\/ld+json\" class=\"yoast-schema-graph\">{\"@context\":\"https:\/\/schema.org\",\"@graph\":[{\"@type\":\"WebPage\",\"@id\":\"https:\/\/www.gialdi.ch\/de\/privacy\/\",\"url\":\"https:\/\/www.gialdi.ch\/de\/privacy\/\",\"name\":\"Datenschutzrichtlinie - Gialdi\",\"isPartOf\":{\"@id\":\"https:\/\/www.gialdi.ch\/de\/#website\"},\"datePublished\":\"2020-12-16T16:17:43+00:00\",\"dateModified\":\"2021-11-24T10:34:18+00:00\",\"breadcrumb\":{\"@id\":\"https:\/\/www.gialdi.ch\/de\/privacy\/#breadcrumb\"},\"inLanguage\":\"de\",\"potentialAction\":[{\"@type\":\"ReadAction\",\"target\":[\"https:\/\/www.gialdi.ch\/de\/privacy\/\"]}]},{\"@type\":\"BreadcrumbList\",\"@id\":\"https:\/\/www.gialdi.ch\/de\/privacy\/#breadcrumb\",\"itemListElement\":[{\"@type\":\"ListItem\",\"position\":1,\"name\":\"Home\",\"item\":\"https:\/\/www.gialdi.ch\/de\/\"},{\"@type\":\"ListItem\",\"position\":2,\"name\":\"Datenschutzrichtlinie\"}]},{\"@type\":\"WebSite\",\"@id\":\"https:\/\/www.gialdi.ch\/de\/#website\",\"url\":\"https:\/\/www.gialdi.ch\/de\/\",\"name\":\"Gialdi\",\"description\":\"Gialdi Vini\",\"publisher\":{\"@id\":\"https:\/\/www.gialdi.ch\/de\/#organization\"},\"potentialAction\":[{\"@type\":\"SearchAction\",\"target\":{\"@type\":\"EntryPoint\",\"urlTemplate\":\"https:\/\/www.gialdi.ch\/de\/?s={search_term_string}\"},\"query-input\":{\"@type\":\"PropertyValueSpecification\",\"valueRequired\":true,\"valueName\":\"search_term_string\"}}],\"inLanguage\":\"de\"},{\"@type\":\"Organization\",\"@id\":\"https:\/\/www.gialdi.ch\/de\/#organization\",\"name\":\"Gialdi Vini SA\",\"url\":\"https:\/\/www.gialdi.ch\/de\/\",\"logo\":{\"@type\":\"ImageObject\",\"inLanguage\":\"de\",\"@id\":\"https:\/\/www.gialdi.ch\/de\/#\/schema\/logo\/image\/\",\"url\":\"https:\/\/www.gialdi.ch\/wp-content\/uploads\/2020\/12\/logo-gialdi.png\",\"contentUrl\":\"https:\/\/www.gialdi.ch\/wp-content\/uploads\/2020\/12\/logo-gialdi.png\",\"width\":302,\"height\":152,\"caption\":\"Gialdi Vini SA\"},\"image\":{\"@id\":\"https:\/\/www.gialdi.ch\/de\/#\/schema\/logo\/image\/\"}}]}<\/script>\n<!-- \/ Yoast SEO plugin. -->","yoast_head_json":{"title":"Datenschutzrichtlinie - Gialdi","robots":{"index":"noindex","follow":"nofollow"},"og_locale":"de_DE","og_type":"article","og_title":"Datenschutzrichtlinie - Gialdi","og_url":"https:\/\/www.gialdi.ch\/de\/privacy\/","og_site_name":"Gialdi","article_modified_time":"2021-11-24T10:34:18+00:00","twitter_card":"summary_large_image","schema":{"@context":"https:\/\/schema.org","@graph":[{"@type":"WebPage","@id":"https:\/\/www.gialdi.ch\/de\/privacy\/","url":"https:\/\/www.gialdi.ch\/de\/privacy\/","name":"Datenschutzrichtlinie - Gialdi","isPartOf":{"@id":"https:\/\/www.gialdi.ch\/de\/#website"},"datePublished":"2020-12-16T16:17:43+00:00","dateModified":"2021-11-24T10:34:18+00:00","breadcrumb":{"@id":"https:\/\/www.gialdi.ch\/de\/privacy\/#breadcrumb"},"inLanguage":"de","potentialAction":[{"@type":"ReadAction","target":["https:\/\/www.gialdi.ch\/de\/privacy\/"]}]},{"@type":"BreadcrumbList","@id":"https:\/\/www.gialdi.ch\/de\/privacy\/#breadcrumb","itemListElement":[{"@type":"ListItem","position":1,"name":"Home","item":"https:\/\/www.gialdi.ch\/de\/"},{"@type":"ListItem","position":2,"name":"Datenschutzrichtlinie"}]},{"@type":"WebSite","@id":"https:\/\/www.gialdi.ch\/de\/#website","url":"https:\/\/www.gialdi.ch\/de\/","name":"Gialdi","description":"Gialdi Vini","publisher":{"@id":"https:\/\/www.gialdi.ch\/de\/#organization"},"potentialAction":[{"@type":"SearchAction","target":{"@type":"EntryPoint","urlTemplate":"https:\/\/www.gialdi.ch\/de\/?s={search_term_string}"},"query-input":{"@type":"PropertyValueSpecification","valueRequired":true,"valueName":"search_term_string"}}],"inLanguage":"de"},{"@type":"Organization","@id":"https:\/\/www.gialdi.ch\/de\/#organization","name":"Gialdi Vini SA","url":"https:\/\/www.gialdi.ch\/de\/","logo":{"@type":"ImageObject","inLanguage":"de","@id":"https:\/\/www.gialdi.ch\/de\/#\/schema\/logo\/image\/","url":"https:\/\/www.gialdi.ch\/wp-content\/uploads\/2020\/12\/logo-gialdi.png","contentUrl":"https:\/\/www.gialdi.ch\/wp-content\/uploads\/2020\/12\/logo-gialdi.png","width":302,"height":152,"caption":"Gialdi Vini SA"},"image":{"@id":"https:\/\/www.gialdi.ch\/de\/#\/schema\/logo\/image\/"}}]}},"_links":{"self":[{"href":"https:\/\/www.gialdi.ch\/de\/wp-json\/wp\/v2\/pages\/797","targetHints":{"allow":["GET"]}}],"collection":[{"href":"https:\/\/www.gialdi.ch\/de\/wp-json\/wp\/v2\/pages"}],"about":[{"href":"https:\/\/www.gialdi.ch\/de\/wp-json\/wp\/v2\/types\/page"}],"author":[{"embeddable":true,"href":"https:\/\/www.gialdi.ch\/de\/wp-json\/wp\/v2\/users\/1"}],"replies":[{"embeddable":true,"href":"https:\/\/www.gialdi.ch\/de\/wp-json\/wp\/v2\/comments?post=797"}],"version-history":[{"count":0,"href":"https:\/\/www.gialdi.ch\/de\/wp-json\/wp\/v2\/pages\/797\/revisions"}],"wp:attachment":[{"href":"https:\/\/www.gialdi.ch\/de\/wp-json\/wp\/v2\/media?parent=797"}],"curies":[{"name":"wp","href":"https:\/\/api.w.org\/{rel}","templated":true}]}}