{"id":794,"date":"2021-04-28T14:17:35","date_gmt":"2021-04-28T12:17:35","guid":{"rendered":"https:\/\/www.gialdi.ch\/il-territorio-viticoltura-ticino\/"},"modified":"2026-03-13T10:25:46","modified_gmt":"2026-03-13T09:25:46","slug":"das-terroir-weinbau-tessin","status":"publish","type":"page","link":"https:\/\/www.gialdi.ch\/de\/das-terroir-weinbau-tessin\/","title":{"rendered":"Gebiet"},"content":{"rendered":"<section class=\"hero-header\" style=\"background-image:url('https:\/\/www.gialdi.ch\/wp-content\/uploads\/2021\/05\/territorioi-testata.jpg');\" data-bkg=\"https:\/\/www.gialdi.ch\/wp-content\/uploads\/2021\/05\/territorioi-testata.jpg\" data-bkg-md=\"https:\/\/www.gialdi.ch\/wp-content\/uploads\/2021\/05\/territorioi-testata.jpg\">  \n\t<div>\n\t\t<div class=\"container\">\n\t\t\t<div class=\"row\">\n\t\t\t\t<div class=\"col-12\">\n\t\t\t\t\t<nav class=\"breadcrumb\"><span><span><a href=\"https:\/\/www.gialdi.ch\/de\/\">Home<\/a><\/span><\/span><\/nav>\t\t\t\t<\/div>\n\t\t\t<\/div>\n\t\t<\/div>\n\t<\/div>\n<\/section>\n\n<section class=\"section-title\">\n\t<article class=\"section-article\">\n\t\t<div class=\"container\">\n\t\t\t<div class=\"row\">\n\t\t\t\t<div class=\"col-12 col-md-10 col-xl-8 mx-auto\">\n\t\t\t\t\t\t\t\t\t\t<h1>Gebiet<\/h1>\n\t\t\t\t\t\t\t\t\t\t\t\t\t\t\t<h2>Das Terroir ist die einzigartige Mischung aus Boden, Klima, Topografie und Rebsorte: eine Kombination von Faktoren, die jedem Wein seine Identit\u00e4t, seinen Charakter und seine Pers\u00f6nlichkeit verleiht.<\/h2>\n\t\t\t\t\t\t\t\t\t\t\t\t\t\t\t<hr style=\"#BD9E55\">\n\t\t\t\t\t\t\t\t\t<\/div>\n\t\t\t<\/div>\n\t\t<\/div>\n\t<\/article>\n<\/section>\n\n<section class=\"mt-40\">\n\t<article class=\"section-article\">\n\t\t<div class=\"container\">\n\t\t\t<div class=\"row\">\n\t\t\t\t<div class=\"col-12 col-md-10 col-xl-8 mx-auto\">\n\t\t\t\t\t<p>Dank seiner privilegierten Lage am S\u00fcdhang der Alpen hat das Tessin besonders gute Bedingungen f\u00fcr den Weinbau. Nicht alle B\u00f6den sind gleich, und genau diese Vielfalt macht das Gebiet so reichhaltig und interessant. Die gut exponierten und sonnigen Lagen erm\u00f6glichen es den Reben, ihr Potenzial voll auszusch\u00f6pfen, w\u00e4hrend die weniger g\u00fcnstigen B\u00f6den \u2013 wie feuchte, kalte oder in den Talsohlen gelegene \u2013 daran erinnern, wie wichtig es ist, das richtige Gleichgewicht zwischen Natur und Bewirtschaftung zu finden.<\/p>\n\t\t\t\t<\/div>\n\t\t\t<\/div>\n\t\t\t\t\t<div class=\"row\">\n\t\t\t\t\t\t\t<div class=\"col-12 col-md-5 col-xl-4 twocols offset-md-1 offset-xl-2\">\n\t\t\t\t\t\t\t\t\t<\/div>\n\t\t\t\t\t\t\t\t\t\t\t<div class=\"col-12 col-md-5 col-xl-4 twocols\">\n\t\t\t\t\t\t\t\t\t<\/div>\n\t\t\t\t\t\t\t\t\t\t<\/div>\n\t\t\t\t<\/div>\n\t<\/article>\n<\/section>\n\n<section class=\"beside-section\" style=\"background-color:#f8f4ed;\">\n\t<div>\n\t\t<div class=\"beside-content order-md-2 animate-scroll\" data-animations=\"animate__animated animate__fadeInUp delay10\">\n\t\t\t\t\t\t\t\t\t<p>Im Sopraceneri beeinflusst die N\u00e4he zu den Alpen das Mikroklima stark. Hier wechseln sich warme Tage mit k\u00fchleren N\u00e4chten ab, was einen idealen Temperaturunterschied schafft, der eine langsamere Reifung der Trauben beg\u00fcnstigt und es erm\u00f6glicht, ihre Frische, aromatische Finesse und Eleganz zu bewahren. Auch die B\u00f6den sagen viel \u00fcber dieses Gebiet aus: Sie sind \u00fcberwiegend granit- und gneisreich, stammen aus der Erosion der alpinen Gesteine und sind oft reich an Mineralien und Schuttmaterial. Diese sandigen und gut drainierten B\u00f6den zwingen die Reben, ihre Wurzeln tief in den Boden zu treiben, was ein ausgewogenes Wachstum f\u00f6rdert und zur Produktion konzentrierter Trauben beitr\u00e4gt, die den Charakter des Gebiets authentisch zum Ausdruck bringen.<\/p>\n<p>Im Sottoceneri hingegen sorgen das mildere Klima und die N\u00e4he zu den grossen Seen f\u00fcr etwas andere Bedingungen. Die Temperaturen und die gr\u00f6ssere klimatische Stabilit\u00e4t f\u00f6rdern eine reichhaltigere Reifung der Trauben und tragen zur Entwicklung von vollmundigen, harmonischen und sehr ausdrucksstarken Weinen bei, die die ganze Pers\u00f6nlichkeit dieses Teils des Kantons widerspiegeln.<\/p>\n\t\t\t\t\t\t\t\t<\/div>\n\t\t\t\t<div class=\"beside-image order-md-1\" style=\"background-image:url(https:\/\/www.gialdi.ch\/wp-content\/uploads\/2021\/05\/territorio-1-main.jpg)\"><\/div>\t\t\n\t\t\t<\/div>\n<\/section>\n\n<section class=\"beside-section mt-0\" style=\"background-color:#f8f4ed;\">\n\t<div>\n\t\t<div class=\"beside-content animate-scroll\" data-animations=\"animate__animated animate__fadeInUp delay10\">\n\t\t\t\t\t\t\t\t\t<p>Die Vielfalt der B\u00f6den spielen eine wichtige Rolle. Das Vorhandensein von Lehm und Kalk, die Verf\u00fcgbarkeit von Mikron\u00e4hrstoffen wie Eisen und Mangan und die Tiefe, in der sich die Wurzeln entwickeln k\u00f6nnen, sind alles Faktoren, die die Qualit\u00e4t der Trauben und damit den Ausdruck des Weins direkt beeinflussen.<\/p>\n<p><strong>Die Vielfalt des Territoriums ist unser gr\u00f6\u00dfter Reichtum.<\/strong><\/p>\n<p>Die Territorialit\u00e4t bildet zusammen mit den klimatischen und morphologischen Besonderheiten der verschiedenen Produktionsgebiete den Kern unserer Philosophie. Diese Werte werden durch eine dynamische und moderne Marktvision erg\u00e4nzt, die es uns erm\u00f6glicht, jede Ernte und jeden produzierten Wein bestm\u00f6glich zur Geltung zu bringen.<\/p>\n\t\t\t\t\t\t\t\t<\/div>\n\t\t\t\t<div class=\"beside-image\" style=\"background-image:url(https:\/\/www.gialdi.ch\/wp-content\/uploads\/2021\/05\/territorio-2-main.jpg)\"><\/div>\t\t\n\t\t\t<\/div>\n<\/section>","protected":false},"excerpt":{"rendered":"","protected":false},"author":1,"featured_media":0,"parent":0,"menu_order":0,"comment_status":"closed","ping_status":"closed","template":"","meta":{"_acf_changed":false,"inline_featured_image":false,"footnotes":""},"class_list":["post-794","page","type-page","status-publish","hentry"],"acf":[],"yoast_head":"<!-- This site is optimized with the Yoast SEO plugin v27.2 - https:\/\/yoast.com\/product\/yoast-seo-wordpress\/ -->\n<title>Gebiet - Vielfalt ist unsere St\u00e4rke - Gialdi<\/title>\n<meta name=\"description\" content=\"Die Regionalit\u00e4t, die klimatischen und morphologischen Besonderheiten der Anbaugebiete sowie die dynamischen Handelsstrategien sind die wichtigsten Werte, auf denen die Philosophie des Weinguts beruht.\" \/>\n<meta name=\"robots\" content=\"index, follow, max-snippet:-1, max-image-preview:large, max-video-preview:-1\" \/>\n<link rel=\"canonical\" href=\"https:\/\/www.gialdi.ch\/de\/das-terroir-weinbau-tessin\/\" \/>\n<meta property=\"og:locale\" content=\"de_DE\" \/>\n<meta property=\"og:type\" content=\"article\" \/>\n<meta property=\"og:title\" content=\"Gebiet - Vielfalt ist unsere St\u00e4rke - Gialdi\" \/>\n<meta property=\"og:description\" content=\"Die Regionalit\u00e4t, die klimatischen und morphologischen Besonderheiten der Anbaugebiete sowie die dynamischen Handelsstrategien sind die wichtigsten Werte, auf denen die Philosophie des Weinguts beruht.\" \/>\n<meta property=\"og:url\" content=\"https:\/\/www.gialdi.ch\/de\/das-terroir-weinbau-tessin\/\" \/>\n<meta property=\"og:site_name\" content=\"Gialdi\" \/>\n<meta property=\"article:modified_time\" content=\"2026-03-13T09:25:46+00:00\" \/>\n<meta name=\"twitter:card\" content=\"summary_large_image\" \/>\n<script type=\"application\/ld+json\" class=\"yoast-schema-graph\">{\"@context\":\"https:\/\/schema.org\",\"@graph\":[{\"@type\":\"WebPage\",\"@id\":\"https:\/\/www.gialdi.ch\/de\/das-terroir-weinbau-tessin\/\",\"url\":\"https:\/\/www.gialdi.ch\/de\/das-terroir-weinbau-tessin\/\",\"name\":\"Gebiet - Vielfalt ist unsere St\u00e4rke - Gialdi\",\"isPartOf\":{\"@id\":\"https:\/\/www.gialdi.ch\/de\/#website\"},\"datePublished\":\"2021-04-28T12:17:35+00:00\",\"dateModified\":\"2026-03-13T09:25:46+00:00\",\"description\":\"Die Regionalit\u00e4t, die klimatischen und morphologischen Besonderheiten der Anbaugebiete sowie die dynamischen Handelsstrategien sind die wichtigsten Werte, auf denen die Philosophie des Weinguts beruht.\",\"breadcrumb\":{\"@id\":\"https:\/\/www.gialdi.ch\/de\/das-terroir-weinbau-tessin\/#breadcrumb\"},\"inLanguage\":\"de\",\"potentialAction\":[{\"@type\":\"ReadAction\",\"target\":[\"https:\/\/www.gialdi.ch\/de\/das-terroir-weinbau-tessin\/\"]}]},{\"@type\":\"BreadcrumbList\",\"@id\":\"https:\/\/www.gialdi.ch\/de\/das-terroir-weinbau-tessin\/#breadcrumb\",\"itemListElement\":[{\"@type\":\"ListItem\",\"position\":1,\"name\":\"Home\",\"item\":\"https:\/\/www.gialdi.ch\/de\/\"},{\"@type\":\"ListItem\",\"position\":2,\"name\":\"Gebiet\"}]},{\"@type\":\"WebSite\",\"@id\":\"https:\/\/www.gialdi.ch\/de\/#website\",\"url\":\"https:\/\/www.gialdi.ch\/de\/\",\"name\":\"Gialdi\",\"description\":\"Gialdi Vini\",\"publisher\":{\"@id\":\"https:\/\/www.gialdi.ch\/de\/#organization\"},\"potentialAction\":[{\"@type\":\"SearchAction\",\"target\":{\"@type\":\"EntryPoint\",\"urlTemplate\":\"https:\/\/www.gialdi.ch\/de\/?s={search_term_string}\"},\"query-input\":{\"@type\":\"PropertyValueSpecification\",\"valueRequired\":true,\"valueName\":\"search_term_string\"}}],\"inLanguage\":\"de\"},{\"@type\":\"Organization\",\"@id\":\"https:\/\/www.gialdi.ch\/de\/#organization\",\"name\":\"Gialdi Vini SA\",\"url\":\"https:\/\/www.gialdi.ch\/de\/\",\"logo\":{\"@type\":\"ImageObject\",\"inLanguage\":\"de\",\"@id\":\"https:\/\/www.gialdi.ch\/de\/#\/schema\/logo\/image\/\",\"url\":\"https:\/\/www.gialdi.ch\/wp-content\/uploads\/2020\/12\/logo-gialdi.png\",\"contentUrl\":\"https:\/\/www.gialdi.ch\/wp-content\/uploads\/2020\/12\/logo-gialdi.png\",\"width\":302,\"height\":152,\"caption\":\"Gialdi Vini SA\"},\"image\":{\"@id\":\"https:\/\/www.gialdi.ch\/de\/#\/schema\/logo\/image\/\"}}]}<\/script>\n<!-- \/ Yoast SEO plugin. -->","yoast_head_json":{"title":"Gebiet - Vielfalt ist unsere St\u00e4rke - Gialdi","description":"Die Regionalit\u00e4t, die klimatischen und morphologischen Besonderheiten der Anbaugebiete sowie die dynamischen Handelsstrategien sind die wichtigsten Werte, auf denen die Philosophie des Weinguts beruht.","robots":{"index":"index","follow":"follow","max-snippet":"max-snippet:-1","max-image-preview":"max-image-preview:large","max-video-preview":"max-video-preview:-1"},"canonical":"https:\/\/www.gialdi.ch\/de\/das-terroir-weinbau-tessin\/","og_locale":"de_DE","og_type":"article","og_title":"Gebiet - Vielfalt ist unsere St\u00e4rke - Gialdi","og_description":"Die Regionalit\u00e4t, die klimatischen und morphologischen Besonderheiten der Anbaugebiete sowie die dynamischen Handelsstrategien sind die wichtigsten Werte, auf denen die Philosophie des Weinguts beruht.","og_url":"https:\/\/www.gialdi.ch\/de\/das-terroir-weinbau-tessin\/","og_site_name":"Gialdi","article_modified_time":"2026-03-13T09:25:46+00:00","twitter_card":"summary_large_image","schema":{"@context":"https:\/\/schema.org","@graph":[{"@type":"WebPage","@id":"https:\/\/www.gialdi.ch\/de\/das-terroir-weinbau-tessin\/","url":"https:\/\/www.gialdi.ch\/de\/das-terroir-weinbau-tessin\/","name":"Gebiet - Vielfalt ist unsere St\u00e4rke - Gialdi","isPartOf":{"@id":"https:\/\/www.gialdi.ch\/de\/#website"},"datePublished":"2021-04-28T12:17:35+00:00","dateModified":"2026-03-13T09:25:46+00:00","description":"Die Regionalit\u00e4t, die klimatischen und morphologischen Besonderheiten der Anbaugebiete sowie die dynamischen Handelsstrategien sind die wichtigsten Werte, auf denen die Philosophie des Weinguts beruht.","breadcrumb":{"@id":"https:\/\/www.gialdi.ch\/de\/das-terroir-weinbau-tessin\/#breadcrumb"},"inLanguage":"de","potentialAction":[{"@type":"ReadAction","target":["https:\/\/www.gialdi.ch\/de\/das-terroir-weinbau-tessin\/"]}]},{"@type":"BreadcrumbList","@id":"https:\/\/www.gialdi.ch\/de\/das-terroir-weinbau-tessin\/#breadcrumb","itemListElement":[{"@type":"ListItem","position":1,"name":"Home","item":"https:\/\/www.gialdi.ch\/de\/"},{"@type":"ListItem","position":2,"name":"Gebiet"}]},{"@type":"WebSite","@id":"https:\/\/www.gialdi.ch\/de\/#website","url":"https:\/\/www.gialdi.ch\/de\/","name":"Gialdi","description":"Gialdi Vini","publisher":{"@id":"https:\/\/www.gialdi.ch\/de\/#organization"},"potentialAction":[{"@type":"SearchAction","target":{"@type":"EntryPoint","urlTemplate":"https:\/\/www.gialdi.ch\/de\/?s={search_term_string}"},"query-input":{"@type":"PropertyValueSpecification","valueRequired":true,"valueName":"search_term_string"}}],"inLanguage":"de"},{"@type":"Organization","@id":"https:\/\/www.gialdi.ch\/de\/#organization","name":"Gialdi Vini SA","url":"https:\/\/www.gialdi.ch\/de\/","logo":{"@type":"ImageObject","inLanguage":"de","@id":"https:\/\/www.gialdi.ch\/de\/#\/schema\/logo\/image\/","url":"https:\/\/www.gialdi.ch\/wp-content\/uploads\/2020\/12\/logo-gialdi.png","contentUrl":"https:\/\/www.gialdi.ch\/wp-content\/uploads\/2020\/12\/logo-gialdi.png","width":302,"height":152,"caption":"Gialdi Vini SA"},"image":{"@id":"https:\/\/www.gialdi.ch\/de\/#\/schema\/logo\/image\/"}}]}},"_links":{"self":[{"href":"https:\/\/www.gialdi.ch\/de\/wp-json\/wp\/v2\/pages\/794","targetHints":{"allow":["GET"]}}],"collection":[{"href":"https:\/\/www.gialdi.ch\/de\/wp-json\/wp\/v2\/pages"}],"about":[{"href":"https:\/\/www.gialdi.ch\/de\/wp-json\/wp\/v2\/types\/page"}],"author":[{"embeddable":true,"href":"https:\/\/www.gialdi.ch\/de\/wp-json\/wp\/v2\/users\/1"}],"replies":[{"embeddable":true,"href":"https:\/\/www.gialdi.ch\/de\/wp-json\/wp\/v2\/comments?post=794"}],"version-history":[{"count":2,"href":"https:\/\/www.gialdi.ch\/de\/wp-json\/wp\/v2\/pages\/794\/revisions"}],"predecessor-version":[{"id":1500,"href":"https:\/\/www.gialdi.ch\/de\/wp-json\/wp\/v2\/pages\/794\/revisions\/1500"}],"wp:attachment":[{"href":"https:\/\/www.gialdi.ch\/de\/wp-json\/wp\/v2\/media?parent=794"}],"curies":[{"name":"wp","href":"https:\/\/api.w.org\/{rel}","templated":true}]}}