{"id":791,"date":"2020-12-16T16:25:57","date_gmt":"2020-12-16T15:25:57","guid":{"rendered":"https:\/\/www.gialdi.ch\/vini\/"},"modified":"2022-06-10T18:08:53","modified_gmt":"2022-06-10T16:08:53","slug":"weine","status":"publish","type":"page","link":"https:\/\/www.gialdi.ch\/de\/weine\/","title":{"rendered":"Weine"},"content":{"rendered":"<section class=\"hero-header\" style=\"background-image:url('https:\/\/www.gialdi.ch\/wp-content\/uploads\/2021\/05\/vini-testata.jpg');\" data-bkg=\"https:\/\/www.gialdi.ch\/wp-content\/uploads\/2021\/05\/vini-testata.jpg\" data-bkg-md=\"https:\/\/www.gialdi.ch\/wp-content\/uploads\/2021\/05\/vini-testata.jpg\">  \n\t<div>\n\t\t<div class=\"container\">\n\t\t\t<div class=\"row\">\n\t\t\t\t<div class=\"col-12\">\n\t\t\t\t\t<nav class=\"breadcrumb\"><span><span><a href=\"https:\/\/www.gialdi.ch\/de\/\">Home<\/a><\/span><\/span><\/nav>\t\t\t\t<\/div>\n\t\t\t<\/div>\n\t\t<\/div>\n\t<\/div>\n<\/section>\n\n<section class=\"section-title\">\n\t<article class=\"section-article\">\n\t\t<div class=\"container\">\n\t\t\t<div class=\"row\">\n\t\t\t\t<div class=\"col-12 col-md-10 col-xl-8 mx-auto\">\n\t\t\t\t\t\t\t\t\t\t<h1>Weine<\/h1>\n\t\t\t\t\t\t\t\t\t\t\t\t\t\t\t<h2>Dank dem Bestreben des Unternehmens, qualitativ hochwertige und mit dem Anbaugebiet verbundene Weine zu produzieren, steht Gialdi Vini an der Spitze der Schweizer Weinproduktion.<\/h2>\n\t\t\t\t\t\t\t\t\t\t\t\t\t\t<\/div>\n\t\t\t<\/div>\n\t\t<\/div>\n\t<\/article>\n<\/section>\n\n<section>\n\t<div class=\"container\">\n\t\t<div class=\"row wine-type-wrapper\">\n\t\t\t\t\t\t\t<div class=\"col-12 col-sm-6\">\n\t\t\t\t<article class=\"wine-type\">\n\t\t\t\t\t\t\t\t\t\t<a href=\"https:\/\/shop.gialdi.ch\/de\/produktkategorie\/rote\/\" target=\"_blank\">\t\t\t\t\t<img decoding=\"async\" src=\"https:\/\/www.gialdi.ch\/wp-content\/uploads\/2020\/12\/wine-type-rossi.png\" alt=\"Vini Rossi - Gialdi Vini\">\n\t\t\t\t\t<\/a>\t\t\t\t\t\t\t\t\t\t\t\t\t\t\t<h4>Rote<\/h4>\n\t\t\t\t\t\t\t\t\t\t\t\t\t\t\t\t\t\t\t\t<a href=\"https:\/\/shop.gialdi.ch\/de\/produktkategorie\/rote\/\" class=\"btn\" target=\"_blank\">Entdecken Sie die Rotweine<\/a>\n\t\t\t\t\t\t\t\t\t<\/article>\n\t\t\t<\/div>\n\t\t\t\t\t\t\t<div class=\"col-12 col-sm-6\">\n\t\t\t\t<article class=\"wine-type\">\n\t\t\t\t\t\t\t\t\t\t<a href=\"https:\/\/shop.gialdi.ch\/de\/produktkategorie\/weissweine\/\" target=\"_blank\">\t\t\t\t\t<img decoding=\"async\" src=\"https:\/\/www.gialdi.ch\/wp-content\/uploads\/2021\/09\/wine-type-bianco.png\" alt=\"Vini Bianchi - Gialdi Vini\">\n\t\t\t\t\t<\/a>\t\t\t\t\t\t\t\t\t\t\t\t\t\t\t<h4>Weisse<\/h4>\n\t\t\t\t\t\t\t\t\t\t\t\t\t\t\t\t\t\t\t\t<a href=\"https:\/\/shop.gialdi.ch\/de\/produktkategorie\/weissweine\/\" class=\"btn\" target=\"_blank\">Entdecken Sie die Wei\u00dfweine<\/a>\n\t\t\t\t\t\t\t\t\t<\/article>\n\t\t\t<\/div>\n\t\t\t\t\t\t\t<div class=\"col-12 col-sm-6\">\n\t\t\t\t<article class=\"wine-type\">\n\t\t\t\t\t\t\t\t\t\t<a href=\"https:\/\/shop.gialdi.ch\/de\/produktkategorie\/roseweine\/\" target=\"_blank\">\t\t\t\t\t<img decoding=\"async\" src=\"https:\/\/www.gialdi.ch\/wp-content\/uploads\/2021\/09\/wine-type-rose.png\" alt=\"Vini Ros\u00e9 - Gialdi Vini\">\n\t\t\t\t\t<\/a>\t\t\t\t\t\t\t\t\t\t\t\t\t\t\t<h4>Ros\u00e9<\/h4>\n\t\t\t\t\t\t\t\t\t\t\t\t\t\t\t\t\t\t\t\t<a href=\"https:\/\/shop.gialdi.ch\/de\/produktkategorie\/roseweine\/\" class=\"btn\" target=\"_blank\">Entdecken Sie die Ros\u00e9weine<\/a>\n\t\t\t\t\t\t\t\t\t<\/article>\n\t\t\t<\/div>\n\t\t\t\t\t\t\t<div class=\"col-12 col-sm-6\">\n\t\t\t\t<article class=\"wine-type\">\n\t\t\t\t\t\t\t\t\t\t<a href=\"https:\/\/shop.gialdi.ch\/de\/produktkategorie\/likoere-und-spirituosen\/\" target=\"_blank\">\t\t\t\t\t<img decoding=\"async\" src=\"https:\/\/www.gialdi.ch\/wp-content\/uploads\/2021\/09\/wine-type-distillati.png\" alt=\"Distillati - Gialdi Vini\">\n\t\t\t\t\t<\/a>\t\t\t\t\t\t\t\t\t\t\t\t\t\t\t<h4>Lik\u00f6re und Spirituosen<\/h4>\n\t\t\t\t\t\t\t\t\t\t\t\t\t\t\t\t\t\t\t\t<a href=\"https:\/\/shop.gialdi.ch\/de\/produktkategorie\/likoere-und-spirituosen\/\" class=\"btn\" target=\"_blank\">Lik\u00f6re und Spirituosen entdecken<\/a>\n\t\t\t\t\t\t\t\t\t<\/article>\n\t\t\t<\/div>\n\t\t\t\t<\/div>\n\t<\/div>\n<\/section>\n","protected":false},"excerpt":{"rendered":"","protected":false},"author":1,"featured_media":0,"parent":0,"menu_order":0,"comment_status":"closed","ping_status":"closed","template":"","meta":{"_acf_changed":false,"inline_featured_image":false,"footnotes":""},"class_list":["post-791","page","type-page","status-publish","hentry"],"acf":[],"yoast_head":"<!-- This site is optimized with the Yoast SEO plugin v27.2 - https:\/\/yoast.com\/product\/yoast-seo-wordpress\/ -->\n<title>Rotweine, Wei\u00dfwein, Ros\u00e9weine, Lik\u00f6re - Gialdi<\/title>\n<meta name=\"description\" content=\"Dank dem Bestreben des Unternehmens, qualitativ hochwertige und mit dem Anbaugebiet verbundene Weine zu produzieren, steht Gialdi Vini an der Spitze der Schweizer Weinproduktion.\" \/>\n<meta name=\"robots\" content=\"index, follow, max-snippet:-1, max-image-preview:large, max-video-preview:-1\" \/>\n<link rel=\"canonical\" href=\"https:\/\/www.gialdi.ch\/de\/weine\/\" \/>\n<meta property=\"og:locale\" content=\"de_DE\" \/>\n<meta property=\"og:type\" content=\"article\" \/>\n<meta property=\"og:title\" content=\"Rotweine, Wei\u00dfwein, Ros\u00e9weine, Lik\u00f6re - Gialdi\" \/>\n<meta property=\"og:description\" content=\"Dank dem Bestreben des Unternehmens, qualitativ hochwertige und mit dem Anbaugebiet verbundene Weine zu produzieren, steht Gialdi Vini an der Spitze der Schweizer Weinproduktion.\" \/>\n<meta property=\"og:url\" content=\"https:\/\/www.gialdi.ch\/de\/weine\/\" \/>\n<meta property=\"og:site_name\" content=\"Gialdi\" \/>\n<meta property=\"article:modified_time\" content=\"2022-06-10T16:08:53+00:00\" \/>\n<meta name=\"twitter:card\" content=\"summary_large_image\" \/>\n<script type=\"application\/ld+json\" class=\"yoast-schema-graph\">{\"@context\":\"https:\/\/schema.org\",\"@graph\":[{\"@type\":\"WebPage\",\"@id\":\"https:\/\/www.gialdi.ch\/de\/weine\/\",\"url\":\"https:\/\/www.gialdi.ch\/de\/weine\/\",\"name\":\"Rotweine, Wei\u00dfwein, Ros\u00e9weine, Lik\u00f6re - Gialdi\",\"isPartOf\":{\"@id\":\"https:\/\/www.gialdi.ch\/de\/#website\"},\"datePublished\":\"2020-12-16T15:25:57+00:00\",\"dateModified\":\"2022-06-10T16:08:53+00:00\",\"description\":\"Dank dem Bestreben des Unternehmens, qualitativ hochwertige und mit dem Anbaugebiet verbundene Weine zu produzieren, steht Gialdi Vini an der Spitze der Schweizer Weinproduktion.\",\"breadcrumb\":{\"@id\":\"https:\/\/www.gialdi.ch\/de\/weine\/#breadcrumb\"},\"inLanguage\":\"de\",\"potentialAction\":[{\"@type\":\"ReadAction\",\"target\":[\"https:\/\/www.gialdi.ch\/de\/weine\/\"]}]},{\"@type\":\"BreadcrumbList\",\"@id\":\"https:\/\/www.gialdi.ch\/de\/weine\/#breadcrumb\",\"itemListElement\":[{\"@type\":\"ListItem\",\"position\":1,\"name\":\"Home\",\"item\":\"https:\/\/www.gialdi.ch\/de\/\"},{\"@type\":\"ListItem\",\"position\":2,\"name\":\"Weine\"}]},{\"@type\":\"WebSite\",\"@id\":\"https:\/\/www.gialdi.ch\/de\/#website\",\"url\":\"https:\/\/www.gialdi.ch\/de\/\",\"name\":\"Gialdi\",\"description\":\"Gialdi Vini\",\"publisher\":{\"@id\":\"https:\/\/www.gialdi.ch\/de\/#organization\"},\"potentialAction\":[{\"@type\":\"SearchAction\",\"target\":{\"@type\":\"EntryPoint\",\"urlTemplate\":\"https:\/\/www.gialdi.ch\/de\/?s={search_term_string}\"},\"query-input\":{\"@type\":\"PropertyValueSpecification\",\"valueRequired\":true,\"valueName\":\"search_term_string\"}}],\"inLanguage\":\"de\"},{\"@type\":\"Organization\",\"@id\":\"https:\/\/www.gialdi.ch\/de\/#organization\",\"name\":\"Gialdi Vini SA\",\"url\":\"https:\/\/www.gialdi.ch\/de\/\",\"logo\":{\"@type\":\"ImageObject\",\"inLanguage\":\"de\",\"@id\":\"https:\/\/www.gialdi.ch\/de\/#\/schema\/logo\/image\/\",\"url\":\"https:\/\/www.gialdi.ch\/wp-content\/uploads\/2020\/12\/logo-gialdi.png\",\"contentUrl\":\"https:\/\/www.gialdi.ch\/wp-content\/uploads\/2020\/12\/logo-gialdi.png\",\"width\":302,\"height\":152,\"caption\":\"Gialdi Vini SA\"},\"image\":{\"@id\":\"https:\/\/www.gialdi.ch\/de\/#\/schema\/logo\/image\/\"}}]}<\/script>\n<!-- \/ Yoast SEO plugin. -->","yoast_head_json":{"title":"Rotweine, Wei\u00dfwein, Ros\u00e9weine, Lik\u00f6re - Gialdi","description":"Dank dem Bestreben des Unternehmens, qualitativ hochwertige und mit dem Anbaugebiet verbundene Weine zu produzieren, steht Gialdi Vini an der Spitze der Schweizer Weinproduktion.","robots":{"index":"index","follow":"follow","max-snippet":"max-snippet:-1","max-image-preview":"max-image-preview:large","max-video-preview":"max-video-preview:-1"},"canonical":"https:\/\/www.gialdi.ch\/de\/weine\/","og_locale":"de_DE","og_type":"article","og_title":"Rotweine, Wei\u00dfwein, Ros\u00e9weine, Lik\u00f6re - Gialdi","og_description":"Dank dem Bestreben des Unternehmens, qualitativ hochwertige und mit dem Anbaugebiet verbundene Weine zu produzieren, steht Gialdi Vini an der Spitze der Schweizer Weinproduktion.","og_url":"https:\/\/www.gialdi.ch\/de\/weine\/","og_site_name":"Gialdi","article_modified_time":"2022-06-10T16:08:53+00:00","twitter_card":"summary_large_image","schema":{"@context":"https:\/\/schema.org","@graph":[{"@type":"WebPage","@id":"https:\/\/www.gialdi.ch\/de\/weine\/","url":"https:\/\/www.gialdi.ch\/de\/weine\/","name":"Rotweine, Wei\u00dfwein, Ros\u00e9weine, Lik\u00f6re - Gialdi","isPartOf":{"@id":"https:\/\/www.gialdi.ch\/de\/#website"},"datePublished":"2020-12-16T15:25:57+00:00","dateModified":"2022-06-10T16:08:53+00:00","description":"Dank dem Bestreben des Unternehmens, qualitativ hochwertige und mit dem Anbaugebiet verbundene Weine zu produzieren, steht Gialdi Vini an der Spitze der Schweizer Weinproduktion.","breadcrumb":{"@id":"https:\/\/www.gialdi.ch\/de\/weine\/#breadcrumb"},"inLanguage":"de","potentialAction":[{"@type":"ReadAction","target":["https:\/\/www.gialdi.ch\/de\/weine\/"]}]},{"@type":"BreadcrumbList","@id":"https:\/\/www.gialdi.ch\/de\/weine\/#breadcrumb","itemListElement":[{"@type":"ListItem","position":1,"name":"Home","item":"https:\/\/www.gialdi.ch\/de\/"},{"@type":"ListItem","position":2,"name":"Weine"}]},{"@type":"WebSite","@id":"https:\/\/www.gialdi.ch\/de\/#website","url":"https:\/\/www.gialdi.ch\/de\/","name":"Gialdi","description":"Gialdi Vini","publisher":{"@id":"https:\/\/www.gialdi.ch\/de\/#organization"},"potentialAction":[{"@type":"SearchAction","target":{"@type":"EntryPoint","urlTemplate":"https:\/\/www.gialdi.ch\/de\/?s={search_term_string}"},"query-input":{"@type":"PropertyValueSpecification","valueRequired":true,"valueName":"search_term_string"}}],"inLanguage":"de"},{"@type":"Organization","@id":"https:\/\/www.gialdi.ch\/de\/#organization","name":"Gialdi Vini SA","url":"https:\/\/www.gialdi.ch\/de\/","logo":{"@type":"ImageObject","inLanguage":"de","@id":"https:\/\/www.gialdi.ch\/de\/#\/schema\/logo\/image\/","url":"https:\/\/www.gialdi.ch\/wp-content\/uploads\/2020\/12\/logo-gialdi.png","contentUrl":"https:\/\/www.gialdi.ch\/wp-content\/uploads\/2020\/12\/logo-gialdi.png","width":302,"height":152,"caption":"Gialdi Vini SA"},"image":{"@id":"https:\/\/www.gialdi.ch\/de\/#\/schema\/logo\/image\/"}}]}},"_links":{"self":[{"href":"https:\/\/www.gialdi.ch\/de\/wp-json\/wp\/v2\/pages\/791","targetHints":{"allow":["GET"]}}],"collection":[{"href":"https:\/\/www.gialdi.ch\/de\/wp-json\/wp\/v2\/pages"}],"about":[{"href":"https:\/\/www.gialdi.ch\/de\/wp-json\/wp\/v2\/types\/page"}],"author":[{"embeddable":true,"href":"https:\/\/www.gialdi.ch\/de\/wp-json\/wp\/v2\/users\/1"}],"replies":[{"embeddable":true,"href":"https:\/\/www.gialdi.ch\/de\/wp-json\/wp\/v2\/comments?post=791"}],"version-history":[{"count":0,"href":"https:\/\/www.gialdi.ch\/de\/wp-json\/wp\/v2\/pages\/791\/revisions"}],"wp:attachment":[{"href":"https:\/\/www.gialdi.ch\/de\/wp-json\/wp\/v2\/media?parent=791"}],"curies":[{"name":"wp","href":"https:\/\/api.w.org\/{rel}","templated":true}]}}